{"id":305786,"date":"2023-11-23T13:24:04","date_gmt":"2023-11-23T10:24:04","guid":{"rendered":"https:\/\/aktion.fi\/villages\/"},"modified":"2024-06-05T12:05:12","modified_gmt":"2024-06-05T12:05:12","slug":"villages","status":"publish","type":"page","link":"https:\/\/aktion.fi\/en\/villages\/","title":{"rendered":"Villages"},"content":{"rendered":"<p>[et_pb_section fb_built=&#8221;1&#8243; fullwidth=&#8221;on&#8221; custom_padding_last_edited=&#8221;on|desktop&#8221; module_id=&#8221;mbantp1&#8243; _builder_version=&#8221;4.22.1&#8243; _module_preset=&#8221;default&#8221; background_color=&#8221;#FFFFFF&#8221; background_image=&#8221;http:\/\/aktion.fi\/wp-content\/uploads\/2023\/09\/Etusivu.jpg&#8221; module_alignment=&#8221;center&#8221; min_height_tablet=&#8221;&#8221; min_height_phone=&#8221;&#8221; min_height_last_edited=&#8221;on|desktop&#8221; custom_padding=&#8221;10%|20%|10%|20%|true|true&#8221; custom_padding_tablet=&#8221;|15%||15%|true|true&#8221; custom_padding_phone=&#8221;|15%||15%|true|true&#8221; saved_tabs=&#8221;all&#8221; global_colors_info=&#8221;{}&#8221;][et_pb_fullwidth_header title=&#8221;The village activities&#8221; title_last_edited=&#8221;off|desktop&#8221; _builder_version=&#8221;4.22.1&#8243; _module_preset=&#8221;default&#8221; title_text_align=&#8221;center&#8221; title_font_size=&#8221;60px&#8221; content_font=&#8221;|300|||||||&#8221; content_font_size=&#8221;20px&#8221; content_line_height=&#8221;1.55em&#8221; background_enable_color=&#8221;off&#8221; background_enable_image=&#8221;off&#8221; module_alignment=&#8221;center&#8221; custom_padding=&#8221;0px||0px||true|false&#8221; title_font_size_tablet=&#8221;50px&#8221; title_font_size_phone=&#8221;40px&#8221; title_font_size_last_edited=&#8221;on|phone&#8221; title_text_shadow_style=&#8221;preset2&#8243; title_text_shadow_horizontal_length=&#8221;0.01em&#8221; title_text_shadow_vertical_length=&#8221;0.03em&#8221; global_colors_info=&#8221;{}&#8221;]<\/p>\n<p style=\"text-align: center;\">Welcome to the village activities at Aktion \u00d6sterbotten. Here you will find current information and helpful advice for village activities. Aktion \u00d6sterbotten is the umbrella organization for the villages in Ostrobothnia. Aktion \u00d6sterbotten is a member of Suomen Kyl\u00e4t ry as well as Svensk Byaservice. <br \/><a href=\"#our-op\"><span class=\"arrow_carrot-down\"><\/span><\/a><\/p>\n<p style=\"text-align: center;\">\n<p>[\/et_pb_fullwidth_header][\/et_pb_section][et_pb_section fb_built=&#8221;1&#8243; module_id=&#8221;our-op&#8221; _builder_version=&#8221;4.22.1&#8243; _module_preset=&#8221;default&#8221; custom_padding=&#8221;70px||70px||true|false&#8221; global_colors_info=&#8221;{}&#8221;][et_pb_row _builder_version=&#8221;4.22.1&#8243; _module_preset=&#8221;default&#8221; custom_padding=&#8221;0px||0px||true|false&#8221; global_colors_info=&#8221;{}&#8221;][et_pb_column type=&#8221;4_4&#8243; _builder_version=&#8221;4.22.1&#8243; _module_preset=&#8221;default&#8221; global_colors_info=&#8221;{}&#8221;][et_pb_text _builder_version=&#8221;4.22.1&#8243; _module_preset=&#8221;default&#8221; custom_margin=&#8221;40px||40px||true|false&#8221; header_2_font_size_tablet=&#8221;22px&#8221; header_2_font_size_phone=&#8221;22px&#8221; header_2_font_size_last_edited=&#8221;on|tablet&#8221; global_colors_info=&#8221;{}&#8221;]<\/p>\n<h2>AKTION \u00d6STERBOTTEN IS THE UMBRELLA ORGANIZATION FOR THE VILLAGES IN OSTROBOTHNIA<\/h2>\n<p>[\/et_pb_text][\/et_pb_column][\/et_pb_row][et_pb_row _builder_version=&#8221;4.22.1&#8243; _module_preset=&#8221;default&#8221; global_colors_info=&#8221;{}&#8221;][et_pb_column type=&#8221;4_4&#8243; _builder_version=&#8221;4.22.1&#8243; _module_preset=&#8221;default&#8221; global_colors_info=&#8221;{}&#8221;][et_pb_text _builder_version=&#8221;4.22.1&#8243; _module_preset=&#8221;default&#8221; global_colors_info=&#8221;{}&#8221;]<\/p>\n<p><span>The residents in rural areas actively participate in the development of their own living environment. The activities are carried out through associations in the villages, either by village associations or associations with other focuses. Ostrobothnia has over 300 villages where villagers actively participate in the development of their own surroundings. The activities are often centered around a village house.<\/span><\/p>\n<p><span>The village activities will play a bigger role in the future regarding societal impact, and therefore, people must be able to agree on who does what and not just consider their own association but strive for cooperation. <\/span><\/p>\n<p>[\/et_pb_text][\/et_pb_column][\/et_pb_row][et_pb_row column_structure=&#8221;1_2,1_2&#8243; make_equal=&#8221;on&#8221; _builder_version=&#8221;4.22.1&#8243; _module_preset=&#8221;default&#8221; custom_padding=&#8221;0px|0px|0px|0px|true|true&#8221; global_colors_info=&#8221;{}&#8221;][et_pb_column type=&#8221;1_2&#8243; module_class=&#8221;feat-box-tp1&#8243; _builder_version=&#8221;4.22.1&#8243; _module_preset=&#8221;default&#8221; background_image=&#8221;http:\/\/aktion.fi\/wp-content\/uploads\/2023\/09\/Aktion-osterbotten.jpg&#8221; custom_padding=&#8221;50px|50px|50px|50px|true|true&#8221; global_colors_info=&#8221;{}&#8221;][\/et_pb_column][et_pb_column type=&#8221;1_2&#8243; module_class=&#8221;feat-box-tp2&#8243; _builder_version=&#8221;4.22.1&#8243; _module_preset=&#8221;default&#8221; background_color=&#8221;#f5f1ed&#8221; custom_padding=&#8221;50px|50px|50px|50px|true|true&#8221; global_colors_info=&#8221;{}&#8221;][et_pb_text _builder_version=&#8221;4.22.1&#8243; _module_preset=&#8221;default&#8221; text_font=&#8221;|300|||||||&#8221; text_line_height=&#8221;1.8em&#8221; global_colors_info=&#8221;{}&#8221;]<\/p>\n<h2>Our villages in Ostrobothnia<\/h2>\n<p>In Ostrobothnia, there are active villages and active villagers. Aktion \u00d6sterbotten aims to highlight active villages and active individuals. Village of the Month is an article series that presents a different Ostrobothnian village each month.<\/p>\n<p>Through this series, we aim to showcase good examples of village development in the region and, at the same time, spread these examples to others.<\/p>\n<p>[\/et_pb_text][et_pb_button button_url=&#8221;https:\/\/aktion.fi\/byar\/osterbottensbyar\/&#8221; button_text=&#8221;Read more&#8221; module_class=&#8221;rmbtnlnk1&#8243; _builder_version=&#8221;4.22.1&#8243; _module_preset=&#8221;default&#8221; custom_button=&#8221;on&#8221; button_text_size=&#8221;16px&#8221; button_bg_color=&#8221;RGBA(255,255,255,0)&#8221; button_border_width=&#8221;0px&#8221; button_icon=&#8221;&#x35;||divi||400&#8243; button_on_hover=&#8221;off&#8221; custom_padding=&#8221;0px|0px|0px|0px|false|false&#8221; locked=&#8221;off&#8221; global_colors_info=&#8221;{}&#8221;][\/et_pb_button][\/et_pb_column][\/et_pb_row][et_pb_row column_structure=&#8221;1_2,1_2&#8243; make_equal=&#8221;on&#8221; module_class=&#8221;rgt-img1&#8243; _builder_version=&#8221;4.22.1&#8243; _module_preset=&#8221;default&#8221; custom_padding=&#8221;0px|0px|0px|0px|true|true&#8221; global_colors_info=&#8221;{}&#8221;][et_pb_column type=&#8221;1_2&#8243; module_class=&#8221;feat-box-tp1&#8243; _builder_version=&#8221;4.22.1&#8243; _module_preset=&#8221;default&#8221; background_color=&#8221;#f5f1ed&#8221; background_enable_image=&#8221;off&#8221; custom_padding=&#8221;50px|50px|50px|50px|true|true&#8221; global_colors_info=&#8221;{}&#8221;][et_pb_text _builder_version=&#8221;4.22.1&#8243; _module_preset=&#8221;default&#8221; text_font=&#8221;|300|||||||&#8221; text_line_height=&#8221;1.8em&#8221; hover_enabled=&#8221;0&#8243; global_colors_info=&#8221;{}&#8221; sticky_enabled=&#8221;0&#8243;]<\/p>\n<h2>Yearly honors<\/h2>\n<p><span>The competitions &#8216;Village of the Year,&#8217; &#8216;Local Actor of the Year,&#8217; &#8216;Face of Rural Areas of the Year,&#8217; and &#8216;Young Local Actor of the Year&#8217; honestly reward villages and individuals for their long-term work for rural areas.<\/span><\/p>\n<p>[\/et_pb_text][et_pb_button button_url=&#8221;https:\/\/aktion.fi\/byar\/aretsby\/&#8221; button_text=&#8221;Read more&#8221; module_class=&#8221;rmbtnlnk1&#8243; _builder_version=&#8221;4.22.1&#8243; _module_preset=&#8221;default&#8221; custom_button=&#8221;on&#8221; button_text_size=&#8221;16px&#8221; button_bg_color=&#8221;RGBA(255,255,255,0)&#8221; button_border_width=&#8221;0px&#8221; button_icon=&#8221;&#x35;||divi||400&#8243; button_on_hover=&#8221;off&#8221; custom_padding=&#8221;0px|0px|0px|0px|false|false&#8221; locked=&#8221;off&#8221; global_colors_info=&#8221;{}&#8221;][\/et_pb_button][\/et_pb_column][et_pb_column type=&#8221;1_2&#8243; module_class=&#8221;feat-box-tp2&#8243; _builder_version=&#8221;4.22.1&#8243; _module_preset=&#8221;default&#8221; background_color=&#8221;#E3DCD5&#8243; background_image=&#8221;http:\/\/aktion.fi\/wp-content\/uploads\/2023\/09\/Liity-jasenneeksi.jpg&#8221; custom_padding=&#8221;50px|50px|50px|50px|true|true&#8221; global_colors_info=&#8221;{}&#8221;][\/et_pb_column][\/et_pb_row][et_pb_row _builder_version=&#8221;4.22.1&#8243; _module_preset=&#8221;default&#8221; global_colors_info=&#8221;{}&#8221;][et_pb_column type=&#8221;4_4&#8243; _builder_version=&#8221;4.22.1&#8243; _module_preset=&#8221;default&#8221; global_colors_info=&#8221;{}&#8221;][\/et_pb_column][\/et_pb_row][et_pb_row column_structure=&#8221;1_3,1_3,1_3&#8243; _builder_version=&#8221;4.22.1&#8243; _module_preset=&#8221;default&#8221; custom_padding=&#8221;0px||0px||true|false&#8221; global_colors_info=&#8221;{}&#8221;][et_pb_column type=&#8221;1_3&#8243; _builder_version=&#8221;4.22.1&#8243; _module_preset=&#8221;default&#8221; global_colors_info=&#8221;{}&#8221;][et_pb_blurb title=&#8221;For inspiration&#8221; image=&#8221;http:\/\/aktion.fi\/wp-content\/uploads\/2023\/09\/Yritykset.jpg&#8221; module_class=&#8221;blbtp1&#8243; _builder_version=&#8221;4.22.1&#8243; _module_preset=&#8221;default&#8221; header_level=&#8221;h3&#8243; header_text_color=&#8221;#0070A8&#8243; body_font=&#8221;|300|||||||&#8221; global_colors_info=&#8221;{}&#8221;]<\/p>\n<p>Business funding for rural areas is provided to start, develop, and invest in business activities. If you have a farm unit, you can receive business support for experiments related to the renewal of operations on your farm.<\/p>\n<p>[\/et_pb_blurb][et_pb_button button_url=&#8221;https:\/\/aktion.fi\/byar\/byainspiration\/&#8221; button_text=&#8221;Read more&#8221; module_class=&#8221;rmbtnlnk1&#8243; _builder_version=&#8221;4.22.1&#8243; _module_preset=&#8221;default&#8221; custom_button=&#8221;on&#8221; button_text_size=&#8221;16px&#8221; button_bg_color=&#8221;RGBA(255,255,255,0)&#8221; button_border_width=&#8221;0px&#8221; button_icon=&#8221;&#x35;||divi||400&#8243; button_on_hover=&#8221;off&#8221; custom_padding=&#8221;0px|0px|0px|0px|false|false&#8221; global_colors_info=&#8221;{}&#8221;][\/et_pb_button][\/et_pb_column][et_pb_column type=&#8221;1_3&#8243; _builder_version=&#8221;4.22.1&#8243; _module_preset=&#8221;default&#8221; global_colors_info=&#8221;{}&#8221;][et_pb_blurb title=&#8221;See Ostrobothnia&#8221; image=&#8221;http:\/\/aktion.fi\/wp-content\/uploads\/2023\/09\/yhteisot.jpg&#8221; module_class=&#8221;blbtp1&#8243; _builder_version=&#8221;4.22.1&#8243; _module_preset=&#8221;default&#8221; header_level=&#8221;h3&#8243; header_text_color=&#8221;#0070A8&#8243; body_font=&#8221;|300|||||||&#8221; locked=&#8221;off&#8221; global_colors_info=&#8221;{}&#8221;]<\/p>\n<p>Lorem ipsum dolor sit amet, consectetur adipiscing elit, sed do eiusmod tempor incididunt ut labore et dolore magna aliqua.<\/p>\n<p>[\/et_pb_blurb][et_pb_button button_url=&#8221;https:\/\/seosterbotten.fi\/&#8221; button_text=&#8221;Read more&#8221; module_class=&#8221;rmbtnlnk1&#8243; _builder_version=&#8221;4.22.1&#8243; _module_preset=&#8221;default&#8221; custom_button=&#8221;on&#8221; button_text_size=&#8221;16px&#8221; button_bg_color=&#8221;RGBA(255,255,255,0)&#8221; button_border_width=&#8221;0px&#8221; button_icon=&#8221;&#x35;||divi||400&#8243; button_on_hover=&#8221;off&#8221; custom_padding=&#8221;0px|0px|0px|0px|false|false&#8221; locked=&#8221;off&#8221; global_colors_info=&#8221;{}&#8221;][\/et_pb_button][\/et_pb_column][et_pb_column type=&#8221;1_3&#8243; _builder_version=&#8221;4.22.1&#8243; _module_preset=&#8221;default&#8221; global_colors_info=&#8221;{}&#8221;][et_pb_blurb title=&#8221;Byabingo&#8221; image=&#8221;http:\/\/aktion.fi\/wp-content\/uploads\/2023\/09\/kylat.jpg&#8221; module_class=&#8221;blbtp1&#8243; _builder_version=&#8221;4.22.1&#8243; _module_preset=&#8221;default&#8221; header_level=&#8221;h3&#8243; header_text_color=&#8221;#0070A8&#8243; body_font=&#8221;|300|||||||&#8221; locked=&#8221;off&#8221; global_colors_info=&#8221;{}&#8221;]<\/p>\n<p>Ostrobothnia has over 300 villages where villagers actively participate in the development of their own surroundings. Aktion \u00d6sterbotten r.f. is the umbrella organization for the villages in Swedish-speaking Ostrobothnia. <\/p>\n<p>[\/et_pb_blurb][et_pb_button button_url=&#8221;https:\/\/seosterbotten.fi\/sv\/byabingo&#8221; button_text=&#8221;Read more&#8221; module_class=&#8221;rmbtnlnk1&#8243; _builder_version=&#8221;4.22.1&#8243; _module_preset=&#8221;default&#8221; custom_button=&#8221;on&#8221; button_text_size=&#8221;16px&#8221; button_bg_color=&#8221;RGBA(255,255,255,0)&#8221; button_border_width=&#8221;0px&#8221; button_icon=&#8221;&#x35;||divi||400&#8243; button_on_hover=&#8221;off&#8221; custom_padding=&#8221;0px|0px|0px|0px|false|false&#8221; locked=&#8221;off&#8221; global_colors_info=&#8221;{}&#8221;][\/et_pb_button][\/et_pb_column][\/et_pb_row][et_pb_row column_structure=&#8221;1_3,1_3,1_3&#8243; _builder_version=&#8221;4.22.1&#8243; _module_preset=&#8221;default&#8221; custom_padding=&#8221;0px||0px||true|false&#8221; locked=&#8221;off&#8221; global_colors_info=&#8221;{}&#8221;][et_pb_column type=&#8221;1_3&#8243; _builder_version=&#8221;4.22.1&#8243; _module_preset=&#8221;default&#8221; global_colors_info=&#8221;{}&#8221;][et_pb_blurb title=&#8221;Suomen Kyl\u00e4t ry&#8221; image=&#8221;http:\/\/aktion.fi\/wp-content\/uploads\/2023\/09\/Yritykset.jpg&#8221; module_class=&#8221;blbtp1&#8243; _builder_version=&#8221;4.22.1&#8243; _module_preset=&#8221;default&#8221; header_level=&#8221;h3&#8243; header_text_color=&#8221;#0070A8&#8243; body_font=&#8221;|300|||||||&#8221; global_colors_info=&#8221;{}&#8221;]<\/p>\n<p>Suomen kyl\u00e4t is a national umbrella organization for village activities in Finland.<\/p>\n<p>Suomen Kyl\u00e4t ry promotes and develops the village movement and other local development at the national level. Suomen kyl\u00e4t has 130 member organizations. Regional village associations, local action groups (LAG, LEADER), and national organizations (e.g., SPEK) are members of Suomen kyl\u00e4t.<\/p>\n<p><a href=\"https:\/\/suomenkylat.fi\/\">On this link <span> <\/span><\/a>to the website of Suomen Kyl\u00e4t, you will find more information.<\/p>\n<p>[\/et_pb_blurb][et_pb_button button_url=&#8221;https:\/\/suomenkylat.fi\/suomen-kylat\/finlands-byar&#8221; button_text=&#8221;Read more&#8221; module_class=&#8221;rmbtnlnk1&#8243; _builder_version=&#8221;4.22.1&#8243; _module_preset=&#8221;default&#8221; custom_button=&#8221;on&#8221; button_text_size=&#8221;16px&#8221; button_bg_color=&#8221;RGBA(255,255,255,0)&#8221; button_border_width=&#8221;0px&#8221; button_icon=&#8221;&#x35;||divi||400&#8243; button_on_hover=&#8221;off&#8221; custom_padding=&#8221;0px|0px|0px|0px|false|false&#8221; hover_enabled=&#8221;0&#8243; global_colors_info=&#8221;{}&#8221; sticky_enabled=&#8221;0&#8243;][\/et_pb_button][\/et_pb_column][et_pb_column type=&#8221;1_3&#8243; _builder_version=&#8221;4.22.1&#8243; _module_preset=&#8221;default&#8221; global_colors_info=&#8221;{}&#8221;][et_pb_blurb title=&#8221;News from the Ostrobothnia Regional Council&#8221; image=&#8221;http:\/\/aktion.fi\/wp-content\/uploads\/2023\/09\/yhteisot.jpg&#8221; module_class=&#8221;blbtp1&#8243; _builder_version=&#8221;4.22.1&#8243; _module_preset=&#8221;default&#8221; header_level=&#8221;h3&#8243; header_text_color=&#8221;#0070A8&#8243; body_font=&#8221;|300|||||||&#8221; locked=&#8221;off&#8221; global_colors_info=&#8221;{}&#8221;]<\/p>\n<p>The Ostrobothnia Regional Council is a joint authority for the Ostrobothnian municipalities. The Ostrobothnia Regional Council is part of the administration at the regional level.<\/p>\n<p>Approximately 30 experts work at the council&#8217;s office.<\/p>\n<p>[\/et_pb_blurb][et_pb_button button_url=&#8221;https:\/\/www.obotnia.fi\/&#8221; button_text=&#8221;Read more&#8221; module_class=&#8221;rmbtnlnk1&#8243; _builder_version=&#8221;4.22.1&#8243; _module_preset=&#8221;default&#8221; custom_button=&#8221;on&#8221; button_text_size=&#8221;16px&#8221; button_bg_color=&#8221;RGBA(255,255,255,0)&#8221; button_border_width=&#8221;0px&#8221; button_icon=&#8221;&#x35;||divi||400&#8243; button_on_hover=&#8221;off&#8221; custom_padding=&#8221;0px|0px|0px|0px|false|false&#8221; hover_enabled=&#8221;0&#8243; locked=&#8221;off&#8221; global_colors_info=&#8221;{}&#8221; sticky_enabled=&#8221;0&#8243;][\/et_pb_button][\/et_pb_column][et_pb_column type=&#8221;1_3&#8243; _builder_version=&#8221;4.22.1&#8243; _module_preset=&#8221;default&#8221; global_colors_info=&#8221;{}&#8221;][et_pb_blurb title=&#8221;Svenskfinlands Byar&#8221; image=&#8221;http:\/\/aktion.fi\/wp-content\/uploads\/2023\/09\/kylat.jpg&#8221; module_class=&#8221;blbtp1&#8243; _builder_version=&#8221;4.22.1&#8243; _module_preset=&#8221;default&#8221; header_level=&#8221;h3&#8243; header_text_color=&#8221;#0070A8&#8243; body_font=&#8221;|300|||||||&#8221; locked=&#8221;off&#8221; global_colors_info=&#8221;{}&#8221;]<\/p>\n<p><span>Svenskfinlands Byar established in 1994, is a collaborative forum for rural development in Swedish-speaking Finland.<\/span><\/p>\n<p><span>Svenskfinlands Byar has close cooperation <\/span> <a href=\"https:\/\/bya.fi\/sv\/natverk\/regionala_byaforeningar\/\">with regional village associations<\/a> <span>and <\/span> <a href=\"https:\/\/bya.fi\/sv\/natverk\/lokala_aktionsgrupper\/\">local action groups.<\/a><span>. We work to support and assist the villages in their activities. Svenskfinlands Byar is not an umbrella organization and does not aim to control the activities. The village decides. Svenskfinlands Byar disseminates information and helps villages learn from each other.<\/span><\/p>\n<p>[\/et_pb_blurb][et_pb_button button_url=&#8221;https:\/\/bya.fi\/sv\/hem\/&#8221; button_text=&#8221;Read more&#8221; module_class=&#8221;rmbtnlnk1&#8243; _builder_version=&#8221;4.22.1&#8243; _module_preset=&#8221;default&#8221; custom_button=&#8221;on&#8221; button_text_size=&#8221;16px&#8221; button_bg_color=&#8221;RGBA(255,255,255,0)&#8221; button_border_width=&#8221;0px&#8221; button_icon=&#8221;&#x35;||divi||400&#8243; button_on_hover=&#8221;off&#8221; custom_padding=&#8221;0px|0px|0px|0px|false|false&#8221; hover_enabled=&#8221;0&#8243; locked=&#8221;off&#8221; global_colors_info=&#8221;{}&#8221; sticky_enabled=&#8221;0&#8243;][\/et_pb_button][\/et_pb_column][\/et_pb_row][\/et_pb_section][et_pb_section fb_built=&#8221;1&#8243; module_id=&#8221;featsectp1&#8243; _builder_version=&#8221;4.22.1&#8243; _module_preset=&#8221;default&#8221; custom_padding=&#8221;20px||80px||false|false&#8221; global_colors_info=&#8221;{}&#8221;][\/et_pb_section][et_pb_section fb_built=&#8221;1&#8243; module_id=&#8221;feat-pst-wrp1&#8243; _builder_version=&#8221;4.22.1&#8243; _module_preset=&#8221;default&#8221; custom_padding=&#8221;10px||30px||false|false&#8221; global_colors_info=&#8221;{}&#8221;][et_pb_row column_structure=&#8221;1_2,1_2&#8243; _builder_version=&#8221;4.22.1&#8243; _module_preset=&#8221;default&#8221; custom_margin=&#8221;0px||0px||true|false&#8221; custom_padding=&#8221;0px||0px||true|false&#8221; global_colors_info=&#8221;{}&#8221;][et_pb_column type=&#8221;1_2&#8243; _builder_version=&#8221;4.22.1&#8243; _module_preset=&#8221;default&#8221; global_colors_info=&#8221;{}&#8221;][et_pb_text _builder_version=&#8221;4.22.1&#8243; _module_preset=&#8221;default&#8221; custom_margin=&#8221;0px||0px||false|false&#8221; custom_padding=&#8221;0px||0px||false|false&#8221; global_colors_info=&#8221;{}&#8221;]<\/p>\n<h2>Recent news<\/h2>\n<p>[\/et_pb_text][\/et_pb_column][et_pb_column type=&#8221;1_2&#8243; _builder_version=&#8221;4.22.1&#8243; _module_preset=&#8221;default&#8221; global_colors_info=&#8221;{}&#8221;][et_pb_button button_url=&#8221;#&#8221; button_text=&#8221;Kaikki artikkelit&#8221; button_alignment=&#8221;right&#8221; module_class=&#8221;rmbtnlnk1&#8243; _builder_version=&#8221;4.22.1&#8243; _module_preset=&#8221;default&#8221; custom_button=&#8221;on&#8221; button_text_size=&#8221;16px&#8221; button_bg_color=&#8221;RGBA(255,255,255,0)&#8221; button_border_width=&#8221;0px&#8221; button_icon=&#8221;&#x35;||divi||400&#8243; button_on_hover=&#8221;off&#8221; custom_padding=&#8221;0px|0px|0px|0px|false|false&#8221; locked=&#8221;off&#8221; global_colors_info=&#8221;{}&#8221;][\/et_pb_button][\/et_pb_column][\/et_pb_row][et_pb_row _builder_version=&#8221;4.22.1&#8243; _module_preset=&#8221;default&#8221; global_colors_info=&#8221;{}&#8221;][et_pb_column type=&#8221;4_4&#8243; _builder_version=&#8221;4.22.1&#8243; _module_preset=&#8221;default&#8221; global_colors_info=&#8221;{}&#8221;][et_pb_blog fullwidth=&#8221;off&#8221; posts_number=&#8221;3&#8243; meta_date=&#8221;j . m . Y&#8221; show_categories=&#8221;off&#8221; show_excerpt=&#8221;off&#8221; show_pagination=&#8221;off&#8221; module_id=&#8221;fet-pst&#8221; _builder_version=&#8221;4.22.1&#8243; _module_preset=&#8221;default&#8221; header_font=&#8221;||||||||&#8221; header_text_color=&#8221;#0070A8&#8243; header_font_size=&#8221;16px&#8221; header_line_height=&#8221;1.5em&#8221; body_font=&#8221;|300|||||||&#8221; meta_font=&#8221;||on||||||&#8221; meta_text_color=&#8221;#333333&#8243; meta_font_size=&#8221;14px&#8221; custom_margin=&#8221;0px||0px||false|false&#8221; custom_padding=&#8221;0px||0px||false|false&#8221; global_colors_info=&#8221;{}&#8221;][\/et_pb_blog][\/et_pb_column][\/et_pb_row][\/et_pb_section]<\/p>\n","protected":false},"excerpt":{"rendered":"<p>Welcome to the village activities at Aktion \u00d6sterbotten. Here you will find current information and helpful advice for village activities. Aktion \u00d6sterbotten is the umbrella organization for the villages in [&hellip;]<\/p>\n","protected":false},"author":3,"featured_media":0,"parent":0,"menu_order":0,"comment_status":"closed","ping_status":"closed","template":"","meta":{"_acf_changed":false,"_et_pb_use_builder":"on","_et_pb_old_content":"","_et_gb_content_width":"","footnotes":""},"class_list":["post-305786","page","type-page","status-publish","hentry"],"acf":[],"_links":{"self":[{"href":"https:\/\/aktion.fi\/en\/wp-json\/wp\/v2\/pages\/305786","targetHints":{"allow":["GET"]}}],"collection":[{"href":"https:\/\/aktion.fi\/en\/wp-json\/wp\/v2\/pages"}],"about":[{"href":"https:\/\/aktion.fi\/en\/wp-json\/wp\/v2\/types\/page"}],"author":[{"embeddable":true,"href":"https:\/\/aktion.fi\/en\/wp-json\/wp\/v2\/users\/3"}],"replies":[{"embeddable":true,"href":"https:\/\/aktion.fi\/en\/wp-json\/wp\/v2\/comments?post=305786"}],"version-history":[{"count":5,"href":"https:\/\/aktion.fi\/en\/wp-json\/wp\/v2\/pages\/305786\/revisions"}],"predecessor-version":[{"id":305791,"href":"https:\/\/aktion.fi\/en\/wp-json\/wp\/v2\/pages\/305786\/revisions\/305791"}],"wp:attachment":[{"href":"https:\/\/aktion.fi\/en\/wp-json\/wp\/v2\/media?parent=305786"}],"curies":[{"name":"wp","href":"https:\/\/api.w.org\/{rel}","templated":true}]}}