{"id":304551,"date":"2023-09-24T12:51:17","date_gmt":"2023-09-24T09:51:17","guid":{"rendered":"http:\/\/aktion.fi\/aktion-osterbotten\/"},"modified":"2024-06-10T12:28:50","modified_gmt":"2024-06-10T12:28:50","slug":"tietoameista","status":"publish","type":"page","link":"https:\/\/aktion.fi\/fi\/tietoameista\/","title":{"rendered":"Tietoa meist\u00e4"},"content":{"rendered":"<p>[et_pb_section fb_built=&#8221;1&#8243; module_id=&#8221;mbantp2&#8243; _builder_version=&#8221;4.22.1&#8243; _module_preset=&#8221;default&#8221; background_color=&#8221;#FFFFFF&#8221; background_image=&#8221;http:\/\/aktion.fi\/wp-content\/uploads\/2024\/06\/IMG_3764-2-scaled.jpeg&#8221; module_alignment=&#8221;center&#8221; custom_padding=&#8221;6%|20%|6%|20%|true|true&#8221; hover_enabled=&#8221;0&#8243; saved_tabs=&#8221;all&#8221; global_colors_info=&#8221;{}&#8221; title_text=&#8221;IMG_3764&#8243; sticky_enabled=&#8221;0&#8243;][et_pb_row module_id=&#8221;brdcrms&#8221; _builder_version=&#8221;4.22.1&#8243; _module_preset=&#8221;default&#8221; global_colors_info=&#8221;{}&#8221;][et_pb_column type=&#8221;4_4&#8243; _builder_version=&#8221;4.22.1&#8243; _module_preset=&#8221;default&#8221; global_colors_info=&#8221;{}&#8221;][et_pb_text _builder_version=&#8221;4.22.1&#8243; _module_preset=&#8221;default&#8221; global_colors_info=&#8221;{}&#8221;]<\/p>\n\t\t\t<!-- Flexy Breadcrumb -->\r\n\t\t\t<div class=\"fbc fbc-page\">\r\n\r\n\t\t\t\t<!-- Breadcrumb wrapper -->\r\n\t\t\t\t<div class=\"fbc-wrap\">\r\n\r\n\t\t\t\t\t<!-- Ordered list-->\r\n\t\t\t\t\t<ol class=\"fbc-items\" itemscope itemtype=\"https:\/\/schema.org\/BreadcrumbList\">\r\n\t\t\t\t\t\t            <li itemprop=\"itemListElement\" itemscope itemtype=\"https:\/\/schema.org\/ListItem\">\r\n                <span itemprop=\"name\">\r\n                    <!-- Home Link -->\r\n                    <a itemprop=\"item\" href=\"https:\/\/aktion.fi\">\r\n                    \r\n                                                    <i class=\"fa fa-home\" aria-hidden=\"true\"><\/i>Home                    <\/a>\r\n                <\/span>\r\n                <meta itemprop=\"position\" content=\"1\" \/><!-- Meta Position-->\r\n             <\/li><li><span class=\"fbc-separator\">\/<\/span><\/li><li class=\"active\" itemprop=\"itemListElement\" itemscope itemtype=\"https:\/\/schema.org\/ListItem\"><span itemprop=\"name\" title=\"Blogi\">Blogi<\/span><meta itemprop=\"position\" content=\"2\" \/><\/li>\t\t\t\t\t<\/ol>\r\n\t\t\t\t\t<div class=\"clearfix\"><\/div>\r\n\t\t\t\t<\/div>\r\n\t\t\t<\/div>\r\n\t\t\t\n<p>[\/et_pb_text][\/et_pb_column][\/et_pb_row][et_pb_row module_id=&#8221;inpghdng&#8221; _builder_version=&#8221;4.22.1&#8243; _module_preset=&#8221;default&#8221; hover_enabled=&#8221;0&#8243; global_colors_info=&#8221;{}&#8221; sticky_enabled=&#8221;0&#8243;][et_pb_column type=&#8221;4_4&#8243; _builder_version=&#8221;4.22.1&#8243; _module_preset=&#8221;default&#8221; global_colors_info=&#8221;{}&#8221;][et_pb_text _builder_version=&#8221;4.22.1&#8243; _module_preset=&#8221;default&#8221; header_text_color=&#8221;#FFFFFF&#8221; header_font_size=&#8221;60px&#8221; header_font_size_tablet=&#8221;50px&#8221; header_font_size_phone=&#8221;40px&#8221; header_font_size_last_edited=&#8221;on|phone&#8221; header_text_shadow_style=&#8221;preset2&#8243; header_text_shadow_horizontal_length=&#8221;0.01em&#8221; header_text_shadow_vertical_length=&#8221;0.03em&#8221; global_colors_info=&#8221;{}&#8221;]<\/p>\n<h1>Aktion \u00d6sterbotten<\/h1>\n<p>[\/et_pb_text][\/et_pb_column][\/et_pb_row][\/et_pb_section][et_pb_section fb_built=&#8221;1&#8243; _builder_version=&#8221;4.22.1&#8243; _module_preset=&#8221;default&#8221; custom_padding=&#8221;80px||||false|false&#8221; global_colors_info=&#8221;{}&#8221;][et_pb_row _builder_version=&#8221;4.22.1&#8243; _module_preset=&#8221;default&#8221; max_width=&#8221;980px&#8221; custom_padding=&#8221;0px||20px||false|false&#8221; border_color_bottom=&#8221;#E3DCD5&#8243; locked=&#8221;off&#8221; global_colors_info=&#8221;{}&#8221;][et_pb_column type=&#8221;4_4&#8243; _builder_version=&#8221;4.22.1&#8243; _module_preset=&#8221;default&#8221; global_colors_info=&#8221;{}&#8221;][et_pb_text module_class=&#8221;intro2&#8243; _builder_version=&#8221;4.22.1&#8243; _module_preset=&#8221;default&#8221; text_font=&#8221;|300|||||||&#8221; hover_enabled=&#8221;0&#8243; global_colors_info=&#8221;{}&#8221; sticky_enabled=&#8221;0&#8243;]<\/p>\n<p>Aktion \u00d6sterbotten r.f. on poliittisesti sitoutumaton etuj\u00e4rjest\u00f6, joka edist\u00e4\u00e4 maaseudun kehityst\u00e4 alueellaan ja tekee yhteisty\u00f6t\u00e4 organisaatioiden ja yhdistysten kanssa, jotka harjoittavat paikallista innovatiivista kehitysty\u00f6t\u00e4. <span>Me Aktion \u00d6sterbottenilla haluamme olla se majakan valo, joka ohjaa asukkaita, yrityksi\u00e4 ja yhdistyksi\u00e4 valoisampaan tulevaisuuteen. <\/span>Maaseudun kehitt\u00e4misen lis\u00e4ksi toimintaamme kuuluu my\u00f6s Kala-Leader ja kyl\u00e4toiminnan kehitt\u00e4minen.<\/p>\n<p>[\/et_pb_text][\/et_pb_column][\/et_pb_row][et_pb_row _builder_version=&#8221;4.22.1&#8243; _module_preset=&#8221;default&#8221; max_width=&#8221;980px&#8221; custom_padding=&#8221;0px||60px||false|false&#8221; border_width_bottom=&#8221;2px&#8221; border_color_bottom=&#8221;#E3DCD5&#8243; locked=&#8221;off&#8221; global_colors_info=&#8221;{}&#8221;][et_pb_column type=&#8221;4_4&#8243; _builder_version=&#8221;4.22.1&#8243; _module_preset=&#8221;default&#8221; global_colors_info=&#8221;{}&#8221;][\/et_pb_column][\/et_pb_row][\/et_pb_section][et_pb_section fb_built=&#8221;1&#8243; module_id=&#8221;our-op&#8221; _builder_version=&#8221;4.22.1&#8243; _module_preset=&#8221;default&#8221; custom_padding=&#8221;48px||90px||false|false&#8221; locked=&#8221;off&#8221; global_colors_info=&#8221;{}&#8221;][et_pb_row column_structure=&#8221;1_2,1_2&#8243; _builder_version=&#8221;4.22.1&#8243; _module_preset=&#8221;default&#8221; custom_margin=&#8221;||50px||false|false&#8221; custom_padding=&#8221;0px||0px||true|false&#8221; global_colors_info=&#8221;{}&#8221;][et_pb_column type=&#8221;1_2&#8243; _builder_version=&#8221;4.22.1&#8243; _module_preset=&#8221;default&#8221; global_colors_info=&#8221;{}&#8221;][et_pb_blurb title=&#8221;Strategia&#8221; image=&#8221;http:\/\/aktion.fi\/wp-content\/uploads\/2024\/06\/kotisivukuvake-2.png&#8221; module_class=&#8221;blbtp1&#8243; _builder_version=&#8221;4.22.1&#8243; _module_preset=&#8221;default&#8221; header_level=&#8221;h3&#8243; header_text_color=&#8221;#0070A8&#8243; header_font_size=&#8221;22px&#8221; body_font=&#8221;|300|||||||&#8221; locked=&#8221;off&#8221; global_colors_info=&#8221;{}&#8221;]<\/p>\n<p>Strategiamme <strong>Meid\u00e4n Pohjanmaamme<\/strong> on meid\u00e4n yhteinen kehitt\u00e4mistavoitteemme luoda paikka, jossa on edellytykset rakentaa hyv\u00e4\u00e4 ja kest\u00e4v\u00e4\u00e4 tulevaisuutta.<\/p>\n<p>[\/et_pb_blurb][et_pb_button button_url=&#8221;https:\/\/aktion.fi\/aktionosterbotten\/strategi\/&#8221; button_text=&#8221;Lue lis\u00e4\u00e4&#8221; module_class=&#8221;rmbtnlnk3&#8243; _builder_version=&#8221;4.22.1&#8243; _module_preset=&#8221;default&#8221; custom_button=&#8221;on&#8221; button_text_size=&#8221;16px&#8221; button_bg_color=&#8221;RGBA(255,255,255,0)&#8221; button_border_width=&#8221;0px&#8221; button_icon=&#8221;&#x35;||divi||400&#8243; button_on_hover=&#8221;off&#8221; custom_padding=&#8221;0px|0px|0px|0px|false|false&#8221; locked=&#8221;off&#8221; global_colors_info=&#8221;{}&#8221;][\/et_pb_button][\/et_pb_column][et_pb_column type=&#8221;1_2&#8243; _builder_version=&#8221;4.22.1&#8243; _module_preset=&#8221;default&#8221; global_colors_info=&#8221;{}&#8221;][et_pb_blurb title=&#8221;Omat projektimme&#8221; image=&#8221;http:\/\/aktion.fi\/wp-content\/uploads\/2023\/10\/Investeringar.jpg&#8221; module_class=&#8221;blbtp1&#8243; _builder_version=&#8221;4.22.1&#8243; _module_preset=&#8221;default&#8221; header_level=&#8221;h3&#8243; header_text_color=&#8221;#0070A8&#8243; header_font_size=&#8221;22px&#8221; body_font=&#8221;|300|||||||&#8221; locked=&#8221;off&#8221; global_colors_info=&#8221;{}&#8221;]<\/p>\n<p><span>Me toteutamme my\u00f6s omia projekteja, jotka tukevat strategiaamme.<\/span><\/p>\n<p>[\/et_pb_blurb][et_pb_button button_url=&#8221;https:\/\/aktion.fi\/aktionosterbotten\/varaprojekt\/&#8221; button_text=&#8221;Lue lis\u00e4\u00e4&#8221; module_class=&#8221;rmbtnlnk3&#8243; _builder_version=&#8221;4.22.1&#8243; _module_preset=&#8221;default&#8221; custom_button=&#8221;on&#8221; button_text_size=&#8221;16px&#8221; button_bg_color=&#8221;RGBA(255,255,255,0)&#8221; button_border_width=&#8221;0px&#8221; button_icon=&#8221;&#x35;||divi||400&#8243; button_on_hover=&#8221;off&#8221; custom_padding=&#8221;0px|0px|0px|0px|false|false&#8221; locked=&#8221;off&#8221; global_colors_info=&#8221;{}&#8221;][\/et_pb_button][\/et_pb_column][\/et_pb_row][et_pb_row column_structure=&#8221;1_3,1_3,1_3&#8243; _builder_version=&#8221;4.22.1&#8243; _module_preset=&#8221;default&#8221; custom_padding=&#8221;0px||0px||true|false&#8221; global_colors_info=&#8221;{}&#8221;][et_pb_column type=&#8221;1_3&#8243; _builder_version=&#8221;4.22.1&#8243; _module_preset=&#8221;default&#8221; global_colors_info=&#8221;{}&#8221;][et_pb_blurb title=&#8221;Yhteystiedot&#8221; image=&#8221;http:\/\/aktion.fi\/wp-content\/uploads\/2023\/10\/Yhteystiedot.jpg&#8221; module_class=&#8221;blbtp1&#8243; _builder_version=&#8221;4.22.1&#8243; _module_preset=&#8221;default&#8221; header_level=&#8221;h3&#8243; header_text_color=&#8221;#0070A8&#8243; body_font=&#8221;|300|||||||&#8221; global_colors_info=&#8221;{}&#8221;]<\/p>\n<p><span>T\u00e4\u00e4lt\u00e4 l\u00f6yd\u00e4t henkil\u00f6st\u00f6mme yhteystiedot. <\/span><span style=\"font-size: 16px;\">\u00c4l\u00e4 ep\u00e4r\u00f6i ottaa meihin yhteytt\u00e4!<\/span><\/p>\n<p>[\/et_pb_blurb][et_pb_button button_url=&#8221;https:\/\/aktion.fi\/aktionosterbotten\/kontaktaoss\/&#8221; button_text=&#8221;Lue lis\u00e4\u00e4&#8221; module_class=&#8221;rmbtnlnk3&#8243; _builder_version=&#8221;4.22.1&#8243; _module_preset=&#8221;default&#8221; custom_button=&#8221;on&#8221; button_text_size=&#8221;16px&#8221; button_bg_color=&#8221;RGBA(255,255,255,0)&#8221; button_border_width=&#8221;0px&#8221; button_icon=&#8221;&#x35;||divi||400&#8243; button_on_hover=&#8221;off&#8221; custom_padding=&#8221;0px|0px|0px|0px|false|false&#8221; global_colors_info=&#8221;{}&#8221;][\/et_pb_button][\/et_pb_column][et_pb_column type=&#8221;1_3&#8243; _builder_version=&#8221;4.22.1&#8243; _module_preset=&#8221;default&#8221; global_colors_info=&#8221;{}&#8221;][et_pb_blurb title=&#8221;Hallitus ja komiteat&#8221; image=&#8221;http:\/\/aktion.fi\/wp-content\/uploads\/2023\/10\/Hallitus-ja-jaostot.jpg&#8221; module_class=&#8221;blbtp1&#8243; _builder_version=&#8221;4.22.1&#8243; _module_preset=&#8221;default&#8221; header_level=&#8221;h3&#8243; header_text_color=&#8221;#0070A8&#8243; body_font=&#8221;|300|||||||&#8221; locked=&#8221;off&#8221; global_colors_info=&#8221;{}&#8221;]<\/p>\n<p><span>Ty\u00f6t\u00e4mme ohjaavat Leader-ryhm\u00e4n hallitus,<\/span> <span>kyl\u00e4toimikunta ja kalaleader-ty\u00f6ryhm\u00e4. <\/span><\/p>\n<p>[\/et_pb_blurb][et_pb_button button_url=&#8221;https:\/\/aktion.fi\/aktionosterbotten\/styrelsen\/&#8221; button_text=&#8221;Lue lis\u00e4\u00e4&#8221; module_class=&#8221;rmbtnlnk3&#8243; _builder_version=&#8221;4.22.1&#8243; _module_preset=&#8221;default&#8221; custom_button=&#8221;on&#8221; button_text_size=&#8221;16px&#8221; button_bg_color=&#8221;RGBA(255,255,255,0)&#8221; button_border_width=&#8221;0px&#8221; button_icon=&#8221;&#x35;||divi||400&#8243; button_on_hover=&#8221;off&#8221; custom_padding=&#8221;0px|0px|0px|0px|false|false&#8221; locked=&#8221;off&#8221; global_colors_info=&#8221;{}&#8221;][\/et_pb_button][\/et_pb_column][et_pb_column type=&#8221;1_3&#8243; _builder_version=&#8221;4.22.1&#8243; _module_preset=&#8221;default&#8221; global_colors_info=&#8221;{}&#8221;][et_pb_blurb title=&#8221;J\u00e4seninfo&#8221; image=&#8221;http:\/\/aktion.fi\/wp-content\/uploads\/2023\/09\/Liity-jasenneeksi.jpg&#8221; module_class=&#8221;blbtp1&#8243; _builder_version=&#8221;4.22.1&#8243; _module_preset=&#8221;default&#8221; header_level=&#8221;h3&#8243; header_text_color=&#8221;#0070A8&#8243; body_font=&#8221;|300|||||||&#8221; hover_enabled=&#8221;0&#8243; locked=&#8221;off&#8221; global_colors_info=&#8221;{}&#8221; sticky_enabled=&#8221;0&#8243;]<\/p>\n<p>Tietoa siit\u00e4, miten voit liitty\u00e4 j\u00e4seneksi ja vuosikokousp\u00e4iv\u00e4m\u00e4\u00e4rist\u00e4.<\/p>\n<p>[\/et_pb_blurb][et_pb_button button_url=&#8221;https:\/\/aktion.fi\/aktionosterbotten\/blimedlem\/&#8221; button_text=&#8221;Lue lis\u00e4\u00e4&#8221; module_class=&#8221;rmbtnlnk3&#8243; _builder_version=&#8221;4.22.1&#8243; _module_preset=&#8221;default&#8221; custom_button=&#8221;on&#8221; button_text_size=&#8221;16px&#8221; button_bg_color=&#8221;RGBA(255,255,255,0)&#8221; button_border_width=&#8221;0px&#8221; button_icon=&#8221;&#x35;||divi||400&#8243; button_on_hover=&#8221;off&#8221; custom_padding=&#8221;0px|0px|0px|0px|false|false&#8221; locked=&#8221;off&#8221; global_colors_info=&#8221;{}&#8221;][\/et_pb_button][\/et_pb_column][\/et_pb_row][\/et_pb_section]<\/p>\n","protected":false},"excerpt":{"rendered":"<p>Aktion \u00d6sterbotten toimii kehityksen moottorina ja yhteisty\u00f6j\u00e4rjest\u00f6n\u00e4 organisaatioille, yhdistyksille ja yrityksille Pohjanmaan 13 kaksikielisess\u00e4 kunnassa sek\u00e4 Kokkolassa Keski-Pohjanmaalla. Aktion \u00d6sterbottenissa on Leader-toiminnan lis\u00e4ksi kyl\u00e4toimintaa sek\u00e4 kalatoimintaryhm\u00e4.<\/p>\n","protected":false},"author":3,"featured_media":0,"parent":0,"menu_order":0,"comment_status":"closed","ping_status":"closed","template":"","meta":{"_acf_changed":false,"_et_pb_use_builder":"on","_et_pb_old_content":"","_et_gb_content_width":"","footnotes":""},"class_list":["post-304551","page","type-page","status-publish","hentry"],"acf":[],"_links":{"self":[{"href":"https:\/\/aktion.fi\/fi\/wp-json\/wp\/v2\/pages\/304551","targetHints":{"allow":["GET"]}}],"collection":[{"href":"https:\/\/aktion.fi\/fi\/wp-json\/wp\/v2\/pages"}],"about":[{"href":"https:\/\/aktion.fi\/fi\/wp-json\/wp\/v2\/types\/page"}],"author":[{"embeddable":true,"href":"https:\/\/aktion.fi\/fi\/wp-json\/wp\/v2\/users\/3"}],"replies":[{"embeddable":true,"href":"https:\/\/aktion.fi\/fi\/wp-json\/wp\/v2\/comments?post=304551"}],"version-history":[{"count":5,"href":"https:\/\/aktion.fi\/fi\/wp-json\/wp\/v2\/pages\/304551\/revisions"}],"predecessor-version":[{"id":308248,"href":"https:\/\/aktion.fi\/fi\/wp-json\/wp\/v2\/pages\/304551\/revisions\/308248"}],"wp:attachment":[{"href":"https:\/\/aktion.fi\/fi\/wp-json\/wp\/v2\/media?parent=304551"}],"curies":[{"name":"wp","href":"https:\/\/api.w.org\/{rel}","templated":true}]}}