{"id":304585,"date":"2023-10-03T05:09:35","date_gmt":"2023-10-03T02:09:35","guid":{"rendered":"http:\/\/aktion.fi\/kalatalous-2\/"},"modified":"2026-01-12T15:47:50","modified_gmt":"2026-01-12T12:47:50","slug":"kalatalous","status":"publish","type":"page","link":"https:\/\/aktion.fi\/fi\/kalatalous\/","title":{"rendered":"Kalatalous"},"content":{"rendered":"<p>[et_pb_section fb_built=&#8221;1&#8243; module_id=&#8221;mbantp2&#8243; _builder_version=&#8221;4.22.1&#8243; _module_preset=&#8221;default&#8221; background_color=&#8221;#FFFFFF&#8221; background_image=&#8221;https:\/\/aktion.fi\/wp-content\/uploads\/2023\/09\/Kalatalous.jpg&#8221; module_alignment=&#8221;center&#8221; custom_padding=&#8221;6%|20%|6%|20%|true|true&#8221; saved_tabs=&#8221;all&#8221; global_colors_info=&#8221;{}&#8221;][et_pb_row module_id=&#8221;brdcrms&#8221; _builder_version=&#8221;4.22.1&#8243; _module_preset=&#8221;default&#8221; global_colors_info=&#8221;{}&#8221;][et_pb_column type=&#8221;4_4&#8243; _builder_version=&#8221;4.22.1&#8243; _module_preset=&#8221;default&#8221; global_colors_info=&#8221;{}&#8221;][et_pb_text _builder_version=&#8221;4.22.1&#8243; _module_preset=&#8221;default&#8221; global_colors_info=&#8221;{}&#8221;]<\/p>\n\t\t\t<!-- Flexy Breadcrumb -->\r\n\t\t\t<div class=\"fbc fbc-page\">\r\n\r\n\t\t\t\t<!-- Breadcrumb wrapper -->\r\n\t\t\t\t<div class=\"fbc-wrap\">\r\n\r\n\t\t\t\t\t<!-- Ordered list-->\r\n\t\t\t\t\t<ol class=\"fbc-items\" itemscope itemtype=\"https:\/\/schema.org\/BreadcrumbList\">\r\n\t\t\t\t\t\t            <li itemprop=\"itemListElement\" itemscope itemtype=\"https:\/\/schema.org\/ListItem\">\r\n                <span itemprop=\"name\">\r\n                    <!-- Home Link -->\r\n                    <a itemprop=\"item\" href=\"https:\/\/aktion.fi\">\r\n                    \r\n                                                    <i class=\"fa fa-home\" aria-hidden=\"true\"><\/i>Home                    <\/a>\r\n                <\/span>\r\n                <meta itemprop=\"position\" content=\"1\" \/><!-- Meta Position-->\r\n             <\/li><li><span class=\"fbc-separator\">\/<\/span><\/li><li class=\"active\" itemprop=\"itemListElement\" itemscope itemtype=\"https:\/\/schema.org\/ListItem\"><span itemprop=\"name\" title=\"Blogi\">Blogi<\/span><meta itemprop=\"position\" content=\"2\" \/><\/li>\t\t\t\t\t<\/ol>\r\n\t\t\t\t\t<div class=\"clearfix\"><\/div>\r\n\t\t\t\t<\/div>\r\n\t\t\t<\/div>\r\n\t\t\t\n<p>[\/et_pb_text][\/et_pb_column][\/et_pb_row][et_pb_row module_id=&#8221;inpghdng&#8221; _builder_version=&#8221;4.22.1&#8243; _module_preset=&#8221;default&#8221; global_colors_info=&#8221;{}&#8221;][et_pb_column type=&#8221;4_4&#8243; _builder_version=&#8221;4.22.1&#8243; _module_preset=&#8221;default&#8221; global_colors_info=&#8221;{}&#8221;][et_pb_text _builder_version=&#8221;4.22.1&#8243; _module_preset=&#8221;default&#8221; header_text_color=&#8221;#FFFFFF&#8221; header_font_size=&#8221;60px&#8221; header_font_size_tablet=&#8221;50px&#8221; header_font_size_phone=&#8221;40px&#8221; header_font_size_last_edited=&#8221;on|phone&#8221; header_text_shadow_style=&#8221;preset2&#8243; header_text_shadow_horizontal_length=&#8221;0.01em&#8221; header_text_shadow_vertical_length=&#8221;0.03em&#8221; global_colors_info=&#8221;{}&#8221;]<\/p>\n<h1>Rannikkotoimintaryhm\u00e4 &#8211; KAG<\/h1>\n<p>[\/et_pb_text][\/et_pb_column][\/et_pb_row][\/et_pb_section][et_pb_section fb_built=&#8221;1&#8243; _builder_version=&#8221;4.22.1&#8243; _module_preset=&#8221;default&#8221; custom_padding=&#8221;0px||0px||false|false&#8221; global_colors_info=&#8221;{}&#8221;][et_pb_row _builder_version=&#8221;4.22.1&#8243; _module_preset=&#8221;default&#8221; max_width=&#8221;980px&#8221; custom_margin=&#8221;||||false|false&#8221; custom_padding=&#8221;70px||0px||false|false&#8221; border_color_bottom=&#8221;#E3DCD5&#8243; global_colors_info=&#8221;{}&#8221;][et_pb_column type=&#8221;4_4&#8243; _builder_version=&#8221;4.22.1&#8243; _module_preset=&#8221;default&#8221; global_colors_info=&#8221;{}&#8221;][et_pb_text module_class=&#8221;intro5&#8243; _builder_version=&#8221;4.22.1&#8243; _module_preset=&#8221;default&#8221; global_colors_info=&#8221;{}&#8221;]<\/p>\n<p>Rannikkotoimintaryhm\u00e4 (KAG) harjoittaa kalaleader-toimintaa Pohjanmaan rannikolla.<\/p>\n<p>[\/et_pb_text][et_pb_text _builder_version=&#8221;4.22.1&#8243; _module_preset=&#8221;default&#8221; text_font=&#8221;|300|||||||&#8221; global_colors_info=&#8221;{}&#8221;]<\/p>\n<p>Pohjanmaan kalatalousjohtajien rannikkoalueiden toimintaryhm\u00e4 (KAG) on yksi Suomen yhteens\u00e4 11:st\u00e4 kalatalousjohtajien alueesta. KAG on osa Aktion \u00d6sterbotten rf:t\u00e4, ja sen toiminta-alue on rannikko Kristiinankaupungista Kokkolaan.<\/p>\n<p>Teht\u00e4v\u00e4mme on kehitt\u00e4\u00e4 kalastusalaa, vesiviljely\u00e4 ja rannikkoyhteis\u00f6j\u00e4 Euroopan meri- ja vesiviljelyrahaston (EMKR), valtion ja alueen kuntien rahoituksella.<\/p>\n<p>Rannikkotoimintaryhm\u00e4 tarjoaa rahoitusta voittoa tavoittelemattomille kehitys- ja investointihankkeille, joilla tuetaan esimerkiksi kalastusta, vesiviljely\u00e4, rannikkokulttuuria ja -verkostoja, kalojen elinymp\u00e4rist\u00f6j\u00e4, teknologista kehityst\u00e4, innovaatioita, tutkimusta ja uutta tiet\u00e4myst\u00e4 alalla. Hankerahoitusta voivat hakea kalastajat, yritt\u00e4j\u00e4t, yhdistykset, kaikenlaiset j\u00e4rjest\u00f6t tai kunnat\/kaupungit.<\/p>\n<p>Voimme my\u00f6nt\u00e4\u00e4 hankerahoitusta hankkeille, jotka edist\u00e4v\u00e4t ja tukevat kalastusalaa <a href=\"https:\/\/aktion.fi\/fi\/kalatalous\/kalaleader-strategia\/\">\u00c4lyk\u00e4s resilienssi elinvoimaisesta merest\u00e4 -strategian mukaisesti. <\/a><\/p>\n<p>[\/et_pb_text][\/et_pb_column][\/et_pb_row][\/et_pb_section][et_pb_section fb_built=&#8221;1&#8243; module_id=&#8221;our-op&#8221; _builder_version=&#8221;4.22.1&#8243; _module_preset=&#8221;default&#8221; custom_padding=&#8221;70px||70px||true|false&#8221; global_colors_info=&#8221;{}&#8221;][et_pb_row column_structure=&#8221;1_2,1_2&#8243; _builder_version=&#8221;4.22.1&#8243; _module_preset=&#8221;default&#8221; custom_padding=&#8221;0px||0px||true|false&#8221; global_colors_info=&#8221;{}&#8221;][et_pb_column type=&#8221;1_2&#8243; _builder_version=&#8221;4.22.1&#8243; _module_preset=&#8221;default&#8221; global_colors_info=&#8221;{}&#8221;][et_pb_blurb title=&#8221;Rahoitus&#8221; url=&#8221;https:\/\/aktion.fi\/kag\/finansiering\/&#8221; image=&#8221;https:\/\/aktion.fi\/wp-content\/uploads\/2023\/10\/Materiaalit_kalaleader.jpg&#8221; module_class=&#8221;blbtp1&#8243; _builder_version=&#8221;4.27.4&#8243; _module_preset=&#8221;default&#8221; header_level=&#8221;h3&#8243; header_text_color=&#8221;#0070A8&#8243; body_font=&#8221;|300|||||||&#8221; global_colors_info=&#8221;{}&#8221;][\/et_pb_blurb][\/et_pb_column][et_pb_column type=&#8221;1_2&#8243; _builder_version=&#8221;4.22.1&#8243; _module_preset=&#8221;default&#8221; global_colors_info=&#8221;{}&#8221;][et_pb_blurb title=&#8221;Verkosto&#8221; url=&#8221;https:\/\/aktion.fi\/fi\/kalatalous\/verkosto\/&#8221; image=&#8221;https:\/\/aktion.fi\/wp-content\/uploads\/2023\/10\/valintakriteerit_kalaleader.jpg&#8221; module_class=&#8221;blbtp1&#8243; _builder_version=&#8221;4.27.4&#8243; _module_preset=&#8221;default&#8221; header_level=&#8221;h3&#8243; header_text_color=&#8221;#0070A8&#8243; body_font=&#8221;|300|||||||&#8221; link_option_url=&#8221;https:\/\/aktion.fi\/fi\/kalatalous\/verkosto\/&#8221; locked=&#8221;off&#8221; global_colors_info=&#8221;{}&#8221;][\/et_pb_blurb][\/et_pb_column][\/et_pb_row][et_pb_row _builder_version=&#8221;4.27.4&#8243; _module_preset=&#8221;default&#8221; global_colors_info=&#8221;{}&#8221;][et_pb_column type=&#8221;4_4&#8243; _builder_version=&#8221;4.27.4&#8243; _module_preset=&#8221;default&#8221; global_colors_info=&#8221;{}&#8221;][\/et_pb_column][\/et_pb_row][\/et_pb_section][et_pb_section fb_built=&#8221;1&#8243; _builder_version=&#8221;4.22.1&#8243; _module_preset=&#8221;default&#8221; custom_padding=&#8221;0px||||false|false&#8221; global_colors_info=&#8221;{}&#8221;][\/et_pb_section][et_pb_section fb_built=&#8221;1&#8243; _builder_version=&#8221;4.22.1&#8243; _module_preset=&#8221;default&#8221; custom_padding=&#8221;0px||0px||true|false&#8221; global_colors_info=&#8221;{}&#8221;][et_pb_row _builder_version=&#8221;4.22.1&#8243; _module_preset=&#8221;default&#8221; custom_padding=&#8221;80px||80px||true|false&#8221; border_width_top=&#8221;2px&#8221; border_color_top=&#8221;#E3DCD5&#8243; global_colors_info=&#8221;{}&#8221;][et_pb_column type=&#8221;4_4&#8243; _builder_version=&#8221;4.22.1&#8243; _module_preset=&#8221;default&#8221; global_colors_info=&#8221;{}&#8221;][et_pb_text _builder_version=&#8221;4.22.1&#8243; _module_preset=&#8221;default&#8221; global_colors_info=&#8221;{}&#8221;]<\/p>\n<h2 style=\"text-align: center;\">Ota yhteytt\u00e4<\/h2>\n<p>[\/et_pb_text][\/et_pb_column][\/et_pb_row][et_pb_row column_structure=&#8221;1_3,1_3,1_3&#8243; _builder_version=&#8221;4.22.1&#8243; _module_preset=&#8221;default&#8221; custom_padding=&#8221;0px||100px||false|false&#8221; global_colors_info=&#8221;{}&#8221;][et_pb_column type=&#8221;1_3&#8243; _builder_version=&#8221;4.22.1&#8243; _module_preset=&#8221;default&#8221; global_colors_info=&#8221;{}&#8221;][\/et_pb_column][et_pb_column type=&#8221;1_3&#8243; _builder_version=&#8221;4.22.1&#8243; _module_preset=&#8221;default&#8221; global_colors_info=&#8221;{}&#8221;][et_pb_team_member name=&#8221;Jonas Harald&#8221; position=&#8221;Kala-leader neuvoja&#8221; image_url=&#8221;https:\/\/aktion.fi\/wp-content\/uploads\/2024\/05\/5.png&#8221; _builder_version=&#8221;4.22.1&#8243; _module_preset=&#8221;default&#8221; body_text_color=&#8221;#0070A8&#8243; text_orientation=&#8221;center&#8221; locked=&#8221;off&#8221; global_colors_info=&#8221;{}&#8221;]<\/p>\n<p>050 433 4683<\/p>\n<p>jonas.harald@aktion.fi<\/p>\n<p>[\/et_pb_team_member][\/et_pb_column][et_pb_column type=&#8221;1_3&#8243; _builder_version=&#8221;4.22.1&#8243; _module_preset=&#8221;default&#8221; global_colors_info=&#8221;{}&#8221;][\/et_pb_column][\/et_pb_row][\/et_pb_section][et_pb_section fb_built=&#8221;1&#8243; module_id=&#8221;our-op&#8221; _builder_version=&#8221;4.22.1&#8243; _module_preset=&#8221;default&#8221; custom_padding=&#8221;70px||70px||true|false&#8221; global_colors_info=&#8221;{}&#8221;][et_pb_row column_structure=&#8221;1_3,1_3,1_3&#8243; _builder_version=&#8221;4.27.4&#8243; _module_preset=&#8221;default&#8221; global_colors_info=&#8221;{}&#8221;][et_pb_column type=&#8221;1_3&#8243; _builder_version=&#8221;4.27.4&#8243; _module_preset=&#8221;default&#8221; global_colors_info=&#8221;{}&#8221;][et_pb_blurb title=&#8221;Cool Blue&#8221; url=&#8221;https:\/\/aktion.fi\/fi\/cool-blue\/&#8221; image=&#8221;https:\/\/aktion.fi\/wp-content\/uploads\/2023\/10\/Vuoden-kyla-nimitykset.jpg&#8221; module_class=&#8221;blbtp1&#8243; _builder_version=&#8221;4.27.5&#8243; _module_preset=&#8221;default&#8221; header_level=&#8221;h3&#8243; header_text_color=&#8221;#0070A8&#8243; body_font=&#8221;|300|||||||&#8221; link_option_url=&#8221;https:\/\/aktion.fi\/fi\/cool-blue\/&#8221; global_colors_info=&#8221;{}&#8221;]<\/p>\n<p> Vi fokuserar p\u00e5 att odla musslor, t\u00e5ng och ostron p\u00e5 ett h\u00e5llbart s\u00e4tt, f\u00f6r att s\u00e4kerst\u00e4lla b\u00e5de milj\u00f6ns h\u00e4lsa och ekonomiskt v\u00e4lst\u00e5nd f\u00f6r kustsamh\u00e4llen. Genom samarbete med lokalbefolkning, forskare och beslutsfattare str\u00e4var vi efter en framtid d\u00e4r haven frodas sida vid sida med m\u00e4nsklig aktivitet. F\u00f6lj med oss i v\u00e5rt uppdrag att fr\u00e4mja h\u00e5llbara metoder, \u00f6ka medvetenheten och skapa en svalare och bl\u00e5are framtid f\u00f6r kommande generationer.  <\/p>\n<p>&nbsp;<\/p>\n<p>&nbsp;<\/p>\n<p>[\/et_pb_blurb][\/et_pb_column][et_pb_column type=&#8221;1_3&#8243; _builder_version=&#8221;4.27.4&#8243; _module_preset=&#8221;default&#8221; global_colors_info=&#8221;{}&#8221;][et_pb_blurb title=&#8221;Blue Products 3.0&#8243; url=&#8221;https:\/\/aktion.fi\/fi\/blue-products-3-0\/&#8221; image=&#8221;https:\/\/aktion.fi\/wp-content\/uploads\/2025\/03\/kotisivukuvake-10.png&#8221; module_class=&#8221;blbtp1&#8243; _builder_version=&#8221;4.27.4&#8243; _module_preset=&#8221;default&#8221; header_level=&#8221;h3&#8243; header_text_color=&#8221;#0070A8&#8243; body_font=&#8221;|300|||||||&#8221; link_option_url=&#8221;https:\/\/aktion.fi\/fi\/blue-products-3-0\/&#8221; global_colors_info=&#8221;{}&#8221;]<\/p>\n<p>Blue Products 3.0 -innovaatio-ohjelma pyrkii hy\u00f6dynt\u00e4m\u00e4\u00e4n koko kalan potentiaalin kehitt\u00e4m\u00e4ll\u00e4 uusia prosesseja ja tuotteita silakasta, v\u00e4hempiarvoisista kaloista ja jalostuksen sivuvirroista. Tavoitteena on luoda korkea-arvoisempia tuotteita, parantaa alan kannattavuutta ja edist\u00e4\u00e4 kotimaisen kalan k\u00e4ytt\u00f6\u00e4. Ohjelma rakentuu aiempien tutkimustulosten pohjalle ja keskittyy kalan laadun, tuotekehityksen, kaupallistamisen ja yhteisty\u00f6verkostojen vahvistamiseen.  <\/p>\n<p>[\/et_pb_blurb][\/et_pb_column][et_pb_column type=&#8221;1_3&#8243; _builder_version=&#8221;4.27.4&#8243; _module_preset=&#8221;default&#8221; global_colors_info=&#8221;{}&#8221;][et_pb_blurb title=&#8221;Kalasta viisaasti fermentoimalla&#8221; url=&#8221;https:\/\/aktion.fi\/kalasta-viisaasti-fermentoimalla\/&#8221; image=&#8221;https:\/\/aktion.fi\/wp-content\/uploads\/2025\/03\/kotisivukuvake-10.png&#8221; module_class=&#8221;blbtp1&#8243; _builder_version=&#8221;4.27.5&#8243; _module_preset=&#8221;default&#8221; header_level=&#8221;h3&#8243; header_text_color=&#8221;#0070A8&#8243; body_font=&#8221;|300|||||||&#8221; link_option_url=&#8221;https:\/\/aktion.fi\/kalasta-viisaasti-fermentoimalla\/&#8221; hover_enabled=&#8221;0&#8243; global_colors_info=&#8221;{}&#8221; sticky_enabled=&#8221;0&#8243;]<\/p>\n<p>T\u00e4ss\u00e4 hankkeessa p\u00e4\u00e4tavoitteena on lis\u00e4t\u00e4 kotimaisten, my\u00f6s vajaasti hy\u00f6dynnettyjen, kalalajien elintarvikek\u00e4ytt\u00f6\u00e4, luoda uusia k\u00e4ytt\u00f6mahdollisuuksia kalojen perkuun sivuvirroille, ja tuoda tietoa uusista kest\u00e4vist\u00e4 teknologisista ratkaisuista kalatalouden yrityksille. T\u00e4m\u00e4 toteutetaan kehitt\u00e4m\u00e4ll\u00e4 vajaasti hy\u00f6dynnetyist\u00e4 kaloista sek\u00e4 kalasivuvirroista bioprosessointiteknologialla kest\u00e4v\u00e4sti tuotettuja uudenlaisia ruokatuotteita sek\u00e4 ainesosia k\u00e4ytett\u00e4v\u00e4ksi elintarvikkeissa tai ravintolisiss\u00e4. Hanke toteutetaan Luonnonvarakeskuksen, Turun yliopiston ja Aktion \u00d6sterbotten r.y.:n yhteisty\u00f6n\u00e4.<\/p>\n<p>[\/et_pb_blurb][\/et_pb_column][\/et_pb_row][et_pb_row column_structure=&#8221;1_3,1_3,1_3&#8243; _builder_version=&#8221;4.27.4&#8243; _module_preset=&#8221;default&#8221; global_colors_info=&#8221;{}&#8221;][et_pb_column type=&#8221;1_3&#8243; _builder_version=&#8221;4.27.4&#8243; _module_preset=&#8221;default&#8221; global_colors_info=&#8221;{}&#8221;][et_pb_blurb title=&#8221;Laatukalaa pakkasesta ja PFAS haltuun&#8221; url=&#8221;https:\/\/aktion.fi\/fi\/laatukalaa-pakkasesta-ja-pfas-haltuun\/&#8221; image=&#8221;https:\/\/aktion.fi\/wp-content\/uploads\/2023\/10\/mita-tuetaan.jpg&#8221; module_class=&#8221;blbtp1&#8243; _builder_version=&#8221;4.27.4&#8243; _module_preset=&#8221;default&#8221; header_level=&#8221;h3&#8243; header_text_color=&#8221;#0070A8&#8243; body_font=&#8221;|300|||||||&#8221; link_option_url=&#8221;https:\/\/aktion.fi\/fi\/laatukalaa-pakkasesta-ja-pfas-haltuun\/&#8221; global_colors_info=&#8221;{}&#8221;]<\/p>\n<article class=\"w-full text-token-text-primary\" dir=\"auto\" data-testid=\"conversation-turn-6\" data-scroll-anchor=\"false\">\n<div class=\"text-base my-auto mx-auto py-5 px-6\">\n<div class=\"mx-auto flex flex-1 text-base gap-4 md:gap-5 lg:gap-6 md:max-w-3xl group\/turn-messages focus-visible:outline-none\" tabindex=\"-1\">\n<div class=\"group\/conversation-turn relative flex w-full min-w-0 flex-col agent-turn @xs\/thread:px-0 @sm\/thread:px-1.5 @md\/thread:px-4\">\n<div class=\"relative flex-col gap-1 md:gap-3\">\n<div class=\"flex max-w-full flex-col flex-grow\">\n<div data-message-author-role=\"assistant\" data-message-id=\"6313a40d-33ec-4e75-9806-11b9fd3fa163\" dir=\"auto\" class=\"min-h-8 text-message relative flex w-full flex-col items-end gap-2 whitespace-normal break-words text-start [.text-message+&amp;]:mt-5\" data-message-model-slug=\"gpt-4o\">\n<div class=\"flex w-full flex-col gap-1 empty:hidden first:pt-[3px]\">\n<div class=\"markdown prose w-full break-words dark:prose-invert light\">\n<p data-start=\"0\" data-end=\"434\" class=\"\">Suomalaisille kuluttajille kalan tuoreus on laadun tae, mutta luonnonkalan pitk\u00e4 logistinen ketju vaikeuttaa tuoreen kalan saatavuutta v\u00e4hitt\u00e4iskaupoissa. T\u00e4m\u00e4 hanke tutkii pakastuksen mahdollisuuksia kotimaisen kalan tarjonnan parantamiseksi sek\u00e4 kehitt\u00e4\u00e4 keinoja PFAS-yhdisteiden poistamiseksi kaloista. Tavoitteena on edist\u00e4\u00e4 kotimaisen kalan k\u00e4ytt\u00f6\u00e4 ja varmistaa sen turvallisuus elintarvikeketjussa.<\/p>\n<p>  <span class=\"overflow-hidden text-clip whitespace-nowrap text-sm\"><\/span><svg xmlns=\"http:\/\/www.w3.org\/2000\/svg\" width=\"24\" height=\"24\" viewbox=\"0 0 24 24\" fill=\"none\" class=\"icon-sm\"><path fill-rule=\"evenodd\" clip-rule=\"evenodd\" d=\"M5.29289 9.29289C5.68342 8.90237 6.31658 8.90237 6.70711 9.29289L12 14.5858L17.2929 9.29289C17.6834 8.90237 18.3166 8.90237 18.7071 9.29289C19.0976 9.68342 19.0976 10.3166 18.7071 10.7071L12.7071 16.7071C12.5196 16.8946 12.2652 17 12 17C11.7348 17 11.4804 16.8946 11.2929 16.7071L5.29289 10.7071C4.90237 10.3166 4.90237 9.68342 5.29289 9.29289Z\" fill=\"currentColor\"><\/path><\/svg><\/p>\n<\/div>\n<\/div>\n<\/div>\n<\/div>\n<\/div>\n<div class=\"absolute\">\n<div class=\"flex items-center justify-center\"><\/div>\n<\/div>\n<\/div>\n<\/div>\n<\/div>\n<\/article>\n<article class=\"w-full text-token-text-primary\" dir=\"auto\" data-testid=\"conversation-turn-7\" data-scroll-anchor=\"false\">\n<h5 class=\"sr-only\"><\/h5>\n<\/article>\n<p>[\/et_pb_blurb][\/et_pb_column][et_pb_column type=&#8221;1_3&#8243; _builder_version=&#8221;4.27.4&#8243; _module_preset=&#8221;default&#8221; global_colors_info=&#8221;{}&#8221;][et_pb_blurb title=&#8221;NORDSKILLS&#8221; url=&#8221;https:\/\/aktion.fi\/fi\/nordskills\/&#8221; image=&#8221;https:\/\/aktion.fi\/wp-content\/uploads\/2023\/09\/Strategia_Aktion-osterbotten.jpg&#8221; module_class=&#8221;blbtp1&#8243; _builder_version=&#8221;4.27.4&#8243; _module_preset=&#8221;default&#8221; header_level=&#8221;h3&#8243; header_text_color=&#8221;#0070A8&#8243; body_font=&#8221;|300|||||||&#8221; link_option_url=&#8221;https:\/\/aktion.fi\/fi\/cool-blue\/&#8221; global_colors_info=&#8221;{}&#8221;]<\/p>\n<p>Nordskills-projektet st\u00e4rker ungas f\u00f6rm\u00e5ga att anpassa sig till klimatf\u00f6r\u00e4ndringar och kriser genom att utveckla sj\u00e4lvf\u00f6rs\u00f6rjningsutbildning i skolor i Finland och Sverige. Den elevcentrerade verksamheten kombinerar praktisk odling, anv\u00e4ndning av naturens resurser och h\u00e5llbar vardag. Projektet fr\u00e4mjar den gr\u00f6na omst\u00e4llningen och FN:s m\u00e5l f\u00f6r h\u00e5llbar utveckling.  <\/p>\n<p>[\/et_pb_blurb][\/et_pb_column][et_pb_column type=&#8221;1_3&#8243; _builder_version=&#8221;4.27.4&#8243; _module_preset=&#8221;default&#8221; global_colors_info=&#8221;{}&#8221;][et_pb_blurb title=&#8221;NORDSKILLS&#8221; url=&#8221;https:\/\/aktion.fi\/fi\/nordskills\/&#8221; image=&#8221;https:\/\/aktion.fi\/wp-content\/uploads\/2023\/09\/Strategia_Aktion-osterbotten.jpg&#8221; module_class=&#8221;blbtp1&#8243; _builder_version=&#8221;4.27.4&#8243; _module_preset=&#8221;default&#8221; header_level=&#8221;h3&#8243; header_text_color=&#8221;#0070A8&#8243; body_font=&#8221;|300|||||||&#8221; link_option_url=&#8221;https:\/\/aktion.fi\/fi\/cool-blue\/&#8221; global_colors_info=&#8221;{}&#8221;]<\/p>\n<p>Nordskills-projektet st\u00e4rker ungas f\u00f6rm\u00e5ga att anpassa sig till klimatf\u00f6r\u00e4ndringar och kriser genom att utveckla sj\u00e4lvf\u00f6rs\u00f6rjningsutbildning i skolor i Finland och Sverige. Den elevcentrerade verksamheten kombinerar praktisk odling, anv\u00e4ndning av naturens resurser och h\u00e5llbar vardag. Projektet fr\u00e4mjar den gr\u00f6na omst\u00e4llningen och FN:s m\u00e5l f\u00f6r h\u00e5llbar utveckling.  <\/p>\n<p>[\/et_pb_blurb][\/et_pb_column][\/et_pb_row][et_pb_row column_structure=&#8221;1_3,1_3,1_3&#8243; _builder_version=&#8221;4.22.1&#8243; _module_preset=&#8221;default&#8221; max_width=&#8221;980px&#8221; module_alignment=&#8221;center&#8221; custom_padding=&#8221;0px||0px||true|false&#8221; locked=&#8221;off&#8221; global_colors_info=&#8221;{}&#8221;][et_pb_column type=&#8221;1_3&#8243; _builder_version=&#8221;4.22.1&#8243; _module_preset=&#8221;default&#8221; global_colors_info=&#8221;{}&#8221;][\/et_pb_column][et_pb_column type=&#8221;1_3&#8243; _builder_version=&#8221;4.22.1&#8243; _module_preset=&#8221;default&#8221; global_colors_info=&#8221;{}&#8221;][\/et_pb_column][et_pb_column type=&#8221;1_3&#8243; _builder_version=&#8221;4.22.1&#8243; _module_preset=&#8221;default&#8221; global_colors_info=&#8221;{}&#8221;][\/et_pb_column][\/et_pb_row][\/et_pb_section]<\/p>\n","protected":false},"excerpt":{"rendered":"<p>\t\t\t<!-- Flexy Breadcrumb -->\r\n\t\t\t<div class=\"fbc fbc-page\">\r\n\r\n\t\t\t\t<!-- Breadcrumb wrapper -->\r\n\t\t\t\t<div class=\"fbc-wrap\">\r\n\r\n\t\t\t\t\t<!-- Ordered list-->\r\n\t\t\t\t\t<ol class=\"fbc-items\" itemscope itemtype=\"https:\/\/schema.org\/BreadcrumbList\">\r\n\t\t\t\t\t\t            <li itemprop=\"itemListElement\" itemscope itemtype=\"https:\/\/schema.org\/ListItem\">\r\n                <span itemprop=\"name\">\r\n                    <!-- Home Link -->\r\n                    <a itemprop=\"item\" href=\"https:\/\/aktion.fi\">\r\n                    \r\n                                                    <i class=\"fa fa-home\" aria-hidden=\"true\"><\/i>Home                    <\/a>\r\n                <\/span>\r\n                <meta itemprop=\"position\" content=\"1\" \/><!-- Meta Position-->\r\n             <\/li><li><span class=\"fbc-separator\">\/<\/span><\/li><li class=\"active\" itemprop=\"itemListElement\" itemscope itemtype=\"https:\/\/schema.org\/ListItem\"><span itemprop=\"name\" title=\"Blogi\">Blogi<\/span><meta itemprop=\"position\" content=\"2\" \/><\/li>\t\t\t\t\t<\/ol>\r\n\t\t\t\t\t<div class=\"clearfix\"><\/div>\r\n\t\t\t\t<\/div>\r\n\t\t\t<\/div>\r\n\t\t\tRannikkotoimintaryhm\u00e4 &#8211; KAGRannikkotoimintaryhm\u00e4 (KAG) harjoittaa kalaleader-toimintaa Pohjanmaan rannikolla.Pohjanmaan kalatalousjohtajien rannikkoalueiden toimintaryhm\u00e4 (KAG) on yksi Suomen yhteens\u00e4 11:st\u00e4 kalatalousjohtajien alueesta. KAG on osa Aktion \u00d6sterbotten rf:t\u00e4, ja sen toiminta-alue on rannikko [&hellip;]<\/p>\n","protected":false},"author":2,"featured_media":0,"parent":0,"menu_order":0,"comment_status":"closed","ping_status":"closed","template":"","meta":{"_acf_changed":false,"_et_pb_use_builder":"on","_et_pb_old_content":"","_et_gb_content_width":"","footnotes":""},"class_list":["post-304585","page","type-page","status-publish","hentry"],"acf":[],"_links":{"self":[{"href":"https:\/\/aktion.fi\/fi\/wp-json\/wp\/v2\/pages\/304585","targetHints":{"allow":["GET"]}}],"collection":[{"href":"https:\/\/aktion.fi\/fi\/wp-json\/wp\/v2\/pages"}],"about":[{"href":"https:\/\/aktion.fi\/fi\/wp-json\/wp\/v2\/types\/page"}],"author":[{"embeddable":true,"href":"https:\/\/aktion.fi\/fi\/wp-json\/wp\/v2\/users\/2"}],"replies":[{"embeddable":true,"href":"https:\/\/aktion.fi\/fi\/wp-json\/wp\/v2\/comments?post=304585"}],"version-history":[{"count":5,"href":"https:\/\/aktion.fi\/fi\/wp-json\/wp\/v2\/pages\/304585\/revisions"}],"predecessor-version":[{"id":313091,"href":"https:\/\/aktion.fi\/fi\/wp-json\/wp\/v2\/pages\/304585\/revisions\/313091"}],"wp:attachment":[{"href":"https:\/\/aktion.fi\/fi\/wp-json\/wp\/v2\/media?parent=304585"}],"curies":[{"name":"wp","href":"https:\/\/api.w.org\/{rel}","templated":true}]}}