{"id":304616,"date":"2023-09-24T12:55:44","date_gmt":"2023-09-24T12:55:44","guid":{"rendered":"http:\/\/aktion.fi\/valintakriteerit\/"},"modified":"2024-05-29T08:54:06","modified_gmt":"2024-05-29T08:54:06","slug":"valintakriteerit","status":"publish","type":"page","link":"https:\/\/aktion.fi\/fi\/valintakriteerit\/","title":{"rendered":"Valintakriteerit"},"content":{"rendered":"<p>[et_pb_section fb_built=&#8221;1&#8243; module_id=&#8221;mbantp2&#8243; _builder_version=&#8221;4.22.1&#8243; _module_preset=&#8221;default&#8221; background_color=&#8221;#FFFFFF&#8221; background_image=&#8221;http:\/\/aktion.fi\/wp-content\/uploads\/2023\/10\/Valintakriteerit-yritys.jpg&#8221; module_alignment=&#8221;center&#8221; custom_padding=&#8221;6%|20%|6%|20%|true|true&#8221; global_colors_info=&#8221;{}&#8221;][et_pb_row module_id=&#8221;brdcrms&#8221; _builder_version=&#8221;4.22.1&#8243; _module_preset=&#8221;default&#8221; global_colors_info=&#8221;{}&#8221;][et_pb_column type=&#8221;4_4&#8243; _builder_version=&#8221;4.22.1&#8243; _module_preset=&#8221;default&#8221; global_colors_info=&#8221;{}&#8221;][et_pb_text _builder_version=&#8221;4.22.1&#8243; _module_preset=&#8221;default&#8221; global_colors_info=&#8221;{}&#8221;]<\/p>\n\t\t\t<!-- Flexy Breadcrumb -->\r\n\t\t\t<div class=\"fbc fbc-page\">\r\n\r\n\t\t\t\t<!-- Breadcrumb wrapper -->\r\n\t\t\t\t<div class=\"fbc-wrap\">\r\n\r\n\t\t\t\t\t<!-- Ordered list-->\r\n\t\t\t\t\t<ol class=\"fbc-items\" itemscope itemtype=\"https:\/\/schema.org\/BreadcrumbList\">\r\n\t\t\t\t\t\t            <li itemprop=\"itemListElement\" itemscope itemtype=\"https:\/\/schema.org\/ListItem\">\r\n                <span itemprop=\"name\">\r\n                    <!-- Home Link -->\r\n                    <a itemprop=\"item\" href=\"https:\/\/aktion.fi\">\r\n                    \r\n                                                    <i class=\"fa fa-home\" aria-hidden=\"true\"><\/i>Home                    <\/a>\r\n                <\/span>\r\n                <meta itemprop=\"position\" content=\"1\" \/><!-- Meta Position-->\r\n             <\/li><li><span class=\"fbc-separator\">\/<\/span><\/li><li class=\"active\" itemprop=\"itemListElement\" itemscope itemtype=\"https:\/\/schema.org\/ListItem\"><span itemprop=\"name\" title=\"Blogi\">Blogi<\/span><meta itemprop=\"position\" content=\"2\" \/><\/li>\t\t\t\t\t<\/ol>\r\n\t\t\t\t\t<div class=\"clearfix\"><\/div>\r\n\t\t\t\t<\/div>\r\n\t\t\t<\/div>\r\n\t\t\t\n<p>[\/et_pb_text][\/et_pb_column][\/et_pb_row][et_pb_row module_id=&#8221;inpghdng&#8221; _builder_version=&#8221;4.22.1&#8243; _module_preset=&#8221;default&#8221; global_colors_info=&#8221;{}&#8221;][et_pb_column type=&#8221;4_4&#8243; _builder_version=&#8221;4.22.1&#8243; _module_preset=&#8221;default&#8221; global_colors_info=&#8221;{}&#8221;][et_pb_text _builder_version=&#8221;4.22.1&#8243; _module_preset=&#8221;default&#8221; header_text_color=&#8221;#FFFFFF&#8221; header_font_size=&#8221;60px&#8221; header_font_size_tablet=&#8221;50px&#8221; header_font_size_phone=&#8221;40px&#8221; header_font_size_last_edited=&#8221;on|phone&#8221; header_text_shadow_style=&#8221;preset2&#8243; header_text_shadow_horizontal_length=&#8221;0.01em&#8221; header_text_shadow_vertical_length=&#8221;0.03em&#8221; global_colors_info=&#8221;{}&#8221;]<\/p>\n<h1>Valintakriteerit<\/h1>\n<p>[\/et_pb_text][\/et_pb_column][\/et_pb_row][\/et_pb_section][et_pb_section fb_built=&#8221;1&#8243; _builder_version=&#8221;4.22.1&#8243; _module_preset=&#8221;default&#8221; custom_padding=&#8221;80px||30px||false|false&#8221; global_colors_info=&#8221;{}&#8221;][et_pb_row _builder_version=&#8221;4.22.1&#8243; _module_preset=&#8221;default&#8221;][et_pb_column _builder_version=&#8221;4.22.1&#8243; _module_preset=&#8221;default&#8221; type=&#8221;4_4&#8243;][et_pb_accordion _builder_version=&#8221;4.22.1&#8243; _module_preset=&#8221;default&#8221; hover_enabled=&#8221;0&#8243; sticky_enabled=&#8221;0&#8243;][et_pb_accordion_item title=&#8221;Ovillkorliga urvalskriterier &#8211;\u00a0 Ger grund f\u00f6r avslag om de inte uppfylls.\u00a0&#8221; _builder_version=&#8221;4.22.1&#8243; _module_preset=&#8221;default&#8221; open=&#8221;off&#8221; hover_enabled=&#8221;0&#8243; sticky_enabled=&#8221;0&#8243;]<\/p>\n<ul>\n<li>Hakemus on Aktion \u00d6sterbottenin kehitt\u00e4misstrategian tavoitteiden mukainen.<\/li>\n<li>Hakijalla on taloudelliset edellytykset toteuttaa hanke.<\/li>\n<li>Hankesuunnitelma tai budjetti ei sis\u00e4ll\u00e4 vakavia puutteita.<\/li>\n<li>Hanke pit\u00e4\u00e4 sis\u00e4ll\u00e4\u00e4n kehitt\u00e4mistoimia, eik\u00e4 sis\u00e4ll\u00e4 hakijan normaalia tai tavanomaista toimintaa.<\/li>\n<li>Hakemus ei saa k\u00e4sitt\u00e4\u00e4 ruoppausta tai muuta vastaavaa merell\u00e4 tapahtuvaa toimintaa.<\/li>\n<\/ul>\n<p>[\/et_pb_accordion_item][et_pb_accordion_item title=&#8221;Tyngdpunktsomr\u00e5den i Aktion \u00d6sterbottens strategi&#8221; _builder_version=&#8221;4.22.1&#8243; _module_preset=&#8221;default&#8221; hover_enabled=&#8221;0&#8243; sticky_enabled=&#8221;0&#8243; open=&#8221;off&#8221;]<\/p>\n<p>Hakemus toteuttaa ensisijaisesti:<\/p>\n<ul>\n<li>Painopiste 1: El\u00e4v\u00e4 ja uudistuva Pohjanmaa<\/li>\n<li>Painopiste 2: Innovatiivinen ja rohkea yritt\u00e4jyys Pohjanmaalla<\/li>\n<li>Painopiste 3: Pohjanmaan \u00e4lyk\u00e4s maaseutu<\/li>\n<li>Painopiste 4: Yhteis\u00f6llinen ja vieraanvarainen Pohjanmaa<\/li>\n<\/ul>\n<p>[\/et_pb_accordion_item][et_pb_accordion_item title=&#8221;Hankkeen toteutusalue&#8221; _builder_version=&#8221;4.22.1&#8243; _module_preset=&#8221;default&#8221; open=&#8221;on&#8221; hover_enabled=&#8221;0&#8243; sticky_enabled=&#8221;0&#8243;]<\/p>\n<ul>\n<li>Paikallinen (kyl\u00e4-\/kuntataso)<\/li>\n<li>Alueellinen (Aktion \u00d6sterbottenin toiminta-alue)<\/li>\n<li>Alueiden v\u00e4linen (Maakuntien tai Leader-ryhmien)<\/li>\n<li>Kansainv\u00e4linen<\/li>\n<\/ul>\n<p>[\/et_pb_accordion_item][et_pb_accordion_item title=&#8221;Kest\u00e4v\u00e4n kehityksen kriteerit&#8221; _builder_version=&#8221;4.22.1&#8243; _module_preset=&#8221;default&#8221; hover_enabled=&#8221;0&#8243; sticky_enabled=&#8221;0&#8243;]<\/p>\n<h4>\u2013 kaikille hankkeille yhteiset, max 6 pistett\u00e4<\/h4>\n<p>Mit\u00e4 kest\u00e4v\u00e4n kehityksen ulottuvuutta\/ulottuvuuksia hanke edist\u00e4\u00e4?<\/p>\n<ul>\n<li>Ekologinen kest\u00e4vyys<\/li>\n<li>Taloudellinen kest\u00e4vyys<\/li>\n<li>Sosiaalinen ja kulttuurinen kest\u00e4vyys<\/li>\n<\/ul>\n<p>Hakija on t\u00e4ytt\u00e4nyt Kest\u00e4v\u00e4n kehityksen suunnitelma lomakkeen (3 pistett\u00e4)<\/p>\n<p>[\/et_pb_accordion_item][et_pb_accordion_item title=&#8221;Yritystuet&#8221; _builder_version=&#8221;4.22.1&#8243; _module_preset=&#8221;default&#8221; hover_enabled=&#8221;0&#8243; sticky_enabled=&#8221;0&#8243;]<\/p>\n<div class=\"et-module-31e5cc75-9e96-40d5-a329-1c68e1d1b4e2 et_pb_row ui-sortable et_pb_row_5 et-animated--vb et-first-child et_pb_with_border et_pb_row_structure-4_4\" data-address=\"3.0\" data-specialty-layout=\"false\">\n<div class=\"et-module-f58d7e9a-7f55-489c-8a7b-f5662ecd646e et_pb_column ui-sortable et-animated--vb et_pb_column_4_4 et_pb_column_6 et-first-child et-last-child et_pb_with_border\" data-address=\"3.0.0\">\n<div class=\"et_fb_editing_enabled et-module-cbdd07e9-81b2-4a20-b52a-f1e972b1df51 et_pb_text et_pb_module ui-sortable et_pb_text_9 et-animated--vb et_pb_text_align_left et_pb_bg_layout_light et-pb-with-global-presets et-first-child et-last-child\" data-address=\"3.0.0.0\" dynamic=\"[object Object]\" matching=\"[object Object]\" parent_slug=\"et_pb_column\" theme_builder_suffix=\"\" wp_editor_suffix=\"\" wrapper_settings=\"[object Object]\" _key=\"cbdd07e9-81b2-4a20-b52a-f1e972b1df51\">\n<div class=\"et_pb_text_inner\">\n<div data-shortcode-id=\"3.0.0.0-1700742446882\" data-quickaccess-editable=\"yes\" class=\"et-fb-popover-tinymce\">\n<div class=\"mce-content-body\" contenteditable=\"true\" style=\"position: relative;\">\n<ul>\n<li>Hankkeella tuetaan nuorten yritt\u00e4jyytt\u00e4<\/li>\n<li>Hanke tukee aloittavaa yritt\u00e4j\u00e4\u00e4 tai uudistaa olemassa olevaa yrityst\u00e4<\/li>\n<li>Hanke luo uusia ty\u00f6paikkoja<\/li>\n<li>Hankkeella edistet\u00e4\u00e4n sukupolven- sek\u00e4 omistajanvaihdoksia<\/li>\n<li>Hanke edist\u00e4\u00e4 digitaalisten ja teknologiaratkaisujen k\u00e4ytt\u00f6\u00f6nottoa yrityksen kilpailukyvyn varmistamiseksi<\/li>\n<li>Hankkeessa luodaan uusia osaamisverkostoja \/klustereita tai piristet\u00e4\u00e4n olemassa olevia yritysten verkostoja<\/li>\n<li>Hankkeessa edistet\u00e4\u00e4n kokeilukulttuuria sek\u00e4 tutkimus-, kehitys- ja innovaatiotoiminnan<\/li>\n<li>Hankkeella edistet\u00e4\u00e4n jatkuvaa oppimista kuten ty\u00f6ntekij\u00f6iden osaamisen tason nostamista<\/li>\n<li>Hankkeessa kehitet\u00e4\u00e4n l\u00e4hiruokaan ja lyhyisiin ruokaketjuihin liittyvi\u00e4 kokeiluja ja innovaatioita<\/li>\n<li>Hanke parantaa Pohjanmaan maaseutumatkailun toimintaedellytyksi\u00e4<\/li>\n<li>Hankkeessa kehitet\u00e4\u00e4n kiertotaloustoimintaa<\/li>\n<li>Hanke edist\u00e4\u00e4 luonto- ja ymp\u00e4rist\u00f6osaamista parantaa luonnon monimuotoisuutta\/hillitsee ilmastonmuutosta ja\/tai sen vaikutuksia<\/li>\n<li>Hanke tukee tasa-arvoa<\/li>\n<li>Hanke edist\u00e4\u00e4 yrityksen kansainv\u00e4listymist\u00e4<\/li>\n<\/ul>\n<\/div>\n<\/div>\n<\/div>\n<\/div>\n<\/div>\n<\/div>\n<p>[\/et_pb_accordion_item][et_pb_accordion_item title=&#8221;Kehitt\u00e4mishankkeet&#8221; _builder_version=&#8221;4.22.1&#8243; _module_preset=&#8221;default&#8221; hover_enabled=&#8221;0&#8243; sticky_enabled=&#8221;0&#8243;]<\/p>\n<ul>\n<li>Hanke tukee eri ik\u00e4ryhmien v\u00e4list\u00e4 yhteis\u00f6llisyytt\u00e4<\/li>\n<li>Hanke lis\u00e4\u00e4 kieli- ja kulttuurirajat ylitt\u00e4v\u00e4\u00e4 yhteisty\u00f6t\u00e4<\/li>\n<li>Hanke kannustaa kokeilukulttuuriin<\/li>\n<li>Hankkeessa lis\u00e4t\u00e4\u00e4n toimijoiden osaamista ja kiinnostusta l\u00e4hiruokaan \/ruoantuotantoon<\/li>\n<li>Hanke tukee maaseudun tulevaisuususkoa<\/li>\n<li>Hanke parantaa hyvinvointia, viihtymist\u00e4 ja el\u00e4m\u00e4\u00e4 maaseudulla<\/li>\n<li>Hanke edist\u00e4\u00e4 kansainv\u00e4lisyytt\u00e4<\/li>\n<li>Hanke edist\u00e4\u00e4 yhteisty\u00f6t\u00e4 organisaatioiden v\u00e4lill\u00e4<\/li>\n<li>Hanke edist\u00e4\u00e4 kest\u00e4v\u00e4n kehityksen osaamista<\/li>\n<li>Hankkeella vahvistetaan omavaraisuutta ja varautumista<\/li>\n<li>Hanke edist\u00e4\u00e4 luonto- ja ymp\u00e4rist\u00f6osaamista parantaa luonnon monimuotoisuutta\/hillitsee ilmastonmuutosta ja\/tai sen vaikutuksia<\/li>\n<li>Hanke vahvistaa yhteis\u00f6llisyytt\u00e4 ja osallisuutta<\/li>\n<li>Hanke edist\u00e4\u00e4 uusien asukkaiden integroitumista paikallisella tasolla<\/li>\n<li>Hanke hy\u00f6dynt\u00e4\u00e4 paikallista kulttuuriperint\u00f6\u00e4 ja vahvistaa sen s\u00e4ilymist\u00e4<\/li>\n<\/ul>\n<p>[\/et_pb_accordion_item][et_pb_accordion_item title=&#8221;Utredning \u00f6ver projektets h\u00e5llbarhet\u200b&#8221; _builder_version=&#8221;4.22.1&#8243; _module_preset=&#8221;default&#8221; hover_enabled=&#8221;0&#8243; sticky_enabled=&#8221;0&#8243;]<\/p>\n<p>Kest\u00e4v\u00e4 kehitys on keskeisess\u00e4 asemassa Aktion \u00d6sterbottenin strategiassa rahoituskaudella 2023 &#8211; 2027. Strategiaa valmistellessa seuraavat Agenda 2030 tavoitteet nousivat erityisen t\u00e4rkeiksi:<\/p>\n<p>3. Terveytt\u00e4 ja hyvinvointia<\/p>\n<p>4. Hyv\u00e4 koulutus<\/p>\n<p>\u200b8. Ihmisarvoista ty\u00f6t\u00e4 ja talouskasvua<\/p>\n<p>9. Kest\u00e4v\u00e4\u00e4 teollisuutta, innovaatioita ja infrastruktuureja<\/p>\n<p>11. Kest\u00e4v\u00e4t kaupungit ja yhteis\u00f6t<\/p>\n<p>15. Maanp\u00e4\u00e4llinen el\u00e4m\u00e4<\/p>\n<p>T\u00e4m\u00e4n lomakkeen tarkoituksena on saada k\u00e4sitys siit\u00e4, miten hyvin hanke toteuttaa Aktion \u00d6sterbottenin strategiaa.<\/p>\n<p>Lomakkeen t\u00e4ytt\u00e4minen tuen saamiseksi ei ole pakollista, mutta saat lis\u00e4pisteit\u00e4 l\u00e4hetetyst\u00e4 lomakkeesta sek\u00e4 pisteit\u00e4 jokaisesta kest\u00e4v\u00e4n kehityksen osa-alueesta, jota hanke edist\u00e4\u00e4 (sosiaalinen&amp;kulttuurinen, taloudellinen ja ekologinen kest\u00e4vyys). N\u00e4m\u00e4 pisteet auttavat lis\u00e4\u00e4m\u00e4\u00e4n hankkeen mahdollisuuksia saada rahoitusta, koska eniten pisteit\u00e4 valintatilanteessa saaneet hankkeet saavat rahoitusta.<\/p>\n<p>&nbsp;<\/p>\n<p>[\/et_pb_accordion_item][\/et_pb_accordion][\/et_pb_column][\/et_pb_row][\/et_pb_section][et_pb_section fb_built=&#8221;1&#8243; _builder_version=&#8221;4.22.1&#8243; _module_preset=&#8221;default&#8221; custom_padding=&#8221;||0px||false|false&#8221; global_colors_info=&#8221;{}&#8221;][et_pb_row _builder_version=&#8221;4.22.1&#8243; _module_preset=&#8221;default&#8221; max_width=&#8221;980px&#8221; custom_padding=&#8221;70px||50px||false|false&#8221; border_width_bottom=&#8221;2px&#8221; border_color_bottom=&#8221;#E3DCD5&#8243; global_colors_info=&#8221;{}&#8221;][et_pb_column type=&#8221;4_4&#8243; _builder_version=&#8221;4.22.1&#8243; _module_preset=&#8221;default&#8221; global_colors_info=&#8221;{}&#8221;][et_pb_text _builder_version=&#8221;4.22.1&#8243; _module_preset=&#8221;default&#8221; text_font=&#8221;|300|||||||&#8221; global_colors_info=&#8221;{}&#8221;][\/et_pb_text][\/et_pb_column][\/et_pb_row][\/et_pb_section]<\/p>\n","protected":false},"excerpt":{"rendered":"<p>\t\t\t<!-- Flexy Breadcrumb -->\r\n\t\t\t<div class=\"fbc fbc-page\">\r\n\r\n\t\t\t\t<!-- Breadcrumb wrapper -->\r\n\t\t\t\t<div class=\"fbc-wrap\">\r\n\r\n\t\t\t\t\t<!-- Ordered list-->\r\n\t\t\t\t\t<ol class=\"fbc-items\" itemscope itemtype=\"https:\/\/schema.org\/BreadcrumbList\">\r\n\t\t\t\t\t\t            <li itemprop=\"itemListElement\" itemscope itemtype=\"https:\/\/schema.org\/ListItem\">\r\n                <span itemprop=\"name\">\r\n                    <!-- Home Link -->\r\n                    <a itemprop=\"item\" href=\"https:\/\/aktion.fi\">\r\n                    \r\n                                                    <i class=\"fa fa-home\" aria-hidden=\"true\"><\/i>Home                    <\/a>\r\n                <\/span>\r\n                <meta itemprop=\"position\" content=\"1\" \/><!-- Meta Position-->\r\n             <\/li><li><span class=\"fbc-separator\">\/<\/span><\/li><li class=\"active\" itemprop=\"itemListElement\" itemscope itemtype=\"https:\/\/schema.org\/ListItem\"><span itemprop=\"name\" title=\"Blogi\">Blogi<\/span><meta itemprop=\"position\" content=\"2\" \/><\/li>\t\t\t\t\t<\/ol>\r\n\t\t\t\t\t<div class=\"clearfix\"><\/div>\r\n\t\t\t\t<\/div>\r\n\t\t\t<\/div>\r\n\t\t\tValintakriteerit Hakemus on Aktion \u00d6sterbottenin kehitt\u00e4misstrategian tavoitteiden mukainen. Hakijalla on taloudelliset edellytykset toteuttaa hanke. Hankesuunnitelma tai budjetti ei sis\u00e4ll\u00e4 vakavia puutteita. Hanke pit\u00e4\u00e4 sis\u00e4ll\u00e4\u00e4n kehitt\u00e4mistoimia, eik\u00e4 sis\u00e4ll\u00e4 hakijan normaalia tai [&hellip;]<\/p>\n","protected":false},"author":2,"featured_media":0,"parent":0,"menu_order":0,"comment_status":"closed","ping_status":"closed","template":"","meta":{"_acf_changed":false,"_et_pb_use_builder":"on","_et_pb_old_content":"","_et_gb_content_width":"","footnotes":""},"class_list":["post-304616","page","type-page","status-publish","hentry"],"acf":[],"_links":{"self":[{"href":"https:\/\/aktion.fi\/fi\/wp-json\/wp\/v2\/pages\/304616","targetHints":{"allow":["GET"]}}],"collection":[{"href":"https:\/\/aktion.fi\/fi\/wp-json\/wp\/v2\/pages"}],"about":[{"href":"https:\/\/aktion.fi\/fi\/wp-json\/wp\/v2\/types\/page"}],"author":[{"embeddable":true,"href":"https:\/\/aktion.fi\/fi\/wp-json\/wp\/v2\/users\/2"}],"replies":[{"embeddable":true,"href":"https:\/\/aktion.fi\/fi\/wp-json\/wp\/v2\/comments?post=304616"}],"version-history":[{"count":5,"href":"https:\/\/aktion.fi\/fi\/wp-json\/wp\/v2\/pages\/304616\/revisions"}],"predecessor-version":[{"id":305552,"href":"https:\/\/aktion.fi\/fi\/wp-json\/wp\/v2\/pages\/304616\/revisions\/305552"}],"wp:attachment":[{"href":"https:\/\/aktion.fi\/fi\/wp-json\/wp\/v2\/media?parent=304616"}],"curies":[{"name":"wp","href":"https:\/\/api.w.org\/{rel}","templated":true}]}}