{"id":304618,"date":"2023-09-24T12:59:50","date_gmt":"2023-09-24T12:59:50","guid":{"rendered":"http:\/\/aktion.fi\/kylamme-pohjanmaalla\/"},"modified":"2024-06-25T08:15:56","modified_gmt":"2024-06-25T08:15:56","slug":"kylamme-pohjanmaalla","status":"publish","type":"page","link":"https:\/\/aktion.fi\/fi\/kylat\/kylamme-pohjanmaalla\/","title":{"rendered":"Kyl\u00e4mme Pohjanmaalla"},"content":{"rendered":"<p>[et_pb_section fb_built=&#8221;1&#8243; module_id=&#8221;mbantp2&#8243; _builder_version=&#8221;4.22.1&#8243; _module_preset=&#8221;default&#8221; background_color=&#8221;#FFFFFF&#8221; background_image=&#8221;http:\/\/aktion.fi\/wp-content\/uploads\/2023\/10\/Aktion-osterbotten.jpg&#8221; module_alignment=&#8221;center&#8221; custom_padding=&#8221;6%|20%|6%|20%|true|true&#8221; saved_tabs=&#8221;all&#8221; global_colors_info=&#8221;{}&#8221;][et_pb_row module_id=&#8221;brdcrms&#8221; _builder_version=&#8221;4.22.1&#8243; _module_preset=&#8221;default&#8221; global_colors_info=&#8221;{}&#8221;][et_pb_column type=&#8221;4_4&#8243; _builder_version=&#8221;4.22.1&#8243; _module_preset=&#8221;default&#8221; global_colors_info=&#8221;{}&#8221;][et_pb_text _builder_version=&#8221;4.22.1&#8243; _module_preset=&#8221;default&#8221; global_colors_info=&#8221;{}&#8221;]<\/p>\n\t\t\t<!-- Flexy Breadcrumb -->\r\n\t\t\t<div class=\"fbc fbc-page\">\r\n\r\n\t\t\t\t<!-- Breadcrumb wrapper -->\r\n\t\t\t\t<div class=\"fbc-wrap\">\r\n\r\n\t\t\t\t\t<!-- Ordered list-->\r\n\t\t\t\t\t<ol class=\"fbc-items\" itemscope itemtype=\"https:\/\/schema.org\/BreadcrumbList\">\r\n\t\t\t\t\t\t            <li itemprop=\"itemListElement\" itemscope itemtype=\"https:\/\/schema.org\/ListItem\">\r\n                <span itemprop=\"name\">\r\n                    <!-- Home Link -->\r\n                    <a itemprop=\"item\" href=\"https:\/\/aktion.fi\">\r\n                    \r\n                                                    <i class=\"fa fa-home\" aria-hidden=\"true\"><\/i>Home                    <\/a>\r\n                <\/span>\r\n                <meta itemprop=\"position\" content=\"1\" \/><!-- Meta Position-->\r\n             <\/li><li><span class=\"fbc-separator\">\/<\/span><\/li><li class=\"active\" itemprop=\"itemListElement\" itemscope itemtype=\"https:\/\/schema.org\/ListItem\"><span itemprop=\"name\" title=\"Blogi\">Blogi<\/span><meta itemprop=\"position\" content=\"2\" \/><\/li>\t\t\t\t\t<\/ol>\r\n\t\t\t\t\t<div class=\"clearfix\"><\/div>\r\n\t\t\t\t<\/div>\r\n\t\t\t<\/div>\r\n\t\t\t\n<p>[\/et_pb_text][\/et_pb_column][\/et_pb_row][et_pb_row module_id=&#8221;inpghdng&#8221; _builder_version=&#8221;4.22.1&#8243; _module_preset=&#8221;default&#8221; global_colors_info=&#8221;{}&#8221;][et_pb_column type=&#8221;4_4&#8243; _builder_version=&#8221;4.22.1&#8243; _module_preset=&#8221;default&#8221; global_colors_info=&#8221;{}&#8221;][et_pb_text _builder_version=&#8221;4.22.1&#8243; _module_preset=&#8221;default&#8221; header_text_color=&#8221;#FFFFFF&#8221; header_font_size=&#8221;60px&#8221; header_font_size_tablet=&#8221;50px&#8221; header_font_size_phone=&#8221;40px&#8221; header_font_size_last_edited=&#8221;on|phone&#8221; header_text_shadow_style=&#8221;preset2&#8243; header_text_shadow_horizontal_length=&#8221;0.01em&#8221; header_text_shadow_vertical_length=&#8221;0.03em&#8221; global_colors_info=&#8221;{}&#8221;]<\/p>\n<h1>Pohjanmaan kyl\u00e4t<\/h1>\n<p>[\/et_pb_text][\/et_pb_column][\/et_pb_row][\/et_pb_section][et_pb_section fb_built=&#8221;1&#8243; _builder_version=&#8221;4.22.1&#8243; _module_preset=&#8221;default&#8221; custom_padding=&#8221;70px||70px||false|false&#8221; global_colors_info=&#8221;{}&#8221;][et_pb_row _builder_version=&#8221;4.22.1&#8243; _module_preset=&#8221;default&#8221; max_width=&#8221;980px&#8221; custom_padding=&#8221;0px||0px||false|false&#8221; border_color_bottom=&#8221;#E3DCD5&#8243; locked=&#8221;off&#8221; global_colors_info=&#8221;{}&#8221;][et_pb_column type=&#8221;4_4&#8243; _builder_version=&#8221;4.22.1&#8243; _module_preset=&#8221;default&#8221; global_colors_info=&#8221;{}&#8221;][et_pb_text _builder_version=&#8221;4.22.1&#8243; _module_preset=&#8221;default&#8221; text_font=&#8221;|300|||||||&#8221; hover_enabled=&#8221;0&#8243; global_colors_info=&#8221;{}&#8221; sticky_enabled=&#8221;0&#8243;]<\/p>\n<p>Pohjanmaalta l\u00f6ytyy noin 300 kyl\u00e4\u00e4. Jokaisessa kyl\u00e4ss\u00e4 toimii v\u00e4hint\u00e4\u00e4n yksi yhdistys. Kaikki yhdistykset pyrkiv\u00e4t edist\u00e4m\u00e4\u00e4n kyl\u00e4n viihtyisyytt\u00e4. On erilaisia yhdistyksi\u00e4, kuten kyl\u00e4neuvosto, kyl\u00e4yhdistys, nuorisoyhdistys, kotiseutuyhdistys, koti-koulu -yhdistys, urheiluseura, Marttayhdistys, ja lista voisi jatkua l\u00e4hes loputtomiin Useimmille n\u00e4ist\u00e4 yhdistyksist\u00e4 on ominaista sitoutuminen paikalliseen yhteis\u00f6\u00f6n. Yhdistystoiminnan kautta kyl\u00e4l\u00e4iset hoitavat yhteisi\u00e4 alueita, rakennuksia ja tiloja, tai sitten yhdistys pyrkii lis\u00e4\u00e4m\u00e4\u00e4n yhteis\u00f6llisyytt\u00e4 ja viihtyisyytt\u00e4 kyl\u00e4ss\u00e4. Jokin yhdistys pyrkii edustamaan asukkaiden yhteist\u00e4 \u00e4\u00e4nt\u00e4 asioissa tai hoitaa yhteisten alueiden hoitoa.<\/p>\n<p>Valtaosa yhdistysten ty\u00f6st\u00e4 tehd\u00e4\u00e4n palkattomana ty\u00f6n\u00e4, jota kutsutaan talkoiksi. Pohjanmaalla tehd\u00e4\u00e4n l\u00e4hes puoli miljoonaa talkootuntia vuosittain, mik\u00e4 vastaa l\u00e4hes 5 miljoonaa euroa vuodessa.<\/p>\n<p>Kyl\u00e4l\u00e4iset tekev\u00e4t laajaa ja merkitt\u00e4v\u00e4\u00e4 ty\u00f6t\u00e4 yhteis\u00f6ns\u00e4 hyv\u00e4ksi olemalla aktiivisia. Yhdistykset ovat merkitt\u00e4v\u00e4 yhdist\u00e4v\u00e4 voima yhteiskunnassamme.<\/p>\n<p>Yhdistykset voivat saada ulkopuolista rahoitusta toimintaansa ja tilap\u00e4isiin projekteihin kunnilta, s\u00e4\u00e4ti\u00f6ilt\u00e4, rahastoilta, valtiolta ja Euroopan kehitysrahastoilta. Kaksikielisell\u00e4 Pohjanmaalla Leader-ohjelmaa hallinnoi Aktion \u00d6sterbotten, joka vastaa merkitt\u00e4v\u00e4st\u00e4 osasta taloudellista tukea kylien kehitt\u00e4misess\u00e4.<\/p>\n<p>[\/et_pb_text][et_pb_cta button_text=&#8221;Rekister\u00f6i kyl\u00e4si&#8221; _builder_version=&#8221;4.22.1&#8243; _module_preset=&#8221;default&#8221; button_url=&#8221;https:\/\/aktion.fi\/fi\/kylat\/kylamme-pohjanmaalla\/lisaa-kyla\/&#8221; hover_enabled=&#8221;0&#8243; sticky_enabled=&#8221;0&#8243;][\/et_pb_cta][\/et_pb_column][\/et_pb_row][\/et_pb_section][et_pb_section fb_built=&#8221;1&#8243; _builder_version=&#8221;4.22.1&#8243; _module_preset=&#8221;default&#8221; background_color=&#8221;#E3DCD5&#8243; global_colors_info=&#8221;{}&#8221;][et_pb_row _builder_version=&#8221;4.22.1&#8243; _module_preset=&#8221;default&#8221; global_colors_info=&#8221;{}&#8221;][et_pb_column type=&#8221;4_4&#8243; _builder_version=&#8221;4.22.1&#8243; _module_preset=&#8221;default&#8221; global_colors_info=&#8221;{}&#8221;][et_pb_text _builder_version=&#8221;4.22.1&#8243; _module_preset=&#8221;default&#8221; global_colors_info=&#8221;{}&#8221;]<\/p>\n<h2 style=\"text-align: center;\">Kyl\u00e4mme Pohjanmaalla<\/h2>\n<p>[\/et_pb_text][et_pb_text _builder_version=&#8221;4.22.1&#8243; _module_preset=&#8221;default&#8221; global_colors_info=&#8221;{}&#8221;]<\/p>\n\n    \t<!-- Filter form start here -->\n        <div id=\"fltrwrap\">\n            <form id=\"fltrform\" action=\"https:\/\/aktion.fi\/wp-admin\/admin-ajax.php\" method=\"POST\" name=\"fltrform\"><div class=\"fltrform-inwrp\">\n\n            \t<div class=\"munwrp\"><fieldset><legend>V\u00e4lj ort<\/legend><div class=\"munitm\"><label><input type=\"checkbox\" name=\"mun_lst[]\" value=\"Korsholm\" \/><span class=\"rdohldr\"><\/span><span>Korsholm<\/span><\/label><label><input type=\"checkbox\" name=\"mun_lst[]\" value=\"Korsn\u00e4s\" \/><span class=\"rdohldr\"><\/span><span>Korsn\u00e4s<\/span><\/label><label><input type=\"checkbox\" name=\"mun_lst[]\" value=\"Kronoby\" \/><span class=\"rdohldr\"><\/span><span>Kronoby<\/span><\/label><label><input type=\"checkbox\" name=\"mun_lst[]\" value=\"Malax\" \/><span class=\"rdohldr\"><\/span><span>Malax<\/span><\/label><label><input type=\"checkbox\" name=\"mun_lst[]\" value=\"N\u00e4rpes\" \/><span class=\"rdohldr\"><\/span><span>N\u00e4rpes<\/span><\/label><label><input type=\"checkbox\" name=\"mun_lst[]\" value=\"Peders\u00f6re\" \/><span class=\"rdohldr\"><\/span><span>Peders\u00f6re<\/span><\/label><\/div><!-- \/.munitm --><\/fieldset><\/div><!--\/.munwrp --><div class=\"renwrp\"><fieldset><legend>Inv\u00e5nare<\/legend><div class=\"renitm\"><label><input type=\"checkbox\" name=\"res_lst[]\" value=\"100\u2013200\" \/><span class=\"rdohldr\"><\/span><span>100 - 200<\/span><\/label><label><input type=\"checkbox\" name=\"res_lst[]\" value=\"50\u2013100\" \/><span class=\"rdohldr\"><\/span><span>50 - 100<\/span><\/label><label><input type=\"checkbox\" name=\"res_lst[]\" value=\"yli200\" \/><span class=\"rdohldr\"><\/span><span>yli 200<\/span><\/label><\/div><!-- \/.renitm --><\/fieldset><\/div><!--\/.renwrp -->\n                    <input type=\"hidden\" name=\"action\" value=\"vilFilter\">        \n                    <div class=\"submitwrp\">\n                        <div class=\"fltrbtn1\">                           \n                            <input type=\"submit\" name=\"subfilter\" value=\"Filtrera\"\/>\n                        <\/div>                               \n                        <!-- Submission process loader -->\n                        <span class=\"icon_refresh\"><\/span>\n                        <a href=\"#\" id=\"flttglup\">\n                            D\u00f6lj filter                             <span class=\"arrow_carrot-up\"><\/span>\n                        <\/a>\n                    <\/div>\n\n        \t<\/form>    \t\n        <\/div><!-- \/#fltrwrap -->\n        <a href=\"#\" id=\"flttgldown\">\n            D\u00f6lj filter            <span class=\"arrow_carrot-down\"><\/span>\n        <\/a>\n        <div id=\"filt_results\">\n\n            <div class=\"sing_itm\"><h3><a href=\"https:\/\/aktion.fi\/fi\/byar\/bennas\/\">Benn\u00e4s<\/a><\/h3><div class=\"deswrp\">Benn\u00e4s \u2013 jordbrukarbyn som blev ett nav i \u00d6sterbotten Benn\u00e4s, eller P\u00e4nn\u00e4inen p\u00e5 finska, har utvecklats fr\u00e5n en traditionell jordbruksby till en centralort f\u00f6r service, n\u00e4ringsliv och kultur i<\/div><div class=\"ctywrp\"><span>Ort:<\/span> Peders\u00f6re<\/div><div class=\"reswrp\"><span>Inv\u00e5nare:<\/span> yli200<\/div><a href=\"https:\/\/aktion.fi\/fi\/byar\/bennas\/\" class=\"itmlnk\">Lue lis\u00e4\u00e4 <span class=\"arrow_carrot-right\"><\/span><\/a><ul class=\"lnkcoll\"><li><a href=\"http:\/\/www.bennasbyarad.byar.fi\/\" target=\"_blank\">http:\/\/www.bennasbyarad.byar.fi\/<\/a><\/li><li class=\"pfmicns\"><a href=\"https:\/\/www.facebook.com\/bennasbyaradrf\" target=\"_blank\"><span class=\"social_facebook_square\"><\/span><\/a><\/li><\/ul><\/div><!--\/.sing_itm--><div class=\"sing_itm\"><h3><a href=\"https:\/\/aktion.fi\/fi\/byar\/bjorkoby\/\">Bj\u00f6rk\u00f6by<\/a><\/h3><div class=\"deswrp\">De f\u00f6rsta stenarna i Kvarken av det som senare skulle bli Bj\u00f6rk\u00f6 steg upp \u00f6ver havsytan p\u00e5 400-talet. Den \u00e4ldsta urkunden om Bj\u00f6rk\u00f6 ber\u00e4ttar om Bj\u00f6rk\u00f6bor p\u00e5 1400-talet, men<\/div><div class=\"ctywrp\"><span>Ort:<\/span> Korsholm<\/div><div class=\"reswrp\"><span>Inv\u00e5nare:<\/span> yli200<\/div><a href=\"https:\/\/aktion.fi\/fi\/byar\/bjorkoby\/\" class=\"itmlnk\">Lue lis\u00e4\u00e4 <span class=\"arrow_carrot-right\"><\/span><\/a><ul class=\"lnkcoll\"><li><a href=\"https:\/\/www.korsholmsskargard.fi\/\" target=\"_blank\">https:\/\/www.korsholmsskargard.fi\/<\/a><\/li><li class=\"pfmicns\"><a href=\"https:\/\/facebook.com\" target=\"_blank\"><span class=\"social_facebook_square\"><\/span><\/a><\/li><\/ul><\/div><!--\/.sing_itm--><div class=\"sing_itm\"><h3><a href=\"https:\/\/aktion.fi\/fi\/byar\/brato\/\">Br\u00e5t\u00f6<\/a><\/h3><div class=\"deswrp\">En lantlig by utanf\u00f6r Kronoby centrum. <\/div><div class=\"ctywrp\"><span>Ort:<\/span> Kronoby<\/div><div class=\"reswrp\"><span>Inv\u00e5nare:<\/span> yli200<\/div><a href=\"https:\/\/aktion.fi\/fi\/byar\/brato\/\" class=\"itmlnk\">Lue lis\u00e4\u00e4 <span class=\"arrow_carrot-right\"><\/span><\/a><\/div><!--\/.sing_itm--><div class=\"sing_itm\"><h3><a href=\"https:\/\/aktion.fi\/fi\/byar\/forsby-pedersore\/\">Forsby, Peders\u00f6re<\/a><\/h3><div class=\"deswrp\">Fosby \u00e4r \u00e5rets 2025 by i \u00d6sterbotten Forsby \u00e4r byn d\u00e4r hjulen alltid snurrar. Forsby \u00e4r en natursk\u00f6n levande landsbygdsby med \u00f6ver 200 huh\u00e5ll och ca 475 personer. Byn<\/div><div class=\"ctywrp\"><span>Ort:<\/span> Peders\u00f6re<\/div><div class=\"reswrp\"><span>Inv\u00e5nare:<\/span> yli200<\/div><a href=\"https:\/\/aktion.fi\/fi\/byar\/forsby-pedersore\/\" class=\"itmlnk\">Lue lis\u00e4\u00e4 <span class=\"arrow_carrot-right\"><\/span><\/a><\/div><!--\/.sing_itm--><div class=\"sing_itm\"><h3><a href=\"https:\/\/aktion.fi\/fi\/byar\/harrstrom\/\">Harrstr\u00f6m<\/a><\/h3><div class=\"deswrp\">Harrstr\u00f6m \u00e4r en liten by som pr\u00e4glas av n\u00e4rheten till havet, med en stor naturhamn, simstrand, dagis, vackert kultur- och naturlandskap, m\u00f6tesutrymmen och fina \u00f6vernattningsm\u00f6jligheter.\u00a0 Hos oss hittar du<\/div><div class=\"ctywrp\"><span>Ort:<\/span> Korsn\u00e4s<\/div><div class=\"reswrp\"><span>Inv\u00e5nare:<\/span> 100\u2013200<\/div><a href=\"https:\/\/aktion.fi\/fi\/byar\/harrstrom\/\" class=\"itmlnk\">Lue lis\u00e4\u00e4 <span class=\"arrow_carrot-right\"><\/span><\/a><ul class=\"lnkcoll\"><li><a href=\"https:\/\/www.harrstrom.fi\/\" target=\"_blank\">https:\/\/www.harrstrom.fi\/<\/a><\/li><li class=\"pfmicns\"><a href=\"https:\/\/www.facebook.com\/Harrstromuf\" target=\"_blank\"><span class=\"social_facebook_square\"><\/span><\/a><a href=\"https:\/\/www.instagram.com\/harrstromuf_hf\/\" target=\"_blank\"><span class=\"social_instagram\"><\/span><\/a><\/li><\/ul><\/div><!--\/.sing_itm--><div class=\"sing_itm\"><h3><a href=\"https:\/\/aktion.fi\/fi\/byar\/kalax\/\">Kalax<\/a><\/h3><div class=\"deswrp\">Kalax \u00e4r en kustby i v\u00e4stra N\u00e4rpes. Byn finns 3 kilometer fr\u00e5n N\u00e4rpes centrum. Byn har ca 330 inv\u00e5nare. Jordomr\u00e5det \u00e4r 3723 ha och vattenomr\u00e5det \u00e4r 2150 ha. <\/div><div class=\"ctywrp\"><span>Ort:<\/span> N\u00e4rpes<\/div><div class=\"reswrp\"><span>Inv\u00e5nare:<\/span> yli200<\/div><a href=\"https:\/\/aktion.fi\/fi\/byar\/kalax\/\" class=\"itmlnk\">Lue lis\u00e4\u00e4 <span class=\"arrow_carrot-right\"><\/span><\/a><ul class=\"lnkcoll\"><li><a href=\"https:\/\/www.kalax.fi\/\" target=\"_blank\">https:\/\/www.kalax.fi\/<\/a><\/li><li class=\"pfmicns\"><a href=\"https:\/\/www.facebook.com\/share\/g\/1HNHkRTY8X\/?mibextid=wwXIfr\" target=\"_blank\"><span class=\"social_facebook_square\"><\/span><\/a><a href=\"https:\/\/www.instagram.com\/kalaxbyaforening?igsh=NHc4dTBkbnM0aXE1\" target=\"_blank\"><span class=\"social_instagram\"><\/span><\/a><\/li><\/ul><\/div><!--\/.sing_itm--><div class=\"sing_itm\"><h3><a href=\"https:\/\/aktion.fi\/fi\/byar\/korsnas\/\">Korsn\u00e4s<\/a><\/h3><div class=\"deswrp\">Korsn\u00e4s \u2013 Finlands v\u00e4stligaste fastlandskommun, tidigare v\u00e4rldens svenskaste kommun, best\u00e5r av byarna Korsn\u00e4s, Harrstr\u00f6m, Korsb\u00e4ck, Molpe och Taklax. Kanske har du h\u00f6rt talas om den unika Korsn\u00e4s-tr\u00f6jan, den som<\/div><div class=\"ctywrp\"><span>Ort:<\/span> Korsn\u00e4s<\/div><div class=\"reswrp\"><span>Inv\u00e5nare:<\/span> 50\u2013100<\/div><a href=\"https:\/\/aktion.fi\/fi\/byar\/korsnas\/\" class=\"itmlnk\">Lue lis\u00e4\u00e4 <span class=\"arrow_carrot-right\"><\/span><\/a><\/div><!--\/.sing_itm--><div class=\"sing_itm\"><h3><a href=\"https:\/\/aktion.fi\/fi\/byar\/molpe\/\">Molpe<\/a><\/h3><div class=\"deswrp\">Molpe ligger p\u00e5 Finlands v\u00e4stkust, cirka 30 minuter s\u00f6der om Vasa. Molpe \u00e4r en by i Korsn\u00e4s kommun, en av v\u00e4rldens mest svenskspr\u00e5kiga kommuner. I byn bor det knappa<\/div><div class=\"ctywrp\"><span>Ort:<\/span> Korsn\u00e4s<\/div><div class=\"reswrp\"><span>Inv\u00e5nare:<\/span> yli200<\/div><a href=\"https:\/\/aktion.fi\/fi\/byar\/molpe\/\" class=\"itmlnk\">Lue lis\u00e4\u00e4 <span class=\"arrow_carrot-right\"><\/span><\/a><\/div><!--\/.sing_itm--><div class=\"sing_itm\"><h3><a href=\"https:\/\/aktion.fi\/fi\/byar\/norrnas\/\">Norrn\u00e4s<\/a><\/h3><div class=\"deswrp\">Norrn\u00e4s \u00e4r en sk\u00e4rg\u00e5rdsby i v\u00e4stra N\u00e4rpes med ca 280 inv\u00e5nare och \u00e4r en levande by med grundskola, byabutik och driftiga f\u00f6retagare. Norrn\u00e4s har flera aktiva f\u00f6reningar och tillsammans<\/div><div class=\"ctywrp\"><span>Ort:<\/span> N\u00e4rpes<\/div><div class=\"reswrp\"><span>Inv\u00e5nare:<\/span> yli200<\/div><a href=\"https:\/\/aktion.fi\/fi\/byar\/norrnas\/\" class=\"itmlnk\">Lue lis\u00e4\u00e4 <span class=\"arrow_carrot-right\"><\/span><\/a><ul class=\"lnkcoll\"><li><a href=\"https:\/\/norrnas.fi\/start\/\" target=\"_blank\">https:\/\/norrnas.fi\/start\/<\/a><\/li><li class=\"pfmicns\"><a href=\"https:\/\/www.facebook.com\/NorrnasUngdomsforening\" target=\"_blank\"><span class=\"social_facebook_square\"><\/span><\/a><a href=\"https:\/\/www.instagram.com\/norrnas_uf?igsh=MTM2bnp0cDFyYXBq\" target=\"_blank\"><span class=\"social_instagram\"><\/span><\/a><\/li><\/ul><\/div><!--\/.sing_itm--><div class=\"sing_itm\"><h3><a href=\"https:\/\/aktion.fi\/fi\/byar\/pjelax\/\">Pjelax<\/a><\/h3><div class=\"deswrp\">Pjelax \u00e4r den by i N\u00e4rpes som ligger l\u00e4ngst s\u00f6derut, cirka 10 kilometer fr\u00e5n N\u00e4rpes centrum. H\u00e4r bor det cirka 400 personer. Pjelax \u00e4r en levande by, med byabutik,<\/div><div class=\"ctywrp\"><span>Ort:<\/span> N\u00e4rpes<\/div><div class=\"reswrp\"><span>Inv\u00e5nare:<\/span> yli200<\/div><a href=\"https:\/\/aktion.fi\/fi\/byar\/pjelax\/\" class=\"itmlnk\">Lue lis\u00e4\u00e4 <span class=\"arrow_carrot-right\"><\/span><\/a><ul class=\"lnkcoll\"><li class=\"pfmicns\"><a href=\"https:\/\/www.instagram.com\/pjelaxuf\/\" target=\"_blank\"><span class=\"social_instagram\"><\/span><\/a><\/li><\/ul><\/div><!--\/.sing_itm--><div class=\"sing_itm\"><h3><a href=\"https:\/\/aktion.fi\/fi\/byar\/soderudden\/\">S\u00f6derudden<\/a><\/h3><div class=\"deswrp\">Till S\u00f6deruddens sk\u00e4rg\u00e5rd kan man komma med bil, b\u00e5t eller cykel. Man m\u00f6ts av en storslagen sk\u00e4rg\u00e5rdsmilj\u00f6, ett rikt f\u00e5gelliv och enligt statistiken en av de soligaste platserna i<\/div><div class=\"ctywrp\"><span>Ort:<\/span> Korsholm<\/div><div class=\"reswrp\"><span>Inv\u00e5nare:<\/span> 100\u2013200<\/div><a href=\"https:\/\/aktion.fi\/fi\/byar\/soderudden\/\" class=\"itmlnk\">Lue lis\u00e4\u00e4 <span class=\"arrow_carrot-right\"><\/span><\/a><\/div><!--\/.sing_itm--><div class=\"sing_itm\"><h3><a href=\"https:\/\/aktion.fi\/fi\/byar\/sodra-vallgrund\/\">S\u00f6dra Vallgrund<\/a><\/h3><div class=\"deswrp\">S\u00f6dra Vallgrund \u2013 Sk\u00e4rg\u00e5rdsbyn med hj\u00e4rta och historia Vid den yttre kusten av Replot, mitt i den UNESCO-listade Kvarkens sk\u00e4rg\u00e5rd, ligger S\u00f6dra Vallgrund \u2013 en liten men levande by<\/div><div class=\"ctywrp\"><span>Ort:<\/span> Korsholm<\/div><div class=\"reswrp\"><span>Inv\u00e5nare:<\/span> yli200<\/div><a href=\"https:\/\/aktion.fi\/fi\/byar\/sodra-vallgrund\/\" class=\"itmlnk\">Lue lis\u00e4\u00e4 <span class=\"arrow_carrot-right\"><\/span><\/a><\/div><!--\/.sing_itm--><div class=\"sing_itm\"><h3><a href=\"https:\/\/aktion.fi\/fi\/byar\/taklax\/\">Taklax<\/a><\/h3><div class=\"deswrp\">Taklax \u00e4r en l\u00e5ngstr\u00e4ckt by i Korsn\u00e4s kommun, \u00d6sterbotten, cirka 60 kilometer s\u00f6der om Vasa. I byn finns ett aktivt f\u00f6reningsliv, med bl.a. ungdomsf\u00f6reningen Taklax UF som arrangerar popul\u00e4ra<\/div><div class=\"ctywrp\"><span>Ort:<\/span> Korsn\u00e4s<\/div><div class=\"reswrp\"><span>Inv\u00e5nare:<\/span> yli200<\/div><a href=\"https:\/\/aktion.fi\/fi\/byar\/taklax\/\" class=\"itmlnk\">Lue lis\u00e4\u00e4 <span class=\"arrow_carrot-right\"><\/span><\/a><\/div><!--\/.sing_itm--><div class=\"sing_itm\"><h3><a href=\"https:\/\/aktion.fi\/fi\/byar\/yttermalax\/\">Yttermalax<\/a><\/h3><div class=\"deswrp\">N\u00e4r du kommer k\u00f6randes l\u00e4ngs Strandv\u00e4gen och ser en MALAX-skylt, \u00e4r det Yttermalax du befinner dig i. Yttermalax \u00e4r en av byarna i Malax, med n\u00e4rmaste grannbyn \u00d6vermalax. Vid<\/div><div class=\"ctywrp\"><span>Ort:<\/span> Malax<\/div><div class=\"reswrp\"><span>Inv\u00e5nare:<\/span> yli200<\/div><a href=\"https:\/\/aktion.fi\/fi\/byar\/yttermalax\/\" class=\"itmlnk\">Lue lis\u00e4\u00e4 <span class=\"arrow_carrot-right\"><\/span><\/a><\/div><!--\/.sing_itm--><div class=\"sing_itm\"><h3><a href=\"https:\/\/aktion.fi\/fi\/byar\/yttermark\/\">Yttermark<\/a><\/h3><div class=\"deswrp\">Yttermark grundades 1546 och \u00e4r en av de st\u00f6rre byarna i N\u00e4rpes. Inv\u00e5narantalet var 945 i januari 2022. N\u00e4rpes \u00e5 rinner genom byn och d\u00e4rmed delas byn upp i<\/div><div class=\"ctywrp\"><span>Ort:<\/span> N\u00e4rpes<\/div><div class=\"reswrp\"><span>Inv\u00e5nare:<\/span> 50\u2013100<\/div><a href=\"https:\/\/aktion.fi\/fi\/byar\/yttermark\/\" class=\"itmlnk\">Lue lis\u00e4\u00e4 <span class=\"arrow_carrot-right\"><\/span><\/a><\/div><!--\/.sing_itm-->   \n        <\/div><!-- \/#filt_results -->\t\n\n    \n<p>[\/et_pb_text][\/et_pb_column][\/et_pb_row][\/et_pb_section][et_pb_section fb_built=&#8221;1&#8243; _builder_version=&#8221;4.22.1&#8243; _module_preset=&#8221;default&#8221; custom_padding=&#8221;70px||70px||true|false&#8221; global_colors_info=&#8221;{}&#8221;][et_pb_row column_structure=&#8221;1_2,1_2&#8243; make_equal=&#8221;on&#8221; _builder_version=&#8221;4.22.1&#8243; _module_preset=&#8221;default&#8221; custom_padding=&#8221;0px|0px|0px|0px|true|true&#8221; global_colors_info=&#8221;{}&#8221;][et_pb_column type=&#8221;1_2&#8243; module_class=&#8221;feat-box-tp3&#8243; _builder_version=&#8221;4.22.1&#8243; _module_preset=&#8221;default&#8221; background_image=&#8221;http:\/\/aktion.fi\/wp-content\/uploads\/2023\/09\/Aktion-osterbotten.jpg&#8221; custom_padding=&#8221;50px|0px|50px|0px|true|true&#8221; global_colors_info=&#8221;{}&#8221;][\/et_pb_column][et_pb_column type=&#8221;1_2&#8243; module_class=&#8221;feat-box-tp4&#8243; _builder_version=&#8221;4.22.1&#8243; _module_preset=&#8221;default&#8221; background_color=&#8221;#f5f1ed&#8221; custom_padding=&#8221;50px|50px|50px|50px|true|true&#8221; global_colors_info=&#8221;{}&#8221;][et_pb_text _builder_version=&#8221;4.22.1&#8243; _module_preset=&#8221;default&#8221; text_font=&#8221;|300|||||||&#8221; text_line_height=&#8221;1.8em&#8221; global_colors_info=&#8221;{}&#8221;]<\/p>\n<h2>Aktion \u00d6sterbotten<\/h2>\n<p>Aktion \u00d6sterbottenin laaja toiminta-alue k\u00e4sitt\u00e4\u00e4 13 kaksikielist\u00e4 kuntaa Pohjanmaalla ja Kokkolan Keski-Pohjanmaalla. Aktion \u00d6sterbottenin toiminnan ytimen\u00e4 ovat paikallisyhteis\u00f6t, kuten kyl\u00e4t. My\u00f6s pohjalaista yritt\u00e4j\u00e4henke\u00e4 halutaan pit\u00e4\u00e4 yll\u00e4. Yhdistys toimii innovatiivisena siltana kaupunkien, kuten Kokkolan ja Vaasan ja niit\u00e4 ymp\u00e4r\u00f6iv\u00e4n maaseudun v\u00e4lill\u00e4 ja samalla toiminnassa ylitet\u00e4\u00e4n my\u00f6s kielirajoja.<\/p>\n<p>[\/et_pb_text][et_pb_button button_url=&#8221;#&#8221; button_text=&#8221;Lue lis\u00e4\u00e4&#8221; module_class=&#8221;rmbtnlnk1&#8243; _builder_version=&#8221;4.22.1&#8243; _module_preset=&#8221;default&#8221; custom_button=&#8221;on&#8221; button_text_size=&#8221;16px&#8221; button_bg_color=&#8221;RGBA(255,255,255,0)&#8221; button_border_width=&#8221;0px&#8221; button_icon=&#8221;&#x35;||divi||400&#8243; button_on_hover=&#8221;off&#8221; custom_padding=&#8221;0px|0px|0px|0px|false|false&#8221; locked=&#8221;off&#8221; global_colors_info=&#8221;{}&#8221;][\/et_pb_button][\/et_pb_column][\/et_pb_row][\/et_pb_section]<\/p>\n","protected":false},"excerpt":{"rendered":"<p>[et_pb_section fb_built=&#8221;1&#8243; module_id=&#8221;mbantp2&#8243; _builder_version=&#8221;4.22.1&#8243; _module_preset=&#8221;default&#8221; background_color=&#8221;#FFFFFF&#8221; background_image=&#8221;http:\/\/aktion.fi\/wp-content\/uploads\/2023\/10\/Aktion-osterbotten.jpg&#8221; module_alignment=&#8221;center&#8221; custom_padding=&#8221;6%|20%|6%|20%|true|true&#8221; saved_tabs=&#8221;all&#8221; global_colors_info=&#8221;{}&#8221;][et_pb_row module_id=&#8221;brdcrms&#8221; _builder_version=&#8221;4.22.1&#8243; _module_preset=&#8221;default&#8221; global_colors_info=&#8221;{}&#8221;][et_pb_column type=&#8221;4_4&#8243; _builder_version=&#8221;4.22.1&#8243; _module_preset=&#8221;default&#8221; global_colors_info=&#8221;{}&#8221;][et_pb_text _builder_version=&#8221;4.22.1&#8243; _module_preset=&#8221;default&#8221; global_colors_info=&#8221;{}&#8221;] [\/et_pb_text][\/et_pb_column][\/et_pb_row][et_pb_row module_id=&#8221;inpghdng&#8221; _builder_version=&#8221;4.22.1&#8243; _module_preset=&#8221;default&#8221; global_colors_info=&#8221;{}&#8221;][et_pb_column type=&#8221;4_4&#8243; _builder_version=&#8221;4.22.1&#8243; _module_preset=&#8221;default&#8221; [&hellip;]<\/p>\n","protected":false},"author":2,"featured_media":0,"parent":305447,"menu_order":0,"comment_status":"closed","ping_status":"closed","template":"","meta":{"_acf_changed":false,"_et_pb_use_builder":"on","_et_pb_old_content":"","_et_gb_content_width":"","footnotes":""},"class_list":["post-304618","page","type-page","status-publish","hentry"],"acf":[],"_links":{"self":[{"href":"https:\/\/aktion.fi\/fi\/wp-json\/wp\/v2\/pages\/304618","targetHints":{"allow":["GET"]}}],"collection":[{"href":"https:\/\/aktion.fi\/fi\/wp-json\/wp\/v2\/pages"}],"about":[{"href":"https:\/\/aktion.fi\/fi\/wp-json\/wp\/v2\/types\/page"}],"author":[{"embeddable":true,"href":"https:\/\/aktion.fi\/fi\/wp-json\/wp\/v2\/users\/2"}],"replies":[{"embeddable":true,"href":"https:\/\/aktion.fi\/fi\/wp-json\/wp\/v2\/comments?post=304618"}],"version-history":[{"count":5,"href":"https:\/\/aktion.fi\/fi\/wp-json\/wp\/v2\/pages\/304618\/revisions"}],"predecessor-version":[{"id":309696,"href":"https:\/\/aktion.fi\/fi\/wp-json\/wp\/v2\/pages\/304618\/revisions\/309696"}],"up":[{"embeddable":true,"href":"https:\/\/aktion.fi\/fi\/wp-json\/wp\/v2\/pages\/305447"}],"wp:attachment":[{"href":"https:\/\/aktion.fi\/fi\/wp-json\/wp\/v2\/media?parent=304618"}],"curies":[{"name":"wp","href":"https:\/\/api.w.org\/{rel}","templated":true}]}}