{"id":304639,"date":"2023-09-24T12:59:20","date_gmt":"2023-09-24T09:59:20","guid":{"rendered":"http:\/\/aktion.fi\/yhteisot\/sma-projekt-och-forberedelsepengar\/"},"modified":"2024-06-27T04:42:17","modified_gmt":"2024-06-27T04:42:17","slug":"sma-projekt-och-forberedelsepengar","status":"publish","type":"page","link":"https:\/\/aktion.fi\/fi\/yhteisot\/sma-projekt-och-forberedelsepengar\/","title":{"rendered":"Pienhankkeet ja valmisteluraha"},"content":{"rendered":"<p>[et_pb_section fb_built=&#8221;1&#8243; module_id=&#8221;mbantp2&#8243; _builder_version=&#8221;4.22.1&#8243; _module_preset=&#8221;default&#8221; background_color=&#8221;#FFFFFF&#8221; background_image=&#8221;http:\/\/aktion.fi\/wp-content\/uploads\/2023\/10\/Sma-projekt.jpg&#8221; module_alignment=&#8221;center&#8221; custom_padding=&#8221;6%|20%|6%|20%|true|true&#8221; global_colors_info=&#8221;{}&#8221;][et_pb_row module_id=&#8221;brdcrms&#8221; _builder_version=&#8221;4.22.1&#8243; _module_preset=&#8221;default&#8221; global_colors_info=&#8221;{}&#8221;][et_pb_column type=&#8221;4_4&#8243; _builder_version=&#8221;4.22.1&#8243; _module_preset=&#8221;default&#8221; global_colors_info=&#8221;{}&#8221;][et_pb_text _builder_version=&#8221;4.22.1&#8243; _module_preset=&#8221;default&#8221; global_colors_info=&#8221;{}&#8221;]<\/p>\n\t\t\t<!-- Flexy Breadcrumb -->\r\n\t\t\t<div class=\"fbc fbc-page\">\r\n\r\n\t\t\t\t<!-- Breadcrumb wrapper -->\r\n\t\t\t\t<div class=\"fbc-wrap\">\r\n\r\n\t\t\t\t\t<!-- Ordered list-->\r\n\t\t\t\t\t<ol class=\"fbc-items\" itemscope itemtype=\"https:\/\/schema.org\/BreadcrumbList\">\r\n\t\t\t\t\t\t            <li itemprop=\"itemListElement\" itemscope itemtype=\"https:\/\/schema.org\/ListItem\">\r\n                <span itemprop=\"name\">\r\n                    <!-- Home Link -->\r\n                    <a itemprop=\"item\" href=\"https:\/\/aktion.fi\">\r\n                    \r\n                                                    <i class=\"fa fa-home\" aria-hidden=\"true\"><\/i>Home                    <\/a>\r\n                <\/span>\r\n                <meta itemprop=\"position\" content=\"1\" \/><!-- Meta Position-->\r\n             <\/li><li><span class=\"fbc-separator\">\/<\/span><\/li><li class=\"active\" itemprop=\"itemListElement\" itemscope itemtype=\"https:\/\/schema.org\/ListItem\"><span itemprop=\"name\" title=\"Blogi\">Blogi<\/span><meta itemprop=\"position\" content=\"2\" \/><\/li>\t\t\t\t\t<\/ol>\r\n\t\t\t\t\t<div class=\"clearfix\"><\/div>\r\n\t\t\t\t<\/div>\r\n\t\t\t<\/div>\r\n\t\t\t\n<p>[\/et_pb_text][\/et_pb_column][\/et_pb_row][et_pb_row module_id=&#8221;inpghdng&#8221; _builder_version=&#8221;4.22.1&#8243; _module_preset=&#8221;default&#8221; global_colors_info=&#8221;{}&#8221;][et_pb_column type=&#8221;4_4&#8243; _builder_version=&#8221;4.22.1&#8243; _module_preset=&#8221;default&#8221; global_colors_info=&#8221;{}&#8221;][et_pb_text _builder_version=&#8221;4.25.2&#8243; _module_preset=&#8221;default&#8221; header_text_color=&#8221;#FFFFFF&#8221; header_font_size=&#8221;60px&#8221; header_font_size_tablet=&#8221;50px&#8221; header_font_size_phone=&#8221;40px&#8221; header_font_size_last_edited=&#8221;on|phone&#8221; header_text_shadow_style=&#8221;preset2&#8243; header_text_shadow_horizontal_length=&#8221;0.01em&#8221; header_text_shadow_vertical_length=&#8221;0.03em&#8221; global_colors_info=&#8221;{}&#8221;]<\/p>\n<h1>Pienimuotoiset hankkeet ja valmisteluraha<\/h1>\n<p>[\/et_pb_text][\/et_pb_column][\/et_pb_row][\/et_pb_section][et_pb_section fb_built=&#8221;1&#8243; _builder_version=&#8221;4.22.1&#8243; _module_preset=&#8221;default&#8221; custom_padding=&#8221;50px||80px||false|false&#8221; global_colors_info=&#8221;{}&#8221;][et_pb_row column_structure=&#8221;1_2,1_2&#8243; _builder_version=&#8221;4.22.1&#8243; _module_preset=&#8221;default&#8221; width=&#8221;100%&#8221; custom_padding=&#8221;27px|||||&#8221; locked=&#8221;off&#8221; global_colors_info=&#8221;{}&#8221;][et_pb_column type=&#8221;1_2&#8243; _builder_version=&#8221;4.22.1&#8243; _module_preset=&#8221;default&#8221; global_colors_info=&#8221;{}&#8221;][et_pb_text _builder_version=&#8221;4.25.2&#8243; _module_preset=&#8221;default&#8221; text_font=&#8221;|300|||||||&#8221; global_colors_info=&#8221;{}&#8221;]<\/p>\n<div class=\"landing-header\">\n<h2>Valmisteluraha<\/h2>\n<div class=\"header-text\">\n<p class=\"ot\"><span>Voit saada 5000 euron valmistelurahan yritys- tai viljelij\u00e4ryhm\u00e4hankkeen, tuottajaorganisaatiohankkeen, EIP-hankkeen tai \u00c4lykk\u00e4\u00e4t kyl\u00e4t -hankkeen valmisteluun.<\/span><\/p>\n<p>Valmistelurahalla voit koota ja sitouttaa yhteisty\u00f6hankkeen toimijoita, valmistella varsinaista hanketta, laatia hankesuunnitelman tai selvitt\u00e4\u00e4 hankkeen onnistumisen edellytyksi\u00e4.<\/p>\n<\/div>\n<\/div>\n<ul><\/ul>\n<ul><\/ul>\n<p>[\/et_pb_text][et_pb_button button_url=&#8221;https:\/\/www.ruokavirasto.fi\/sv\/stod\/tjanster-och-naringsutveckling-pa-landsbygden\/utveckling-och-samarbete\/forberedelsepengar\/&#8221; button_text=&#8221;Lue lis\u00e4\u00e4&#8221; module_class=&#8221;rmbtnlnk1&#8243; _builder_version=&#8221;4.22.1&#8243; _module_preset=&#8221;default&#8221; custom_button=&#8221;on&#8221; button_text_size=&#8221;16px&#8221; button_bg_color=&#8221;RGBA(255,255,255,0)&#8221; button_border_width=&#8221;0px&#8221; button_icon=&#8221;&#x35;||divi||400&#8243; button_on_hover=&#8221;off&#8221; custom_padding=&#8221;0px|0px|0px|0px|false|false&#8221; locked=&#8221;off&#8221; global_colors_info=&#8221;{}&#8221;][\/et_pb_button][\/et_pb_column][et_pb_column type=&#8221;1_2&#8243; _builder_version=&#8221;4.22.1&#8243; _module_preset=&#8221;default&#8221; global_colors_info=&#8221;{}&#8221;][et_pb_accordion _builder_version=&#8221;4.25.2&#8243; _module_preset=&#8221;default&#8221; toggle_level=&#8221;h6&#8243; body_font_size=&#8221;14px&#8221; global_colors_info=&#8221;{}&#8221;][et_pb_accordion_item title=&#8221;Kuka voi saada tukea?&#8221; open=&#8221;on&#8221; _builder_version=&#8221;4.22.1&#8243; _module_preset=&#8221;default&#8221; global_colors_info=&#8221;{}&#8221;]<\/p>\n<p><span>Valmistelurahaa voi saada julkisoikeudellinen tai yksityisoikeudellinen yhteis\u00f6. <\/span><\/p>\n<ul><\/ul>\n<p>[\/et_pb_accordion_item][et_pb_accordion_item title=&#8221;Tuen m\u00e4\u00e4r\u00e4&#8221; _builder_version=&#8221;4.22.1&#8243; _module_preset=&#8221;default&#8221; global_colors_info=&#8221;{}&#8221; open=&#8221;off&#8221;]<\/p>\n<p><span>Tukea voit saada 5000 euroa. Tuki maksetaan yhdess\u00e4 er\u00e4ss\u00e4 vakioituna kertakorvauksena.<\/span><br \/><span>Tuki maksetaan j\u00e4lkik\u00e4teen, joten tarvitset hankkeen k\u00e4ynnist\u00e4miseen omaa rahoitusta.<\/span><\/p>\n<p>[\/et_pb_accordion_item][et_pb_accordion_item title=&#8221;Tuen ehdot&#8221; _builder_version=&#8221;4.22.1&#8243; _module_preset=&#8221;default&#8221; global_colors_info=&#8221;{}&#8221; open=&#8221;off&#8221;]<\/p>\n<p>Voit saada valmistelurahaa, jos sinulla on suunnitelma hakea tukea kehitt\u00e4mishankkeeseen.<\/p>\n<p>Valmistelurahaa voit saada vain yhden kerran samaan kehitt\u00e4miskohteeseen. Valmistelurahalla toteutettava hanke voi kest\u00e4\u00e4 korkeintaan vuoden.<\/p>\n<p>[\/et_pb_accordion_item][et_pb_accordion_item title=&#8221;Tukialue&#8221; _builder_version=&#8221;4.22.1&#8243; _module_preset=&#8221;default&#8221; global_colors_info=&#8221;{}&#8221; open=&#8221;off&#8221;]<\/p>\n<p><a title=\"Tukikartta\" href=\"https:\/\/hkp.maanmittauslaitos.fi\/hkp\/published\/fi\/c2e07f2d-4f70-49ad-ae1a-5853fe7d03e1\">T\u00e4st\u00e4 kartasta voit<\/a><span> tarkistaa sijaitseeko yrityksesi tuettavalla alueella. Alueet joille rahoitusta ei voida my\u00f6nt\u00e4\u00e4 on merkitty karttaa mustalla ja valkoisella. Jos klikkaat karttaa, saat lis\u00e4tietoja paikasta: alueen Leader-ryhm\u00e4st\u00e4 ja alueen sijainnista kaupunki-maaseutuluokituksessa.<\/span><\/p>\n<p>[\/et_pb_accordion_item][\/et_pb_accordion][\/et_pb_column][\/et_pb_row][et_pb_row _builder_version=&#8221;4.22.1&#8243; _module_preset=&#8221;default&#8221; global_colors_info=&#8221;{}&#8221;][et_pb_column type=&#8221;4_4&#8243; _builder_version=&#8221;4.22.1&#8243; _module_preset=&#8221;default&#8221; global_colors_info=&#8221;{}&#8221;][et_pb_divider _builder_version=&#8221;4.22.1&#8243; _module_preset=&#8221;default&#8221; global_colors_info=&#8221;{}&#8221;][\/et_pb_divider][\/et_pb_column][\/et_pb_row][et_pb_row column_structure=&#8221;1_2,1_2&#8243; _builder_version=&#8221;4.22.1&#8243; _module_preset=&#8221;default&#8221; width=&#8221;100%&#8221; custom_padding=&#8221;27px|||||&#8221; locked=&#8221;off&#8221; global_colors_info=&#8221;{}&#8221;][et_pb_column type=&#8221;1_2&#8243; _builder_version=&#8221;4.22.1&#8243; _module_preset=&#8221;default&#8221; global_colors_info=&#8221;{}&#8221;][et_pb_text _builder_version=&#8221;4.25.2&#8243; _module_preset=&#8221;default&#8221; text_font=&#8221;|300|||||||&#8221; global_colors_info=&#8221;{}&#8221;]<\/p>\n<div class=\"landing-header\">\n<h2>Pienimuotoiset hankkeet<\/h2>\n<div class=\"header-text\">\n<p class=\"ot\"><span>Kaksi erilaista investointitukea on haettavissa t\u00e4ll\u00e4 hetkell\u00e4: yksi keskittyy <strong>liikuntaan ja virkistykseen kyl\u00e4ss\u00e4<\/strong> ja toinen keskittyy <strong>yhdistyksen tilojen ja tapahtumien saavutettavuuden parantamiseen.<\/strong> Onko yhdistyksell\u00e4nne hanke joka sopii t\u00e4h\u00e4n? Ota yhteytt\u00e4!<\/span><\/p>\n<p>Hyv\u00e4ksytt\u00e4v\u00e4t kustannukset hankkeessa ovat:<\/p>\n<ul>\n<li>materiaalikustannukset<\/li>\n<li>Koneet ja kalusteet, esimerkiksi valmiit v\u00e4lineet leikkikentille tai ulkokuntosaleille.<\/li>\n<li>Ostetut palvelut, jos esimerkiksi tarvitaan s\u00e4hk\u00f6asentajaa tai kirvesmiest\u00e4.<\/li>\n<li>talkooty\u00f6<\/li>\n<\/ul>\n<p class=\"ot\"><span><\/span><\/p>\n<p class=\"ot\"><span><\/span><\/p>\n<h2><\/h2>\n<\/div>\n<\/div>\n<ul><\/ul>\n<p>[\/et_pb_text][et_pb_button button_url=&#8221;https:\/\/www.ruokavirasto.fi\/sv\/stod\/tjanster-och-naringsutveckling-pa-landsbygden\/sma-projekt\/&#8221; button_text=&#8221;Lue lis\u00e4\u00e4&#8221; module_class=&#8221;rmbtnlnk1&#8243; _builder_version=&#8221;4.22.1&#8243; _module_preset=&#8221;default&#8221; custom_button=&#8221;on&#8221; button_text_size=&#8221;16px&#8221; button_bg_color=&#8221;RGBA(255,255,255,0)&#8221; button_border_width=&#8221;0px&#8221; button_icon=&#8221;&#x35;||divi||400&#8243; button_on_hover=&#8221;off&#8221; custom_padding=&#8221;0px|0px|0px|0px|false|false&#8221; locked=&#8221;off&#8221; global_colors_info=&#8221;{}&#8221;][\/et_pb_button][\/et_pb_column][et_pb_column type=&#8221;1_2&#8243; _builder_version=&#8221;4.22.1&#8243; _module_preset=&#8221;default&#8221; global_colors_info=&#8221;{}&#8221;][et_pb_accordion _builder_version=&#8221;4.25.2&#8243; _module_preset=&#8221;default&#8221; toggle_level=&#8221;h6&#8243; body_font_size=&#8221;14px&#8221; global_colors_info=&#8221;{}&#8221;][et_pb_accordion_item title=&#8221;Kuka voi saada tukea?&#8221; open=&#8221;on&#8221; _builder_version=&#8221;4.25.2&#8243; _module_preset=&#8221;default&#8221; global_colors_info=&#8221;{}&#8221;]<\/p>\n<p>Tukea pienille hankkeille voidaan my\u00f6nt\u00e4\u00e4 julkisoikeudelliselle tai yksityisoikeudelliselle yhteis\u00f6lle, kuten kyl\u00e4yhdistyksille. Tukea ei ole suunnattu kunnille.<\/p>\n<ul><\/ul>\n<p>[\/et_pb_accordion_item][et_pb_accordion_item title=&#8221;Tuen m\u00e4\u00e4r\u00e4&#8221; _builder_version=&#8221;4.25.2&#8243; _module_preset=&#8221;default&#8221; global_colors_info=&#8221;{}&#8221; open=&#8221;off&#8221;]<\/p>\n<p>Hankkeen budjetti voi olla 2 000 &#8211; 8 000 euroa. Tukiosuus on 50 prosenttia kokonaisbudjetista. Talkooty\u00f6t\u00e4 voidaan k\u00e4ytt\u00e4\u00e4 oman rahoituksen osana.<\/p>\n<p>Pienimuotoisten hankkeiden tuki maksetaan j\u00e4lkik\u00e4teen kertakorvauksena kun hanke on valmis. Tuki on tulosperusteinen, mik\u00e4 tarkoittaa, ett\u00e4 projektin toteutuminen suunnitelman mukaisesti tulee osoittaa maksatushakemuksen yhteydess\u00e4, eik\u00e4 kaikkia kuitteja tarvitse esitt\u00e4\u00e4. T\u00e4m\u00e4 tarkoittaa my\u00f6s sit\u00e4, ett\u00e4 hankesuunnitelmaa ei voi muuttaa, vaan ainoastaan pident\u00e4\u00e4 hankeaikaa, jos jotain odottamatonta tapahtuu.<\/p>\n<p>[\/et_pb_accordion_item][et_pb_accordion_item title=&#8221;Tukialue&#8221; _builder_version=&#8221;4.22.1&#8243; _module_preset=&#8221;default&#8221; global_colors_info=&#8221;{}&#8221; open=&#8221;off&#8221;]<\/p>\n<p><a title=\"Tukikartta\" href=\"https:\/\/hkp.maanmittauslaitos.fi\/hkp\/published\/fi\/c2e07f2d-4f70-49ad-ae1a-5853fe7d03e1\">T\u00e4st\u00e4 kartasta voit<\/a><span> tarkistaa sijaitseeko yrityksesi tuettavalla alueella. Alueet joille rahoitusta ei voida my\u00f6nt\u00e4\u00e4 on merkitty karttaa mustalla ja valkoisella. Jos klikkaat karttaa, saat lis\u00e4tietoja paikasta: alueen Leader-ryhm\u00e4st\u00e4 ja alueen sijainnista kaupunki-maaseutuluokituksessa.<\/span><\/p>\n<p>[\/et_pb_accordion_item][\/et_pb_accordion][\/et_pb_column][\/et_pb_row][et_pb_row _builder_version=&#8221;4.22.1&#8243; _module_preset=&#8221;default&#8221; global_colors_info=&#8221;{}&#8221;][et_pb_column type=&#8221;4_4&#8243; _builder_version=&#8221;4.22.1&#8243; _module_preset=&#8221;default&#8221; global_colors_info=&#8221;{}&#8221;][et_pb_divider _builder_version=&#8221;4.22.1&#8243; _module_preset=&#8221;default&#8221; global_colors_info=&#8221;{}&#8221;][\/et_pb_divider][\/et_pb_column][\/et_pb_row][et_pb_row column_structure=&#8221;1_2,1_2&#8243; _builder_version=&#8221;4.25.2&#8243; _module_preset=&#8221;default&#8221; global_colors_info=&#8221;{}&#8221;][et_pb_column type=&#8221;1_2&#8243; _builder_version=&#8221;4.25.2&#8243; _module_preset=&#8221;default&#8221; global_colors_info=&#8221;{}&#8221;][et_pb_image src=&#8221;https:\/\/aktion.fi\/wp-content\/uploads\/2024\/06\/Smastod-tillganglighet.png&#8221; title_text=&#8221;Pienimuotoinen tuki saavutettavuuteen&#8221; _builder_version=&#8221;4.25.2&#8243; _module_preset=&#8221;default&#8221; global_colors_info=&#8221;{}&#8221;][\/et_pb_image][\/et_pb_column][et_pb_column type=&#8221;1_2&#8243; _builder_version=&#8221;4.25.2&#8243; _module_preset=&#8221;default&#8221; global_colors_info=&#8221;{}&#8221;][et_pb_image src=&#8221;https:\/\/aktion.fi\/wp-content\/uploads\/2024\/06\/Smastod-motion.png&#8221; _builder_version=&#8221;4.25.2&#8243; _module_preset=&#8221;default&#8221; global_colors_info=&#8221;{}&#8221;][\/et_pb_image][\/et_pb_column][\/et_pb_row][et_pb_row _builder_version=&#8221;4.25.2&#8243; _module_preset=&#8221;default&#8221; global_colors_info=&#8221;{}&#8221;][et_pb_column type=&#8221;4_4&#8243; _builder_version=&#8221;4.25.2&#8243; _module_preset=&#8221;default&#8221; global_colors_info=&#8221;{}&#8221;][et_pb_divider _builder_version=&#8221;4.25.2&#8243; _module_preset=&#8221;default&#8221; global_colors_info=&#8221;{}&#8221;][\/et_pb_divider][\/et_pb_column][\/et_pb_row][et_pb_row column_structure=&#8221;1_3,1_3,1_3&#8243; _builder_version=&#8221;4.22.1&#8243; _module_preset=&#8221;default&#8221; custom_padding=&#8221;0px||0px||true|false&#8221; locked=&#8221;off&#8221; global_colors_info=&#8221;{}&#8221;][et_pb_column type=&#8221;1_3&#8243; _builder_version=&#8221;4.22.1&#8243; _module_preset=&#8221;default&#8221; global_colors_info=&#8221;{}&#8221;][et_pb_blurb title=&#8221;Ideasta projektiksi&#8221; image=&#8221;http:\/\/aktion.fi\/wp-content\/uploads\/2023\/09\/Yritykset.jpg&#8221; module_class=&#8221;blbtp1&#8243; _builder_version=&#8221;4.22.1&#8243; _module_preset=&#8221;default&#8221; header_level=&#8221;h3&#8243; header_text_color=&#8221;#0070A8&#8243; body_font=&#8221;|300|||||||&#8221; global_colors_info=&#8221;{}&#8221;]<\/p>\n<p><span>Matka ideasta hankkeeksi voi tuntua pitk\u00e4lt\u00e4 ja vaikealta. T\u00e4nne olemme koonneet askeleita, joilla projektin valmistelu ja toteutus sujuu mutkattomasti ja voit vied\u00e4 ideaasi eteenp\u00e4in.<\/span><\/p>\n<p>[\/et_pb_blurb][et_pb_button button_url=&#8221;https:\/\/aktion.fi\/fi\/ideasta-hankkeeksi\/&#8221; button_text=&#8221;Lue lis\u00e4\u00e4&#8221; module_class=&#8221;rmbtnlnk1&#8243; _builder_version=&#8221;4.22.1&#8243; _module_preset=&#8221;default&#8221; custom_button=&#8221;on&#8221; button_text_size=&#8221;16px&#8221; button_bg_color=&#8221;RGBA(255,255,255,0)&#8221; button_border_width=&#8221;0px&#8221; button_icon=&#8221;&#x35;||divi||400&#8243; button_on_hover=&#8221;off&#8221; custom_padding=&#8221;0px|0px|0px|0px|false|false&#8221; global_colors_info=&#8221;{}&#8221;][\/et_pb_button][\/et_pb_column][et_pb_column type=&#8221;1_3&#8243; _builder_version=&#8221;4.22.1&#8243; _module_preset=&#8221;default&#8221; global_colors_info=&#8221;{}&#8221;][et_pb_blurb title=&#8221;Meid\u00e4n strategia&#8221; image=&#8221;http:\/\/aktion.fi\/wp-content\/uploads\/2023\/09\/yhteisot.jpg&#8221; module_class=&#8221;blbtp1&#8243; _builder_version=&#8221;4.22.1&#8243; _module_preset=&#8221;default&#8221; header_level=&#8221;h3&#8243; header_text_color=&#8221;#0070A8&#8243; body_font=&#8221;|300|||||||&#8221; locked=&#8221;off&#8221; global_colors_info=&#8221;{}&#8221;]<\/p>\n<p><span>Strategiamme <\/span> <strong>Meid\u00e4n Pohjanmaamme<\/strong> <span>on meid\u00e4n yhteinen kehitt\u00e4mistavoitteemme luoda paikka, jossa on edellytykset rakentaa hyv\u00e4\u00e4 ja kest\u00e4v\u00e4\u00e4 tulevaisuutta.<\/span><\/p>\n<p>[\/et_pb_blurb][et_pb_button button_url=&#8221;https:\/\/aktion.fi\/aktionosterbotten\/strategi\/&#8221; button_text=&#8221;Lue lis\u00e4\u00e4&#8221; module_class=&#8221;rmbtnlnk1&#8243; _builder_version=&#8221;4.22.1&#8243; _module_preset=&#8221;default&#8221; custom_button=&#8221;on&#8221; button_text_size=&#8221;16px&#8221; button_bg_color=&#8221;RGBA(255,255,255,0)&#8221; button_border_width=&#8221;0px&#8221; button_icon=&#8221;&#x35;||divi||400&#8243; button_on_hover=&#8221;off&#8221; custom_padding=&#8221;0px|0px|0px|0px|false|false&#8221; locked=&#8221;off&#8221; global_colors_info=&#8221;{}&#8221;][\/et_pb_button][\/et_pb_column][et_pb_column type=&#8221;1_3&#8243; _builder_version=&#8221;4.22.1&#8243; _module_preset=&#8221;default&#8221; global_colors_info=&#8221;{}&#8221;][et_pb_blurb title=&#8221;Valintakriteerit&#8221; image=&#8221;http:\/\/aktion.fi\/wp-content\/uploads\/2023\/09\/kylat.jpg&#8221; module_class=&#8221;blbtp1&#8243; _builder_version=&#8221;4.22.1&#8243; _module_preset=&#8221;default&#8221; header_level=&#8221;h3&#8243; header_text_color=&#8221;#0070A8&#8243; body_font=&#8221;|300|||||||&#8221; locked=&#8221;off&#8221; global_colors_info=&#8221;{}&#8221;]<\/p>\n<p>Saadakseen rahoitusta, hankkeen tulee t\u00e4ytt\u00e4\u00e4 tietyt valintakriteerit.<\/p>\n<p>[\/et_pb_blurb][et_pb_button button_url=&#8221;https:\/\/aktion.fi\/fi\/valintakriteerit\/&#8221; button_text=&#8221;Lue lis\u00e4\u00e4&#8221; module_class=&#8221;rmbtnlnk1&#8243; _builder_version=&#8221;4.22.1&#8243; _module_preset=&#8221;default&#8221; custom_button=&#8221;on&#8221; button_text_size=&#8221;16px&#8221; button_bg_color=&#8221;RGBA(255,255,255,0)&#8221; button_border_width=&#8221;0px&#8221; button_icon=&#8221;&#x35;||divi||400&#8243; button_on_hover=&#8221;off&#8221; custom_padding=&#8221;0px|0px|0px|0px|false|false&#8221; locked=&#8221;off&#8221; global_colors_info=&#8221;{}&#8221;][\/et_pb_button][\/et_pb_column][\/et_pb_row][\/et_pb_section][et_pb_section fb_built=&#8221;1&#8243; _builder_version=&#8221;4.22.1&#8243; _module_preset=&#8221;default&#8221; custom_padding=&#8221;0px||0px||true|false&#8221; locked=&#8221;off&#8221; global_colors_info=&#8221;{}&#8221;][et_pb_row _builder_version=&#8221;4.22.1&#8243; _module_preset=&#8221;default&#8221; global_colors_info=&#8221;{}&#8221;][et_pb_column type=&#8221;4_4&#8243; _builder_version=&#8221;4.22.1&#8243; _module_preset=&#8221;default&#8221; global_colors_info=&#8221;{}&#8221;][et_pb_cta title=&#8221;Ota yhteytt\u00e4 Leader-neuvojiimme tai t\u00e4yt\u00e4 idealomake.&#8221; _builder_version=&#8221;4.25.2&#8243; _module_preset=&#8221;default&#8221; header_level=&#8221;h3&#8243; header_text_color=&#8221;#000000&#8243; background_color=&#8221;#E3DCD5&#8243; max_height=&#8221;575px&#8221; hover_enabled=&#8221;0&#8243; global_colors_info=&#8221;{}&#8221; button_url=&#8221;https:\/\/aktion.fi\/ideblankett\/&#8221; link_option_url=&#8221;https:\/\/aktion.fi\/ideblankett\/&#8221; url_new_window=&#8221;on&#8221; link_option_url_new_window=&#8221;on&#8221; sticky_enabled=&#8221;0&#8243;][\/et_pb_cta][\/et_pb_column][\/et_pb_row][et_pb_row column_structure=&#8221;1_4,1_4,1_4,1_4&#8243; _builder_version=&#8221;4.22.1&#8243; _module_preset=&#8221;default&#8221; background_color=&#8221;#FFFFFF&#8221; custom_padding=&#8221;0px||100px||false|false&#8221; global_colors_info=&#8221;{}&#8221;][et_pb_column type=&#8221;1_4&#8243; _builder_version=&#8221;4.22.1&#8243; _module_preset=&#8221;default&#8221; global_colors_info=&#8221;{}&#8221;][\/et_pb_column][et_pb_column type=&#8221;1_4&#8243; _builder_version=&#8221;4.22.1&#8243; _module_preset=&#8221;default&#8221; global_colors_info=&#8221;{}&#8221;][et_pb_team_member name=&#8221;Maria Carstensen&#8221; position=&#8221;Leader-neuvoja&#8221; image_url=&#8221;http:\/\/aktion.fi\/wp-content\/uploads\/2024\/05\/2.png&#8221; _builder_version=&#8221;4.22.1&#8243; _module_preset=&#8221;default&#8221; body_text_color=&#8221;#0070A8&#8243; text_orientation=&#8221;center&#8221; global_colors_info=&#8221;{}&#8221;]<\/p>\n<p>050 465 2630<\/p>\n<p>maria.carstensen@aktion.fi<\/p>\n<p>[\/et_pb_team_member][\/et_pb_column][et_pb_column type=&#8221;1_4&#8243; _builder_version=&#8221;4.22.1&#8243; _module_preset=&#8221;default&#8221; global_colors_info=&#8221;{}&#8221;][et_pb_team_member name=&#8221;Isabella Wiklund&#8221; position=&#8221;Leader-neuvoja&#8221; image_url=&#8221;http:\/\/aktion.fi\/wp-content\/uploads\/2024\/05\/1.png&#8221; _builder_version=&#8221;4.22.1&#8243; _module_preset=&#8221;default&#8221; body_text_color=&#8221;#0070A8&#8243; text_orientation=&#8221;center&#8221; global_colors_info=&#8221;{}&#8221;]<\/p>\n<p>0400 125 572<\/p>\n<p>isabella.wiklund@aktion.fi<\/p>\n<p>[\/et_pb_team_member][\/et_pb_column][et_pb_column type=&#8221;1_4&#8243; _builder_version=&#8221;4.22.1&#8243; _module_preset=&#8221;default&#8221; global_colors_info=&#8221;{}&#8221;][\/et_pb_column][\/et_pb_row][\/et_pb_section]<\/p>\n","protected":false},"excerpt":{"rendered":"<p>\t\t\t<!-- Flexy Breadcrumb -->\r\n\t\t\t<div class=\"fbc fbc-page\">\r\n\r\n\t\t\t\t<!-- Breadcrumb wrapper -->\r\n\t\t\t\t<div class=\"fbc-wrap\">\r\n\r\n\t\t\t\t\t<!-- Ordered list-->\r\n\t\t\t\t\t<ol class=\"fbc-items\" itemscope itemtype=\"https:\/\/schema.org\/BreadcrumbList\">\r\n\t\t\t\t\t\t            <li itemprop=\"itemListElement\" itemscope itemtype=\"https:\/\/schema.org\/ListItem\">\r\n                <span itemprop=\"name\">\r\n                    <!-- Home Link -->\r\n                    <a itemprop=\"item\" href=\"https:\/\/aktion.fi\">\r\n                    \r\n                                                    <i class=\"fa fa-home\" aria-hidden=\"true\"><\/i>Home                    <\/a>\r\n                <\/span>\r\n                <meta itemprop=\"position\" content=\"1\" \/><!-- Meta Position-->\r\n             <\/li><li><span class=\"fbc-separator\">\/<\/span><\/li><li class=\"active\" itemprop=\"itemListElement\" itemscope itemtype=\"https:\/\/schema.org\/ListItem\"><span itemprop=\"name\" title=\"Blogi\">Blogi<\/span><meta itemprop=\"position\" content=\"2\" \/><\/li>\t\t\t\t\t<\/ol>\r\n\t\t\t\t\t<div class=\"clearfix\"><\/div>\r\n\t\t\t\t<\/div>\r\n\t\t\t<\/div>\r\n\t\t\tPienimuotoiset hankkeet ja valmisteluraha Valmisteluraha Voit saada 5000 euron valmistelurahan yritys- tai viljelij\u00e4ryhm\u00e4hankkeen, tuottajaorganisaatiohankkeen, EIP-hankkeen tai \u00c4lykk\u00e4\u00e4t kyl\u00e4t -hankkeen valmisteluun. Valmistelurahalla voit koota ja sitouttaa yhteisty\u00f6hankkeen toimijoita, valmistella varsinaista hanketta, [&hellip;]<\/p>\n","protected":false},"author":2,"featured_media":0,"parent":304625,"menu_order":0,"comment_status":"closed","ping_status":"closed","template":"","meta":{"_acf_changed":false,"_et_pb_use_builder":"on","_et_pb_old_content":"","_et_gb_content_width":"","footnotes":""},"class_list":["post-304639","page","type-page","status-publish","hentry"],"acf":[],"_links":{"self":[{"href":"https:\/\/aktion.fi\/fi\/wp-json\/wp\/v2\/pages\/304639","targetHints":{"allow":["GET"]}}],"collection":[{"href":"https:\/\/aktion.fi\/fi\/wp-json\/wp\/v2\/pages"}],"about":[{"href":"https:\/\/aktion.fi\/fi\/wp-json\/wp\/v2\/types\/page"}],"author":[{"embeddable":true,"href":"https:\/\/aktion.fi\/fi\/wp-json\/wp\/v2\/users\/2"}],"replies":[{"embeddable":true,"href":"https:\/\/aktion.fi\/fi\/wp-json\/wp\/v2\/comments?post=304639"}],"version-history":[{"count":5,"href":"https:\/\/aktion.fi\/fi\/wp-json\/wp\/v2\/pages\/304639\/revisions"}],"predecessor-version":[{"id":309726,"href":"https:\/\/aktion.fi\/fi\/wp-json\/wp\/v2\/pages\/304639\/revisions\/309726"}],"up":[{"embeddable":true,"href":"https:\/\/aktion.fi\/fi\/wp-json\/wp\/v2\/pages\/304625"}],"wp:attachment":[{"href":"https:\/\/aktion.fi\/fi\/wp-json\/wp\/v2\/media?parent=304639"}],"curies":[{"name":"wp","href":"https:\/\/api.w.org\/{rel}","templated":true}]}}