{"id":305146,"date":"2023-12-11T12:57:47","date_gmt":"2023-12-11T09:57:47","guid":{"rendered":"https:\/\/aktion.fi\/cool-blue\/"},"modified":"2024-06-07T11:38:00","modified_gmt":"2024-06-07T11:38:00","slug":"cool-blue","status":"publish","type":"page","link":"https:\/\/aktion.fi\/fi\/cool-blue\/","title":{"rendered":"Cool Blue"},"content":{"rendered":"<p>[et_pb_section fb_built=&#8221;1&#8243; module_id=&#8221;mbantp2&#8243; _builder_version=&#8221;4.22.1&#8243; _module_preset=&#8221;default&#8221; background_color=&#8221;#FFFFFF&#8221; background_image=&#8221;http:\/\/aktion.fi\/wp-content\/uploads\/2023\/10\/f98176dd-0e77-3756-9d3b-909c9c0f62a3.jpg&#8221; module_alignment=&#8221;center&#8221; custom_padding=&#8221;6%|20%|6%|20%|true|true&#8221; hover_enabled=&#8221;0&#8243; saved_tabs=&#8221;all&#8221; global_colors_info=&#8221;{}&#8221; theme_builder_area=&#8221;post_content&#8221; sticky_enabled=&#8221;0&#8243; title_text=&#8221;f98176dd-0e77-3756-9d3b-909c9c0f62a3&#8243;][et_pb_row module_id=&#8221;brdcrms&#8221; _builder_version=&#8221;4.22.1&#8243; _module_preset=&#8221;default&#8221; global_colors_info=&#8221;{}&#8221; theme_builder_area=&#8221;post_content&#8221;][et_pb_column type=&#8221;4_4&#8243; _builder_version=&#8221;4.22.1&#8243; _module_preset=&#8221;default&#8221; global_colors_info=&#8221;{}&#8221; theme_builder_area=&#8221;post_content&#8221;][et_pb_text _builder_version=&#8221;4.22.1&#8243; _module_preset=&#8221;default&#8221; global_colors_info=&#8221;{}&#8221; theme_builder_area=&#8221;post_content&#8221;]<\/p>\n\t\t\t<!-- Flexy Breadcrumb -->\r\n\t\t\t<div class=\"fbc fbc-page\">\r\n\r\n\t\t\t\t<!-- Breadcrumb wrapper -->\r\n\t\t\t\t<div class=\"fbc-wrap\">\r\n\r\n\t\t\t\t\t<!-- Ordered list-->\r\n\t\t\t\t\t<ol class=\"fbc-items\" itemscope itemtype=\"https:\/\/schema.org\/BreadcrumbList\">\r\n\t\t\t\t\t\t            <li itemprop=\"itemListElement\" itemscope itemtype=\"https:\/\/schema.org\/ListItem\">\r\n                <span itemprop=\"name\">\r\n                    <!-- Home Link -->\r\n                    <a itemprop=\"item\" href=\"https:\/\/aktion.fi\">\r\n                    \r\n                                                    <i class=\"fa fa-home\" aria-hidden=\"true\"><\/i>Home                    <\/a>\r\n                <\/span>\r\n                <meta itemprop=\"position\" content=\"1\" \/><!-- Meta Position-->\r\n             <\/li><li><span class=\"fbc-separator\">\/<\/span><\/li><li class=\"active\" itemprop=\"itemListElement\" itemscope itemtype=\"https:\/\/schema.org\/ListItem\"><span itemprop=\"name\" title=\"Blogi\">Blogi<\/span><meta itemprop=\"position\" content=\"2\" \/><\/li>\t\t\t\t\t<\/ol>\r\n\t\t\t\t\t<div class=\"clearfix\"><\/div>\r\n\t\t\t\t<\/div>\r\n\t\t\t<\/div>\r\n\t\t\t\n<p>[\/et_pb_text][\/et_pb_column][\/et_pb_row][et_pb_row module_id=&#8221;inpghdng&#8221; _builder_version=&#8221;4.22.1&#8243; _module_preset=&#8221;default&#8221; global_colors_info=&#8221;{}&#8221; theme_builder_area=&#8221;post_content&#8221;][et_pb_column type=&#8221;4_4&#8243; _builder_version=&#8221;4.22.1&#8243; _module_preset=&#8221;default&#8221; global_colors_info=&#8221;{}&#8221; theme_builder_area=&#8221;post_content&#8221;][et_pb_text _builder_version=&#8221;4.22.1&#8243; _module_preset=&#8221;default&#8221; header_text_color=&#8221;#FFFFFF&#8221; header_font_size=&#8221;60px&#8221; header_font_size_tablet=&#8221;50px&#8221; header_font_size_phone=&#8221;40px&#8221; header_font_size_last_edited=&#8221;on|phone&#8221; header_text_shadow_style=&#8221;preset2&#8243; header_text_shadow_horizontal_length=&#8221;0.01em&#8221; header_text_shadow_vertical_length=&#8221;0.03em&#8221; global_colors_info=&#8221;{}&#8221; theme_builder_area=&#8221;post_content&#8221;]<\/p>\n<h1>Cool Blue<\/h1>\n<p>[\/et_pb_text][\/et_pb_column][\/et_pb_row][\/et_pb_section][et_pb_section fb_built=&#8221;1&#8243; _builder_version=&#8221;4.22.1&#8243; _module_preset=&#8221;default&#8221; custom_padding=&#8221;80px||||false|false&#8221; global_colors_info=&#8221;{}&#8221; theme_builder_area=&#8221;post_content&#8221;][et_pb_row _builder_version=&#8221;4.22.1&#8243; _module_preset=&#8221;default&#8221; max_width=&#8221;980px&#8221; custom_padding=&#8221;0px||60px||false|false&#8221; border_width_bottom=&#8221;2px&#8221; border_color_bottom=&#8221;#E3DCD5&#8243; locked=&#8221;off&#8221; global_colors_info=&#8221;{}&#8221; theme_builder_area=&#8221;post_content&#8221;][et_pb_column type=&#8221;4_4&#8243; _builder_version=&#8221;4.22.1&#8243; _module_preset=&#8221;default&#8221; global_colors_info=&#8221;{}&#8221; theme_builder_area=&#8221;post_content&#8221;][et_pb_text _builder_version=&#8221;4.22.1&#8243; _module_preset=&#8221;default&#8221; text_font=&#8221;|300|||||||&#8221; global_colors_info=&#8221;{}&#8221; theme_builder_area=&#8221;post_content&#8221;]<\/p>\n<p> Aktion \u00d6sterbotten on mukana kahdessa Horizon-rahoitteisessa projektissa, jotka tunnetaan nimill\u00e4 COOL BLUE Nordic ja COOL BLUE Baltic (COOL BLUE on lyhenne sanoista Community Ocean farms and Local Business cLUstErs).<\/p>\n<p>Osallistumme my\u00f6s Pohjoismaiden ministerineuvoston rahoittamaan Havh\u00f8st i Norden &#8211; projektiin.<br \/>Yhteisty\u00f6kumppanit COOL BLUE Nordic -hankkeessa ovat Aktion \u00d6sterbottenin lis\u00e4ksi K\u00f6\u00f6penhaminassa toimiva Havh\u00f8st-organisaatio, G\u00f6teborgin yliopisto sek\u00e4 s.Pro Saksassa, joka toimii hallinnollisena koordinaattorina. COOL BLUE Nordic<br \/>tavoitteena on testata, kehitt\u00e4\u00e4 ja levitt\u00e4\u00e4 tietoisuutta pienimuotoisen regeneratiivisen vesiviljelyn malleista. Regeneratiivinen vesiviljely on viljelymenetelm\u00e4 vedess\u00e4, joka toimii ilman rehujen tai lannoitteiden lis\u00e4yst\u00e4. Regeneratiivisella vesiviljelyll\u00e4<br \/>lis\u00e4t\u00e4\u00e4n biodiversiteetti\u00e4 sek\u00e4 sidotaan ravinteita ja hiilidioksidia samalla, kun tuotetaan jotain k\u00e4ytt\u00f6kelpoista, ensisijaisesti elintarvikkeita. Se voi koskea sek\u00e4 vesikasveja, levi\u00e4, simpukoita ett\u00e4 kaloja<br \/>tai n\u00e4iden yhdistelm\u00e4\u00e4. Tanskassa Havh\u00f8st-verkoston piiriss\u00e4 on noin 25 niin sanottua meripalstaa, joita hoitavat osuuskuntina yhdistykset, kyl\u00e4yhteis\u00f6t tai paikalliset innokkaat toimijat. Viljell\u00e4\u00e4n sinisimpukoita, lev\u00e4\u00e4 ja ostereita, joita korjataan omaan k\u00e4ytt\u00f6\u00f6n<br \/>ja paikallisyhteis\u00f6n tarpeisiin. Uusia meripalstoja aloitetaan ymp\u00e4ri Tanskaa, ja trendi on saanut jalansijaa my\u00f6s Ruotsissa ja Norjassa.<br \/>Aktion \u00d6sterbottenissa haluamme selvitt\u00e4\u00e4, miten regeneratiivinen vesiviljely voidaan suunnitella Pohjanlahden rannikolla sijaitseville matalasuisille vesillemme, joissa on alhainen suolapitoisuus. Mitk\u00e4 vesi- tai lev\u00e4kasvit voisimme k\u00e4ytt\u00e4\u00e4 ruoaksi tai muuhun k\u00e4ytt\u00f6\u00f6n ja<br \/>ja voimmeko kasvattaa esim. pikkuj\u00e4rvisimpukoita. T\u00e4ll\u00e4 hetkell\u00e4 meill\u00e4 ei ole viel\u00e4 viljelykonseptia, joka sopisi olosuhteisiimme, mutta kokeilemalla ja projektissa luotujen verkostojen avulla ehk\u00e4 l\u00f6yd\u00e4mme malleja meripalstoille ja regeneratiiviselle<br \/>vedenk\u00e4yt\u00f6lle. COOL BLUE Nordic projekti k\u00e4ynnistyi huhtikuussa 2023 ja kest\u00e4\u00e4 3 vuotta. Kokonaisbudjetti on n. 1 miljoonaa euroa.<\/p>\n<section class=\"section\">\n<div class=\"container\">\n<div class=\"row\">\n<div class=\"column wpb_column vc_col-md-12 \">\n<div class=\"wpb_wrapper\">\n<div class=\"wpb_text_column wpb_content_element \">\n<div class=\"wpb_wrapper\"><\/div>\n<\/div>\n<\/div>\n<\/div>\n<\/div>\n<\/div>\n<\/section>\n<p>[\/et_pb_text][\/et_pb_column][\/et_pb_row][\/et_pb_section]<\/p>\n","protected":false},"excerpt":{"rendered":"<p>\t\t\t<!-- Flexy Breadcrumb -->\r\n\t\t\t<div class=\"fbc fbc-page\">\r\n\r\n\t\t\t\t<!-- Breadcrumb wrapper -->\r\n\t\t\t\t<div class=\"fbc-wrap\">\r\n\r\n\t\t\t\t\t<!-- Ordered list-->\r\n\t\t\t\t\t<ol class=\"fbc-items\" itemscope itemtype=\"https:\/\/schema.org\/BreadcrumbList\">\r\n\t\t\t\t\t\t            <li itemprop=\"itemListElement\" itemscope itemtype=\"https:\/\/schema.org\/ListItem\">\r\n                <span itemprop=\"name\">\r\n                    <!-- Home Link -->\r\n                    <a itemprop=\"item\" href=\"https:\/\/aktion.fi\">\r\n                    \r\n                                                    <i class=\"fa fa-home\" aria-hidden=\"true\"><\/i>Home                    <\/a>\r\n                <\/span>\r\n                <meta itemprop=\"position\" content=\"1\" \/><!-- Meta Position-->\r\n             <\/li><li><span class=\"fbc-separator\">\/<\/span><\/li><li class=\"active\" itemprop=\"itemListElement\" itemscope itemtype=\"https:\/\/schema.org\/ListItem\"><span itemprop=\"name\" title=\"Blogi\">Blogi<\/span><meta itemprop=\"position\" content=\"2\" \/><\/li>\t\t\t\t\t<\/ol>\r\n\t\t\t\t\t<div class=\"clearfix\"><\/div>\r\n\t\t\t\t<\/div>\r\n\t\t\t<\/div>\r\n\t\t\tCool Blue Aktion \u00d6sterbotten on mukana kahdessa Horizon-rahoitteisessa projektissa, jotka tunnetaan nimill\u00e4 COOL BLUE Nordic ja COOL BLUE Baltic (COOL BLUE on lyhenne sanoista Community Ocean farms and Local Business [&hellip;]<\/p>\n","protected":false},"author":3,"featured_media":0,"parent":0,"menu_order":0,"comment_status":"closed","ping_status":"closed","template":"","meta":{"_acf_changed":false,"_et_pb_use_builder":"on","_et_pb_old_content":"","_et_gb_content_width":"","footnotes":""},"class_list":["post-305146","page","type-page","status-publish","hentry"],"acf":[],"_links":{"self":[{"href":"https:\/\/aktion.fi\/fi\/wp-json\/wp\/v2\/pages\/305146","targetHints":{"allow":["GET"]}}],"collection":[{"href":"https:\/\/aktion.fi\/fi\/wp-json\/wp\/v2\/pages"}],"about":[{"href":"https:\/\/aktion.fi\/fi\/wp-json\/wp\/v2\/types\/page"}],"author":[{"embeddable":true,"href":"https:\/\/aktion.fi\/fi\/wp-json\/wp\/v2\/users\/3"}],"replies":[{"embeddable":true,"href":"https:\/\/aktion.fi\/fi\/wp-json\/wp\/v2\/comments?post=305146"}],"version-history":[{"count":5,"href":"https:\/\/aktion.fi\/fi\/wp-json\/wp\/v2\/pages\/305146\/revisions"}],"predecessor-version":[{"id":306197,"href":"https:\/\/aktion.fi\/fi\/wp-json\/wp\/v2\/pages\/305146\/revisions\/306197"}],"wp:attachment":[{"href":"https:\/\/aktion.fi\/fi\/wp-json\/wp\/v2\/media?parent=305146"}],"curies":[{"name":"wp","href":"https:\/\/api.w.org\/{rel}","templated":true}]}}