{"id":307854,"date":"2024-06-10T07:20:00","date_gmt":"2024-06-10T04:20:00","guid":{"rendered":"https:\/\/aktion.fi\/alykas-maaseutu\/"},"modified":"2024-06-10T07:38:55","modified_gmt":"2024-06-10T07:38:55","slug":"alykasmaaseutu","status":"publish","type":"page","link":"https:\/\/aktion.fi\/fi\/alykasmaaseutu\/","title":{"rendered":"\u00c4lyk\u00e4s maaseutu"},"content":{"rendered":"<p>[et_pb_section fb_built=&#8221;1&#8243; fullwidth=&#8221;on&#8221; custom_padding_last_edited=&#8221;on|desktop&#8221; module_id=&#8221;mbantp1&#8243; _builder_version=&#8221;4.22.1&#8243; _module_preset=&#8221;default&#8221; background_color=&#8221;#FFFFFF&#8221; background_image=&#8221;http:\/\/aktion.fi\/wp-content\/uploads\/2024\/06\/kylakirja-1-2.jpg&#8221; module_alignment=&#8221;center&#8221; min_height_tablet=&#8221;&#8221; min_height_phone=&#8221;&#8221; min_height_last_edited=&#8221;on|desktop&#8221; custom_padding=&#8221;10%|20%|10%|20%|true|true&#8221; custom_padding_tablet=&#8221;|15%||15%|true|true&#8221; custom_padding_phone=&#8221;|15%||15%|true|true&#8221; hover_enabled=&#8221;0&#8243; saved_tabs=&#8221;all&#8221; global_colors_info=&#8221;{}&#8221; theme_builder_area=&#8221;post_content&#8221; title_text=&#8221;kyla\u0308kirja-1-2&#8243; sticky_enabled=&#8221;0&#8243;][et_pb_fullwidth_header title=&#8221;\u00c4lyk\u00e4s maaseutu&#8221; title_last_edited=&#8221;off|desktop&#8221; _builder_version=&#8221;4.22.1&#8243; _module_preset=&#8221;default&#8221; title_text_align=&#8221;center&#8221; title_font_size=&#8221;60px&#8221; content_font=&#8221;|300|||||||&#8221; content_font_size=&#8221;20px&#8221; content_line_height=&#8221;1.55em&#8221; background_enable_color=&#8221;off&#8221; background_enable_image=&#8221;off&#8221; module_alignment=&#8221;center&#8221; custom_padding=&#8221;0px||0px||true|false&#8221; title_font_size_tablet=&#8221;50px&#8221; title_font_size_phone=&#8221;40px&#8221; title_font_size_last_edited=&#8221;on|phone&#8221; title_text_shadow_style=&#8221;preset2&#8243; title_text_shadow_horizontal_length=&#8221;0.01em&#8221; title_text_shadow_vertical_length=&#8221;0.03em&#8221; global_colors_info=&#8221;{}&#8221; theme_builder_area=&#8221;post_content&#8221;][\/et_pb_fullwidth_header][\/et_pb_section][et_pb_section fb_built=&#8221;1&#8243; module_id=&#8221;our-op&#8221; _builder_version=&#8221;4.22.1&#8243; _module_preset=&#8221;default&#8221; custom_padding=&#8221;70px||70px||true|false&#8221; global_colors_info=&#8221;{}&#8221; theme_builder_area=&#8221;post_content&#8221;][et_pb_row _builder_version=&#8221;4.22.1&#8243; _module_preset=&#8221;default&#8221; custom_padding=&#8221;0px||0px||true|false&#8221; global_colors_info=&#8221;{}&#8221; theme_builder_area=&#8221;post_content&#8221;][et_pb_column type=&#8221;4_4&#8243; _builder_version=&#8221;4.22.1&#8243; _module_preset=&#8221;default&#8221; global_colors_info=&#8221;{}&#8221; theme_builder_area=&#8221;post_content&#8221;][et_pb_text _builder_version=&#8221;4.22.1&#8243; _module_preset=&#8221;default&#8221; custom_margin=&#8221;40px||40px||true|false&#8221; header_2_font_size_tablet=&#8221;22px&#8221; header_2_font_size_phone=&#8221;22px&#8221; header_2_font_size_last_edited=&#8221;on|tablet&#8221; global_colors_info=&#8221;{}&#8221; theme_builder_area=&#8221;post_content&#8221;]<\/p>\n<h2><strong>Edist\u00e4\u00e4 maaseudun kehityst\u00e4 Pohjanmaalla ja tukee \u00e4lykk\u00e4it\u00e4 ratkaisuja<\/strong><\/h2>\n<p>[\/et_pb_text][\/et_pb_column][\/et_pb_row][et_pb_row _builder_version=&#8221;4.22.1&#8243; _module_preset=&#8221;default&#8221; hover_enabled=&#8221;0&#8243; global_colors_info=&#8221;{}&#8221; theme_builder_area=&#8221;post_content&#8221; sticky_enabled=&#8221;0&#8243;][et_pb_column type=&#8221;4_4&#8243; _builder_version=&#8221;4.22.1&#8243; _module_preset=&#8221;default&#8221; global_colors_info=&#8221;{}&#8221; theme_builder_area=&#8221;post_content&#8221;][et_pb_text _builder_version=&#8221;4.22.1&#8243; _module_preset=&#8221;default&#8221; global_colors_info=&#8221;{}&#8221; theme_builder_area=&#8221;post_content&#8221;]<\/p>\n<p>Me Aktion \u00d6sterbottenilla ty\u00f6skentelemme Pohjanmaan maaseudun kehitt\u00e4miseksi edist\u00e4m\u00e4ll\u00e4 kest\u00e4vi\u00e4 ja innovatiivisia ratkaisuja. Tavoitteenamme on luoda elinvoimainen ja dynaaminen maaseutu, jossa asukkaat voivat viihty\u00e4 ja kehitt\u00e4\u00e4.<\/p>\n<p>[\/et_pb_text][\/et_pb_column][\/et_pb_row][et_pb_row column_structure=&#8221;1_2,1_2&#8243; make_equal=&#8221;on&#8221; _builder_version=&#8221;4.22.1&#8243; _module_preset=&#8221;default&#8221; custom_padding=&#8221;0px|0px|0px|0px|true|true&#8221; global_colors_info=&#8221;{}&#8221; theme_builder_area=&#8221;post_content&#8221;][et_pb_column type=&#8221;1_2&#8243; module_class=&#8221;feat-box-tp1&#8243; _builder_version=&#8221;4.22.1&#8243; _module_preset=&#8221;default&#8221; background_image=&#8221;http:\/\/aktion.fi\/wp-content\/uploads\/2023\/09\/Aktion-osterbotten.jpg&#8221; custom_padding=&#8221;50px|50px|50px|50px|true|true&#8221; global_colors_info=&#8221;{}&#8221; theme_builder_area=&#8221;post_content&#8221;][\/et_pb_column][et_pb_column type=&#8221;1_2&#8243; module_class=&#8221;feat-box-tp2&#8243; _builder_version=&#8221;4.22.1&#8243; _module_preset=&#8221;default&#8221; background_color=&#8221;#f5f1ed&#8221; custom_padding=&#8221;50px|50px|50px|50px|true|true&#8221; global_colors_info=&#8221;{}&#8221; theme_builder_area=&#8221;post_content&#8221;][et_pb_text _builder_version=&#8221;4.22.1&#8243; _module_preset=&#8221;default&#8221; text_font=&#8221;|300|||||||&#8221; text_line_height=&#8221;1.8em&#8221; global_colors_info=&#8221;{}&#8221; theme_builder_area=&#8221;post_content&#8221;]<\/p>\n<h2>RIPEET<\/h2>\n<p>Energy Village 3.0 on piloittiratkaisu jota kehitet\u00e4\u00e4n Pohjanmaalla RIPEET-projektin pilottihaun kautta. Aktion \u00d6sterbotten, joka on ratkaisujen toteuttamisesta vastaava organisaatio, kehitt\u00e4\u00e4 ja kokeilee uutta toimintamallia \u00e4lykk\u00e4iden energiakylien strategioiden kehitt\u00e4miseksi hy\u00f6dynt\u00e4en saatavilla olevaa tietopotentiaalia ja paikallisia resursseja. Malli aktivoi ja parantaa kylien ja maaseudun kyky\u00e4 energiaomavaraisuuteen ja kest\u00e4vyyteen. Mallia kokeillaan yhteiskehitt\u00e4misen kautta kyl\u00e4ss\u00e4.<\/p>\n<p>[\/et_pb_text][et_pb_button button_url=&#8221;https:\/\/aktion.fi\/byar\/osterbottensbyar\/&#8221; button_text=&#8221;Lue lis\u00e4\u00e4&#8221; module_class=&#8221;rmbtnlnk1&#8243; _builder_version=&#8221;4.22.1&#8243; _module_preset=&#8221;default&#8221; custom_button=&#8221;on&#8221; button_text_size=&#8221;16px&#8221; button_bg_color=&#8221;RGBA(255,255,255,0)&#8221; button_border_width=&#8221;0px&#8221; button_icon=&#8221;&#x35;||divi||400&#8243; button_on_hover=&#8221;off&#8221; custom_padding=&#8221;0px|0px|0px|0px|false|false&#8221; locked=&#8221;off&#8221; global_colors_info=&#8221;{}&#8221; theme_builder_area=&#8221;post_content&#8221;][\/et_pb_button][\/et_pb_column][\/et_pb_row][et_pb_row column_structure=&#8221;1_2,1_2&#8243; make_equal=&#8221;on&#8221; module_class=&#8221;rgt-img1&#8243; _builder_version=&#8221;4.22.1&#8243; _module_preset=&#8221;default&#8221; custom_padding=&#8221;0px|0px|0px|0px|true|true&#8221; global_colors_info=&#8221;{}&#8221; theme_builder_area=&#8221;post_content&#8221;][et_pb_column type=&#8221;1_2&#8243; module_class=&#8221;feat-box-tp1&#8243; _builder_version=&#8221;4.22.1&#8243; _module_preset=&#8221;default&#8221; background_color=&#8221;#f5f1ed&#8221; background_enable_image=&#8221;off&#8221; custom_padding=&#8221;50px|50px|50px|50px|true|true&#8221; global_colors_info=&#8221;{}&#8221; theme_builder_area=&#8221;post_content&#8221;][et_pb_text _builder_version=&#8221;4.22.1&#8243; _module_preset=&#8221;default&#8221; text_font=&#8221;|300|||||||&#8221; text_line_height=&#8221;1.8em&#8221; global_colors_info=&#8221;{}&#8221; theme_builder_area=&#8221;post_content&#8221;]<\/p>\n<h1 class=\"node__title\"><span class=\"field field--name-title field--type-string field--label-hidden\">PEAK &#8211; Paikallisen energiaj\u00e4rjestelm\u00e4n kehitt\u00e4minen Pohjanmaalla<\/span><\/h1>\n<p>Hankkeessa tuotetaan uutta tietoa vauhdittamaan alueellisen energiaj\u00e4rjestelm\u00e4n muutosta ja kehityst\u00e4 hiilineutraaliksi uusiutuvat energiamuodot huomioiden. Tarkastelu tehd\u00e4\u00e4n teknisest\u00e4, taloudellisesta ja yhteis\u00f6llisest\u00e4 n\u00e4k\u00f6kulmasta kolmen tavoitteen kautta. Hankkeen tavoitteena on tuottaa ymm\u00e4rryst\u00e4 siit\u00e4, millaiset edellytykset ja kehitystarpeet alueella on hiilineutraalin energiaj\u00e4rjestelm\u00e4n kehitt\u00e4miselle teknistaloudellisest\u00e4 n\u00e4k\u00f6kulmasta. Lis\u00e4ksi tuotetaan ymm\u00e4rryst\u00e4 asiantuntijoiden, p\u00e4\u00e4t\u00f6ksentekij\u00f6iden ja kansalaisten suhtautumisesta ja n\u00e4k\u00f6kulmista uusiutuvien energiamuotojen k\u00e4ytt\u00f6\u00f6nottoon. Hankkeessa halutaan my\u00f6s tunnistaa ja hahmotella liiketoimintamalleja alueellisen energiaj\u00e4rjestelm\u00e4n eri toimintoihin ja toimijoihin liittyen sek\u00e4 tunnistaa mahdolliset pullonkaulat, resurssi- ja osaamispuutteet ja lains\u00e4\u00e4d\u00e4nn\u00f6lliset reunaehdot potentiaalisten liiketoimintamallien toteuttamiseen liittyen.<\/p>\n<p>[\/et_pb_text][et_pb_button button_url=&#8221;https:\/\/aktion.fi\/byar\/aretsby\/&#8221; button_text=&#8221;Lue lis\u00e4\u00e4&#8221; module_class=&#8221;rmbtnlnk1&#8243; _builder_version=&#8221;4.22.1&#8243; _module_preset=&#8221;default&#8221; custom_button=&#8221;on&#8221; button_text_size=&#8221;16px&#8221; button_bg_color=&#8221;RGBA(255,255,255,0)&#8221; button_border_width=&#8221;0px&#8221; button_icon=&#8221;&#x35;||divi||400&#8243; button_on_hover=&#8221;off&#8221; custom_padding=&#8221;0px|0px|0px|0px|false|false&#8221; locked=&#8221;off&#8221; global_colors_info=&#8221;{}&#8221; theme_builder_area=&#8221;post_content&#8221;][\/et_pb_button][\/et_pb_column][et_pb_column type=&#8221;1_2&#8243; module_class=&#8221;feat-box-tp2&#8243; _builder_version=&#8221;4.22.1&#8243; _module_preset=&#8221;default&#8221; background_color=&#8221;#E3DCD5&#8243; background_image=&#8221;http:\/\/aktion.fi\/wp-content\/uploads\/2023\/09\/Liity-jasenneeksi.jpg&#8221; custom_padding=&#8221;50px|50px|50px|50px|true|true&#8221; global_colors_info=&#8221;{}&#8221; theme_builder_area=&#8221;post_content&#8221;][\/et_pb_column][\/et_pb_row][et_pb_row _builder_version=&#8221;4.22.1&#8243; _module_preset=&#8221;default&#8221; global_colors_info=&#8221;{}&#8221; theme_builder_area=&#8221;post_content&#8221;][et_pb_column type=&#8221;4_4&#8243; _builder_version=&#8221;4.22.1&#8243; _module_preset=&#8221;default&#8221; global_colors_info=&#8221;{}&#8221; theme_builder_area=&#8221;post_content&#8221;][\/et_pb_column][\/et_pb_row][et_pb_row column_structure=&#8221;1_3,1_3,1_3&#8243; _builder_version=&#8221;4.22.1&#8243; _module_preset=&#8221;default&#8221; custom_padding=&#8221;0px||0px||true|false&#8221; global_colors_info=&#8221;{}&#8221; theme_builder_area=&#8221;post_content&#8221;][et_pb_column type=&#8221;1_3&#8243; _builder_version=&#8221;4.22.1&#8243; _module_preset=&#8221;default&#8221; global_colors_info=&#8221;{}&#8221; theme_builder_area=&#8221;post_content&#8221;][et_pb_blurb title=&#8221;Inspiraatioksi&#8221; image=&#8221;http:\/\/aktion.fi\/wp-content\/uploads\/2023\/09\/Yritykset.jpg&#8221; module_class=&#8221;blbtp1&#8243; _builder_version=&#8221;4.22.1&#8243; _module_preset=&#8221;default&#8221; header_level=&#8221;h3&#8243; header_text_color=&#8221;#0070A8&#8243; body_font=&#8221;|300|||||||&#8221; global_colors_info=&#8221;{}&#8221; theme_builder_area=&#8221;post_content&#8221;]<\/p>\n<p>Maaseudun yritystukia my\u00f6nnet\u00e4\u00e4n yritystoiminnan aloittamiseen, kehitt\u00e4miseen ja investointeihin. Jos sinulla on maatila, voit saada yritystukea maatilasi toiminann uudistamiseen liittyviin kokeiluihin.<\/p>\n<p>[\/et_pb_blurb][et_pb_button button_url=&#8221;https:\/\/aktion.fi\/byar\/byainspiration\/&#8221; button_text=&#8221;Lue lis\u00e4\u00e4&#8221; module_class=&#8221;rmbtnlnk1&#8243; _builder_version=&#8221;4.22.1&#8243; _module_preset=&#8221;default&#8221; custom_button=&#8221;on&#8221; button_text_size=&#8221;16px&#8221; button_bg_color=&#8221;RGBA(255,255,255,0)&#8221; button_border_width=&#8221;0px&#8221; button_icon=&#8221;&#x35;||divi||400&#8243; button_on_hover=&#8221;off&#8221; custom_padding=&#8221;0px|0px|0px|0px|false|false&#8221; global_colors_info=&#8221;{}&#8221; theme_builder_area=&#8221;post_content&#8221;][\/et_pb_button][\/et_pb_column][et_pb_column type=&#8221;1_3&#8243; _builder_version=&#8221;4.22.1&#8243; _module_preset=&#8221;default&#8221; global_colors_info=&#8221;{}&#8221; theme_builder_area=&#8221;post_content&#8221;][et_pb_blurb title=&#8221;Se \u00d6sterbotten &#8211; Se Pohjanmaa&#8221; image=&#8221;http:\/\/aktion.fi\/wp-content\/uploads\/2023\/09\/yhteisot.jpg&#8221; module_class=&#8221;blbtp1&#8243; _builder_version=&#8221;4.22.1&#8243; _module_preset=&#8221;default&#8221; header_level=&#8221;h3&#8243; header_text_color=&#8221;#0070A8&#8243; body_font=&#8221;|300|||||||&#8221; locked=&#8221;off&#8221; global_colors_info=&#8221;{}&#8221; theme_builder_area=&#8221;post_content&#8221;]<\/p>\n<p>Lorem ipsum dolor sit amet, consectetur adipiscing elit, sed do eiusmod tempor incididunt ut labore et dolore magna aliqua.<\/p>\n<p>[\/et_pb_blurb][et_pb_button button_url=&#8221;https:\/\/seosterbotten.fi\/&#8221; button_text=&#8221;Lue lis\u00e4\u00e4&#8221; module_class=&#8221;rmbtnlnk1&#8243; _builder_version=&#8221;4.22.1&#8243; _module_preset=&#8221;default&#8221; custom_button=&#8221;on&#8221; button_text_size=&#8221;16px&#8221; button_bg_color=&#8221;RGBA(255,255,255,0)&#8221; button_border_width=&#8221;0px&#8221; button_icon=&#8221;&#x35;||divi||400&#8243; button_on_hover=&#8221;off&#8221; custom_padding=&#8221;0px|0px|0px|0px|false|false&#8221; locked=&#8221;off&#8221; global_colors_info=&#8221;{}&#8221; theme_builder_area=&#8221;post_content&#8221;][\/et_pb_button][\/et_pb_column][et_pb_column type=&#8221;1_3&#8243; _builder_version=&#8221;4.22.1&#8243; _module_preset=&#8221;default&#8221; global_colors_info=&#8221;{}&#8221; theme_builder_area=&#8221;post_content&#8221;][et_pb_blurb title=&#8221;Kyl\u00e4bingo&#8221; image=&#8221;http:\/\/aktion.fi\/wp-content\/uploads\/2023\/09\/kylat.jpg&#8221; module_class=&#8221;blbtp1&#8243; _builder_version=&#8221;4.22.1&#8243; _module_preset=&#8221;default&#8221; header_level=&#8221;h3&#8243; header_text_color=&#8221;#0070A8&#8243; body_font=&#8221;|300|||||||&#8221; locked=&#8221;off&#8221; global_colors_info=&#8221;{}&#8221; theme_builder_area=&#8221;post_content&#8221;]<\/p>\n<p>Pohjanmaalla on yli 300 aktiivista kyl\u00e4\u00e4. Aktion \u00d6sterbotten r.f. on ruotsinkielisen Pohjanmaan kylien kattoj\u00e4rjest\u00f6. <\/p>\n<p>[\/et_pb_blurb][et_pb_button button_url=&#8221;https:\/\/seosterbotten.fi\/sv\/byabingo&#8221; button_text=&#8221;Lue lis\u00e4\u00e4&#8221; module_class=&#8221;rmbtnlnk1&#8243; _builder_version=&#8221;4.22.1&#8243; _module_preset=&#8221;default&#8221; custom_button=&#8221;on&#8221; button_text_size=&#8221;16px&#8221; button_bg_color=&#8221;RGBA(255,255,255,0)&#8221; button_border_width=&#8221;0px&#8221; button_icon=&#8221;&#x35;||divi||400&#8243; button_on_hover=&#8221;off&#8221; custom_padding=&#8221;0px|0px|0px|0px|false|false&#8221; locked=&#8221;off&#8221; global_colors_info=&#8221;{}&#8221; theme_builder_area=&#8221;post_content&#8221;][\/et_pb_button][\/et_pb_column][\/et_pb_row][\/et_pb_section][et_pb_section fb_built=&#8221;1&#8243; module_id=&#8221;feat-pst-wrp1&#8243; _builder_version=&#8221;4.22.1&#8243; _module_preset=&#8221;default&#8221; custom_padding=&#8221;10px||30px||false|false&#8221; global_colors_info=&#8221;{}&#8221; theme_builder_area=&#8221;post_content&#8221;][et_pb_row column_structure=&#8221;1_2,1_2&#8243; _builder_version=&#8221;4.22.1&#8243; _module_preset=&#8221;default&#8221; custom_margin=&#8221;0px||0px||true|false&#8221; custom_padding=&#8221;0px||0px||true|false&#8221; global_colors_info=&#8221;{}&#8221; theme_builder_area=&#8221;post_content&#8221;][et_pb_column type=&#8221;1_2&#8243; _builder_version=&#8221;4.22.1&#8243; _module_preset=&#8221;default&#8221; global_colors_info=&#8221;{}&#8221; theme_builder_area=&#8221;post_content&#8221;][et_pb_text _builder_version=&#8221;4.22.1&#8243; _module_preset=&#8221;default&#8221; custom_margin=&#8221;0px||0px||false|false&#8221; custom_padding=&#8221;0px||0px||false|false&#8221; global_colors_info=&#8221;{}&#8221; theme_builder_area=&#8221;post_content&#8221;]<\/p>\n<h2>Ajankohtaista<\/h2>\n<p>[\/et_pb_text][\/et_pb_column][et_pb_column type=&#8221;1_2&#8243; _builder_version=&#8221;4.22.1&#8243; _module_preset=&#8221;default&#8221; global_colors_info=&#8221;{}&#8221; theme_builder_area=&#8221;post_content&#8221;][et_pb_button button_url=&#8221;#&#8221; button_text=&#8221;Kaikki artikkelit&#8221; button_alignment=&#8221;right&#8221; module_class=&#8221;rmbtnlnk1&#8243; _builder_version=&#8221;4.22.1&#8243; _module_preset=&#8221;default&#8221; custom_button=&#8221;on&#8221; button_text_size=&#8221;16px&#8221; button_bg_color=&#8221;RGBA(255,255,255,0)&#8221; button_border_width=&#8221;0px&#8221; button_icon=&#8221;&#x35;||divi||400&#8243; button_on_hover=&#8221;off&#8221; custom_padding=&#8221;0px|0px|0px|0px|false|false&#8221; locked=&#8221;off&#8221; global_colors_info=&#8221;{}&#8221; theme_builder_area=&#8221;post_content&#8221;][\/et_pb_button][\/et_pb_column][\/et_pb_row][et_pb_row _builder_version=&#8221;4.22.1&#8243; _module_preset=&#8221;default&#8221; global_colors_info=&#8221;{}&#8221; theme_builder_area=&#8221;post_content&#8221;][et_pb_column type=&#8221;4_4&#8243; _builder_version=&#8221;4.22.1&#8243; _module_preset=&#8221;default&#8221; global_colors_info=&#8221;{}&#8221; theme_builder_area=&#8221;post_content&#8221;][et_pb_blog fullwidth=&#8221;off&#8221; posts_number=&#8221;3&#8243; meta_date=&#8221;j . m . Y&#8221; show_categories=&#8221;off&#8221; show_excerpt=&#8221;off&#8221; show_pagination=&#8221;off&#8221; module_id=&#8221;fet-pst&#8221; _builder_version=&#8221;4.22.1&#8243; _module_preset=&#8221;default&#8221; header_font=&#8221;||||||||&#8221; header_text_color=&#8221;#0070A8&#8243; header_font_size=&#8221;16px&#8221; header_line_height=&#8221;1.5em&#8221; body_font=&#8221;|300|||||||&#8221; meta_font=&#8221;||on||||||&#8221; meta_text_color=&#8221;#333333&#8243; meta_font_size=&#8221;14px&#8221; custom_margin=&#8221;0px||0px||false|false&#8221; custom_padding=&#8221;0px||0px||false|false&#8221; global_colors_info=&#8221;{}&#8221; theme_builder_area=&#8221;post_content&#8221;][\/et_pb_blog][\/et_pb_column][\/et_pb_row][\/et_pb_section]<\/p>\n","protected":false},"excerpt":{"rendered":"<p>Edist\u00e4\u00e4 maaseudun kehityst\u00e4 Pohjanmaalla ja tukee \u00e4lykk\u00e4it\u00e4 ratkaisujaMe Aktion \u00d6sterbottenilla ty\u00f6skentelemme Pohjanmaan maaseudun kehitt\u00e4miseksi edist\u00e4m\u00e4ll\u00e4 kest\u00e4vi\u00e4 ja innovatiivisia ratkaisuja. Tavoitteenamme on luoda elinvoimainen ja dynaaminen maaseutu, jossa asukkaat voivat viihty\u00e4 [&hellip;]<\/p>\n","protected":false},"author":3,"featured_media":0,"parent":0,"menu_order":0,"comment_status":"closed","ping_status":"closed","template":"","meta":{"_acf_changed":false,"_et_pb_use_builder":"on","_et_pb_old_content":"","_et_gb_content_width":"","footnotes":""},"class_list":["post-307854","page","type-page","status-publish","hentry"],"acf":[],"_links":{"self":[{"href":"https:\/\/aktion.fi\/fi\/wp-json\/wp\/v2\/pages\/307854","targetHints":{"allow":["GET"]}}],"collection":[{"href":"https:\/\/aktion.fi\/fi\/wp-json\/wp\/v2\/pages"}],"about":[{"href":"https:\/\/aktion.fi\/fi\/wp-json\/wp\/v2\/types\/page"}],"author":[{"embeddable":true,"href":"https:\/\/aktion.fi\/fi\/wp-json\/wp\/v2\/users\/3"}],"replies":[{"embeddable":true,"href":"https:\/\/aktion.fi\/fi\/wp-json\/wp\/v2\/comments?post=307854"}],"version-history":[{"count":2,"href":"https:\/\/aktion.fi\/fi\/wp-json\/wp\/v2\/pages\/307854\/revisions"}],"predecessor-version":[{"id":307856,"href":"https:\/\/aktion.fi\/fi\/wp-json\/wp\/v2\/pages\/307854\/revisions\/307856"}],"wp:attachment":[{"href":"https:\/\/aktion.fi\/fi\/wp-json\/wp\/v2\/media?parent=307854"}],"curies":[{"name":"wp","href":"https:\/\/api.w.org\/{rel}","templated":true}]}}