{"id":310814,"date":"2024-11-11T14:01:50","date_gmt":"2024-11-11T11:01:50","guid":{"rendered":"https:\/\/aktion.fi\/alykasmaaseutu\/materiaaleja-alykkaalle-kylalle\/"},"modified":"2024-11-19T10:00:05","modified_gmt":"2024-11-19T07:00:05","slug":"materiaaleja-alykkaalle-kylalle","status":"publish","type":"page","link":"https:\/\/aktion.fi\/fi\/alykasmaaseutu\/materiaaleja-alykkaalle-kylalle\/","title":{"rendered":"Materiaaleja \u00e4lykk\u00e4\u00e4lle kyl\u00e4lle"},"content":{"rendered":"<p>[et_pb_section fb_built=&#8221;1&#8243; fullwidth=&#8221;on&#8221; custom_padding_last_edited=&#8221;on|desktop&#8221; module_id=&#8221;mbantp1&#8243; _builder_version=&#8221;4.22.1&#8243; _module_preset=&#8221;default&#8221; background_color=&#8221;#FFFFFF&#8221; background_image=&#8221;http:\/\/aktion.fi\/wp-content\/uploads\/2023\/09\/Etusivu.jpg&#8221; module_alignment=&#8221;center&#8221; min_height_tablet=&#8221;&#8221; min_height_phone=&#8221;&#8221; min_height_last_edited=&#8221;on|desktop&#8221; custom_padding=&#8221;10%|20%|10%|20%|true|true&#8221; custom_padding_tablet=&#8221;|15%||15%|true|true&#8221; custom_padding_phone=&#8221;|15%||15%|true|true&#8221; saved_tabs=&#8221;all&#8221; global_colors_info=&#8221;{}&#8221;][et_pb_fullwidth_header title=&#8221;Materiaaleja \u00e4lykk\u00e4\u00e4lle kyl\u00e4lle&#8221; title_last_edited=&#8221;off|desktop&#8221; _builder_version=&#8221;4.22.1&#8243; _module_preset=&#8221;default&#8221; title_text_align=&#8221;center&#8221; title_font_size=&#8221;60px&#8221; content_font=&#8221;|300|||||||&#8221; content_font_size=&#8221;20px&#8221; content_line_height=&#8221;1.55em&#8221; background_enable_color=&#8221;off&#8221; background_enable_image=&#8221;off&#8221; module_alignment=&#8221;center&#8221; custom_padding=&#8221;0px||0px||true|false&#8221; title_font_size_tablet=&#8221;50px&#8221; title_font_size_phone=&#8221;40px&#8221; title_font_size_last_edited=&#8221;on|phone&#8221; title_text_shadow_style=&#8221;preset2&#8243; title_text_shadow_horizontal_length=&#8221;0.01em&#8221; title_text_shadow_vertical_length=&#8221;0.03em&#8221; global_colors_info=&#8221;{}&#8221;]<\/p>\n<p style=\"text-align: center;\">T\u00e4lt\u00e4 sivulta l\u00f6yd\u00e4t materiaalia \u00e4lykk\u00e4\u00e4n kyl\u00e4n kehitt\u00e4miseen, joka on tuotettu eri projekteissa vuosien varrella. Osa materiaalista on ty\u00f6kaluja, jotka on luotu omissa projekteissamme, ja osa on rahoittamiemme projektien tuloksia. T\u00e4\u00e4lt\u00e4 l\u00f6yd\u00e4t my\u00f6s muiden toimijoiden resursseja, joiden uskomme olevan hy\u00f6dyllisi\u00e4, kun aloitatte \u00e4lykk\u00e4\u00e4n kyl\u00e4n rakentamisen.  <br \/><a href=\"#our-op\"><span class=\"arrow_carrot-down\"><\/span><\/a><\/p>\n<p style=\"text-align: center;\">\n<p>[\/et_pb_fullwidth_header][\/et_pb_section][et_pb_section fb_built=&#8221;1&#8243; module_id=&#8221;our-op&#8221; _builder_version=&#8221;4.22.1&#8243; _module_preset=&#8221;default&#8221; custom_padding=&#8221;70px||70px||true|false&#8221; global_colors_info=&#8221;{}&#8221;][et_pb_row _builder_version=&#8221;4.22.1&#8243; _module_preset=&#8221;default&#8221; custom_padding=&#8221;0px||0px||true|false&#8221; global_colors_info=&#8221;{}&#8221;][et_pb_column type=&#8221;4_4&#8243; _builder_version=&#8221;4.22.1&#8243; _module_preset=&#8221;default&#8221; global_colors_info=&#8221;{}&#8221;][et_pb_text _builder_version=&#8221;4.22.1&#8243; _module_preset=&#8221;default&#8221; custom_margin=&#8221;40px||40px||true|false&#8221; header_2_font_size_tablet=&#8221;22px&#8221; header_2_font_size_phone=&#8221;22px&#8221; header_2_font_size_last_edited=&#8221;on|tablet&#8221; global_colors_info=&#8221;{}&#8221;]<\/p>\n<h2>Materiaaleja ja linkkej\u00e4 \u00e4lykk\u00e4ille kylille<\/h2>\n<p>[\/et_pb_text][\/et_pb_column][\/et_pb_row][et_pb_row column_structure=&#8221;1_3,1_3,1_3&#8243; _builder_version=&#8221;4.22.1&#8243; _module_preset=&#8221;default&#8221; custom_padding=&#8221;0px||0px||true|false&#8221; global_colors_info=&#8221;{}&#8221;][et_pb_column type=&#8221;1_3&#8243; _builder_version=&#8221;4.22.1&#8243; _module_preset=&#8221;default&#8221; global_colors_info=&#8221;{}&#8221;][et_pb_blurb title=&#8221;PEAK &#8221; image=&#8221;https:\/\/aktion.fi\/wp-content\/uploads\/2024\/09\/kotisivukuvake-4.png&#8221; module_class=&#8221;blbtp1&#8243; _builder_version=&#8221;4.27.3&#8243; _module_preset=&#8221;default&#8221; header_level=&#8221;h3&#8243; header_text_color=&#8221;#0070A8&#8243; body_font=&#8221;|300|||||||&#8221; locked=&#8221;off&#8221; global_colors_info=&#8221;{}&#8221;]<\/p>\n<div class=\"sub-title\">\n<div class=\"field field--name-field-abstract field--type-string-long field--label-hidden field__item\">Hankkeessa tuotetaan uutta tietoa vauhdittamaan alueellisen energiaj\u00e4rjestelm\u00e4n muutosta ja kehityst\u00e4 hiilineutraaliksi uusiutuvat energiamuodot huomioiden.<\/div>\n<\/div>\n<p>[\/et_pb_blurb][et_pb_image src=&#8221;https:\/\/aktion.fi\/wp-content\/uploads\/2024\/11\/PEAK-LOGOT-1024&#215;170.png&#8221; _builder_version=&#8221;4.27.3&#8243; _module_preset=&#8221;default&#8221; title_text=&#8221;PEAK LOGOT&#8221; hover_enabled=&#8221;0&#8243; sticky_enabled=&#8221;0&#8243;][\/et_pb_image][et_pb_button button_url=&#8221;https:\/\/sites.uwasa.fi\/peak\/fi\/etusivu\/&#8221; button_text=&#8221;Lue lis\u00e4\u00e4&#8221; module_class=&#8221;rmbtnlnk1&#8243; _builder_version=&#8221;4.27.3&#8243; _module_preset=&#8221;default&#8221; custom_button=&#8221;on&#8221; button_text_size=&#8221;16px&#8221; button_bg_color=&#8221;RGBA(255,255,255,0)&#8221; button_border_width=&#8221;0px&#8221; button_icon=&#8221;&#x35;||divi||400&#8243; button_on_hover=&#8221;off&#8221; custom_padding=&#8221;0px|0px|0px|0px|false|false&#8221; locked=&#8221;off&#8221; global_colors_info=&#8221;{}&#8221;][\/et_pb_button][\/et_pb_column][et_pb_column type=&#8221;1_3&#8243; _builder_version=&#8221;4.22.1&#8243; _module_preset=&#8221;default&#8221; global_colors_info=&#8221;{}&#8221;][et_pb_blurb title=&#8221;RIPEET&#8221; image=&#8221;https:\/\/aktion.fi\/wp-content\/uploads\/2024\/11\/kotisivukuvake-5.png&#8221; module_class=&#8221;blbtp1&#8243; _builder_version=&#8221;4.27.3&#8243; _module_preset=&#8221;default&#8221; header_level=&#8221;h3&#8243; header_text_color=&#8221;#0070A8&#8243; body_font=&#8221;|300|||||||&#8221; locked=&#8221;off&#8221; global_colors_info=&#8221;{}&#8221;]<\/p>\n<p><span>Responsible research and Innovation Policy Experimentations for Energy Transition (RIPEET) is a Horizon 2020 project aiming to support Responsible Research and Innovation (RRI) policy experimentations for energy transition in three European territories &#8211; Extremadura (ES), Highlands and Islands of Scotland (UK) and Ostrobothnia (FI).<\/span><\/p>\n<p>[\/et_pb_blurb][et_pb_button button_url=&#8221;https:\/\/ripeet.eu\/&#8221; button_text=&#8221;Lue lis\u00e4\u00e4&#8221; module_class=&#8221;rmbtnlnk1&#8243; _builder_version=&#8221;4.27.3&#8243; _module_preset=&#8221;default&#8221; custom_button=&#8221;on&#8221; button_text_size=&#8221;16px&#8221; button_bg_color=&#8221;RGBA(255,255,255,0)&#8221; button_border_width=&#8221;0px&#8221; button_icon=&#8221;&#x35;||divi||400&#8243; button_on_hover=&#8221;off&#8221; custom_padding=&#8221;0px|0px|0px|0px|false|false&#8221; locked=&#8221;off&#8221; global_colors_info=&#8221;{}&#8221;][\/et_pb_button][\/et_pb_column][et_pb_column type=&#8221;1_3&#8243; _builder_version=&#8221;4.22.1&#8243; _module_preset=&#8221;default&#8221; global_colors_info=&#8221;{}&#8221;][et_pb_blurb title=&#8221;ENERGIAKYL\u00c4&#8221; image=&#8221;https:\/\/aktion.fi\/wp-content\/uploads\/2024\/11\/kotisivukuvake-6.png&#8221; module_class=&#8221;blbtp1&#8243; _builder_version=&#8221;4.27.3&#8243; _module_preset=&#8221;default&#8221; header_level=&#8221;h3&#8243; header_text_color=&#8221;#0070A8&#8243; body_font=&#8221;|300|||||||&#8221; locked=&#8221;off&#8221; global_colors_info=&#8221;{}&#8221;]<\/p>\n<p>Projekti kehitti bioenergiaratkaisuja parantaakseen energiank\u00e4ytt\u00f6\u00e4 ja edist\u00e4\u00e4kseen alueen omien uusiutuvien energial\u00e4hteiden k\u00e4ytt\u00f6\u00e4. Projektissa keskityttiin tunnistamaan energians\u00e4\u00e4st\u00f6mahdollisuuksia ja tukemaan paikallista taloutta, samalla kun ymp\u00e4rist\u00f6\u00e4 parannettiin ja kest\u00e4vi\u00e4 energiaratkaisuja levitettiin. Projektissa luotiin innovatiivinen energiakyl\u00e4malli, jota on helppo mallintaa my\u00f6s muualla.  <\/p>\n<p>Loppuraportti l\u00f6ytyy suomeksi.<\/p>\n<p>[\/et_pb_blurb][et_pb_button button_url=&#8221;https:\/\/www.uwasa.fi\/materiaali\/pdf\/isbn_978-952-476-693-7.pdf&#8221; button_text=&#8221;Lue lis\u00e4\u00e4&#8221; module_class=&#8221;rmbtnlnk1&#8243; _builder_version=&#8221;4.27.3&#8243; _module_preset=&#8221;default&#8221; custom_button=&#8221;on&#8221; button_text_size=&#8221;16px&#8221; button_bg_color=&#8221;RGBA(255,255,255,0)&#8221; button_border_width=&#8221;0px&#8221; button_icon=&#8221;&#x35;||divi||400&#8243; button_on_hover=&#8221;off&#8221; custom_padding=&#8221;0px|0px|0px|0px|false|false&#8221; locked=&#8221;off&#8221; global_colors_info=&#8221;{}&#8221;][\/et_pb_button][\/et_pb_column][\/et_pb_row][et_pb_row column_structure=&#8221;1_3,1_3,1_3&#8243; _builder_version=&#8221;4.22.1&#8243; _module_preset=&#8221;default&#8221; custom_padding=&#8221;0px||0px||true|false&#8221; global_colors_info=&#8221;{}&#8221;][et_pb_column type=&#8221;1_3&#8243; _builder_version=&#8221;4.22.1&#8243; _module_preset=&#8221;default&#8221; global_colors_info=&#8221;{}&#8221;][et_pb_blurb title=&#8221;SMART RURAL 21 &#8221; image=&#8221;https:\/\/aktion.fi\/wp-content\/uploads\/2024\/11\/kotisivukuvake-7.png&#8221; module_class=&#8221;blbtp1&#8243; _builder_version=&#8221;4.27.3&#8243; _module_preset=&#8221;default&#8221; header_level=&#8221;h3&#8243; header_text_color=&#8221;#0070A8&#8243; body_font=&#8221;|300|||||||&#8221; locked=&#8221;off&#8221; global_colors_info=&#8221;{}&#8221;]<\/p>\n<div class=\"sub-title\">\n<div class=\"field field--name-field-abstract field--type-string-long field--label-hidden field__item\"><span class=\"VIpgJd-yAWNEb-VIpgJd-fmcmS-sn54Q\">Smart Rural -hanke oli kaksi ja puoli vuotta kest\u00e4nyt<\/span> <span class=\"VIpgJd-yAWNEb-VIpgJd-fmcmS-sn54Q\">Euroopan komission (DG AGRI) tukema hanke,<\/span> <span class=\"VIpgJd-yAWNEb-VIpgJd-fmcmS-sn54Q\">jonka yleisen\u00e4 tavoitteena oli edist\u00e4\u00e4 ja innostaa kyli\u00e4<\/span> <span class=\"VIpgJd-yAWNEb-VIpgJd-fmcmS-sn54Q\">kehitt\u00e4m\u00e4\u00e4n ja toteuttamaan \u00e4lykk\u00e4iden kylien toimintatapoja <\/span><span class=\"VIpgJd-yAWNEb-VIpgJd-fmcmS-sn54Q\"> ja strategioita kaikkialla Euroopassa sek\u00e4 tehd\u00e4 johtop\u00e4\u00e4t\u00f6ksi\u00e4 ja tukea tulevaisuutta. \u00e4lykk\u00e4it\u00e4 kyli\u00e4 koskevat poliittiset toimet. <\/span><\/div>\n<\/div>\n<p>[\/et_pb_blurb][et_pb_button button_url=&#8221;https:\/\/www.smartrural21.eu\/&#8221; button_text=&#8221;Lue lis\u00e4\u00e4&#8221; module_class=&#8221;rmbtnlnk1&#8243; _builder_version=&#8221;4.27.3&#8243; _module_preset=&#8221;default&#8221; custom_button=&#8221;on&#8221; button_text_size=&#8221;16px&#8221; button_bg_color=&#8221;RGBA(255,255,255,0)&#8221; button_border_width=&#8221;0px&#8221; button_icon=&#8221;&#x35;||divi||400&#8243; button_on_hover=&#8221;off&#8221; custom_padding=&#8221;0px|0px|0px|0px|false|false&#8221; locked=&#8221;off&#8221; global_colors_info=&#8221;{}&#8221;][\/et_pb_button][\/et_pb_column][et_pb_column type=&#8221;1_3&#8243; _builder_version=&#8221;4.22.1&#8243; _module_preset=&#8221;default&#8221; global_colors_info=&#8221;{}&#8221;][et_pb_blurb title=&#8221;SMART RURAL 27&#8243; image=&#8221;https:\/\/aktion.fi\/wp-content\/uploads\/2024\/11\/kotisivukuvake-8.png&#8221; module_class=&#8221;blbtp1&#8243; _builder_version=&#8221;4.27.3&#8243; _module_preset=&#8221;default&#8221; header_level=&#8221;h3&#8243; header_text_color=&#8221;#0070A8&#8243; body_font=&#8221;|300|||||||&#8221; locked=&#8221;off&#8221; global_colors_info=&#8221;{}&#8221;]<\/p>\n<p>The 2nd Preparatory Action on Smart Rural Areas in the 21st Century (shortly called Smart Rural 27 project) was launched by the European Commission in December 2020 with the aim to \u201cprepare Member States and rural communities for the implementation of the Common Agricultural Policy (CAP) post-2020 as well as other EU policies and initiatives, which could potentially support the emergence of additional Smart Villages across the European Union\u201d.<\/p>\n<p>[\/et_pb_blurb][et_pb_button button_url=&#8221;https:\/\/www.smartrural27.eu\/&#8221; button_text=&#8221;Lue lis\u00e4\u00e4&#8221; module_class=&#8221;rmbtnlnk1&#8243; _builder_version=&#8221;4.27.3&#8243; _module_preset=&#8221;default&#8221; custom_button=&#8221;on&#8221; button_text_size=&#8221;16px&#8221; button_bg_color=&#8221;RGBA(255,255,255,0)&#8221; button_border_width=&#8221;0px&#8221; button_icon=&#8221;&#x35;||divi||400&#8243; button_on_hover=&#8221;off&#8221; custom_padding=&#8221;0px|0px|0px|0px|false|false&#8221; locked=&#8221;off&#8221; global_colors_info=&#8221;{}&#8221;][\/et_pb_button][\/et_pb_column][et_pb_column type=&#8221;1_3&#8243; _builder_version=&#8221;4.22.1&#8243; _module_preset=&#8221;default&#8221; global_colors_info=&#8221;{}&#8221;][et_pb_blurb title=&#8221;ASUTTAVUUS &#8211; HABITABILITY&#8221; image=&#8221;https:\/\/aktion.fi\/wp-content\/uploads\/2023\/10\/Materiaalit-kylille.jpg&#8221; module_class=&#8221;blbtp1&#8243; _builder_version=&#8221;4.27.3&#8243; _module_preset=&#8221;default&#8221; header_level=&#8221;h3&#8243; header_text_color=&#8221;#0070A8&#8243; body_font=&#8221;|300|||||||&#8221; locked=&#8221;off&#8221; global_colors_info=&#8221;{}&#8221;]<\/p>\n<p class=\"lead\">Bobarhet \u00e4r ett verktyg f\u00f6r att utveckla \u00f6ar och mindre samh\u00e4llen som \u00e4r pr\u00e4glade av sin n\u00e4rvaro till vatten. Verktyget eller konceptet bobarhet kallas Habitability p\u00e5 engelska. <\/p>\n<p><span>Asuttavuus-analyysi tarkastelee energiaa viiden indikaattorin kautta. <br \/>19: Energiankulutus <br \/>20: Energial\u00e4hteet <br \/>21: Hiilil\u00e4hteet ja -nielut <br \/>22: Paikallinen energiantuotanto <br \/>23: Uusiutuvan energian osuus<\/span><\/p>\n<p>[\/et_pb_blurb][et_pb_button button_url=&#8221;https:\/\/www.abo.fi\/fi\/centret-for-livslangt-larande\/siaa-bobarhet\/&#8221; button_text=&#8221;Lue lis\u00e4\u00e4&#8221; module_class=&#8221;rmbtnlnk1&#8243; _builder_version=&#8221;4.27.3&#8243; _module_preset=&#8221;default&#8221; custom_button=&#8221;on&#8221; button_text_size=&#8221;16px&#8221; button_bg_color=&#8221;RGBA(255,255,255,0)&#8221; button_border_width=&#8221;0px&#8221; button_icon=&#8221;&#x35;||divi||400&#8243; button_on_hover=&#8221;off&#8221; custom_padding=&#8221;0px|0px|0px|0px|false|false&#8221; locked=&#8221;off&#8221; global_colors_info=&#8221;{}&#8221;][\/et_pb_button][\/et_pb_column][\/et_pb_row][et_pb_row column_structure=&#8221;1_3,1_3,1_3&#8243; _builder_version=&#8221;4.22.1&#8243; _module_preset=&#8221;default&#8221; custom_padding=&#8221;0px||0px||true|false&#8221; global_colors_info=&#8221;{}&#8221;][et_pb_column type=&#8221;1_3&#8243; _builder_version=&#8221;4.22.1&#8243; _module_preset=&#8221;default&#8221; global_colors_info=&#8221;{}&#8221;][et_pb_blurb title=&#8221;LECo &#8211; Local Energy Communities&#8221; module_class=&#8221;blbtp1&#8243; _builder_version=&#8221;4.27.3&#8243; _module_preset=&#8221;default&#8221; header_level=&#8221;h3&#8243; header_text_color=&#8221;#0070A8&#8243; body_font=&#8221;|300|||||||&#8221; locked=&#8221;off&#8221; global_colors_info=&#8221;{}&#8221;]<\/p>\n<p><span>The LECo project shall respond on the needs of remote communes and settlements for a sustainable energy supply. The goal is to combine new innovative technologies with locally available natural resources, and to raise awareness of energy efficiency and possibilities to use the renewable energy. The approach is based on the model of local cycle economy. In the project, Local Energy Communities (LECo) will be formed, which will create synergetic effects to the local economy and social coherence. The project will bring together the combined experience, knowledge and expertise of the project partners and provide conditions for creation of energy self-sufficient Local Energy Communities (LECo). The central European \u201cEnergy Village\u201d concept will be adapted for the NPA \/ project partner regions (Finland, Sweden, Norway, and Ireland). Existing cases of Energy Villages inside and outside the NPA area will be analyzed in form of documented cases and will deliver guidance about success factors and pitfalls for Energy Villages      <\/span><\/p>\n<p>[\/et_pb_blurb][et_pb_button button_url=&#8221;https:\/\/lahienergia.org\/&#8221; button_text=&#8221;Lue lis\u00e4\u00e4&#8221; module_class=&#8221;rmbtnlnk1&#8243; _builder_version=&#8221;4.27.3&#8243; _module_preset=&#8221;default&#8221; custom_button=&#8221;on&#8221; button_text_size=&#8221;16px&#8221; button_bg_color=&#8221;RGBA(255,255,255,0)&#8221; button_border_width=&#8221;0px&#8221; button_icon=&#8221;&#x35;||divi||400&#8243; button_on_hover=&#8221;off&#8221; custom_padding=&#8221;0px|0px|0px|0px|false|false&#8221; locked=&#8221;off&#8221; global_colors_info=&#8221;{}&#8221;][\/et_pb_button][\/et_pb_column][et_pb_column type=&#8221;1_3&#8243; _builder_version=&#8221;4.22.1&#8243; _module_preset=&#8221;default&#8221; global_colors_info=&#8221;{}&#8221;][et_pb_blurb title=&#8221;Suomen L\u00e4hienergialiitto ry&#8221; module_class=&#8221;blbtp1&#8243; _builder_version=&#8221;4.27.3&#8243; _module_preset=&#8221;default&#8221; header_level=&#8221;h3&#8243; header_text_color=&#8221;#0070A8&#8243; body_font=&#8221;|300|||||||&#8221; locked=&#8221;off&#8221; global_colors_info=&#8221;{}&#8221;]<\/p>\n<p>Suomen L\u00e4hienergialiitto ry pyrkii tekem\u00e4\u00e4n uusiutuvan energian k\u00e4yt\u00f6st\u00e4 mahdollisimman helppoa suomalaisille sek\u00e4 edist\u00e4m\u00e4\u00e4n puhtaan energiasektorin kasvua. Liitto keskittyy uusiutuvaan energiaan, \u00e4lykk\u00e4isiin energiaratkaisuihin ja energiatehokkuuteen. <\/p>\n<p>J\u00e4senet koostuvat puhtaan energian yrityksist\u00e4, uusiutuvan energian yhdistyksist\u00e4, alan asiantuntijoista sek\u00e4 energian tuottajista ja kuluttajista.<\/p>\n<p>Liiton toiminta kattaa viestinn\u00e4n, tapahtumien ja seminaarien j\u00e4rjest\u00e4misen, edunvalvonnan sek\u00e4 kehitysprojektit, jotka tukevat uusiutuvia energiaratkaisuja ja alan kehityst\u00e4.<\/p>\n<p>[\/et_pb_blurb][et_pb_button button_url=&#8221;https:\/\/lahienergia.org\/&#8221; button_text=&#8221;Lue lis\u00e4\u00e4&#8221; module_class=&#8221;rmbtnlnk1&#8243; _builder_version=&#8221;4.27.3&#8243; _module_preset=&#8221;default&#8221; custom_button=&#8221;on&#8221; button_text_size=&#8221;16px&#8221; button_bg_color=&#8221;RGBA(255,255,255,0)&#8221; button_border_width=&#8221;0px&#8221; button_icon=&#8221;&#x35;||divi||400&#8243; button_on_hover=&#8221;off&#8221; custom_padding=&#8221;0px|0px|0px|0px|false|false&#8221; locked=&#8221;off&#8221; global_colors_info=&#8221;{}&#8221;][\/et_pb_button][\/et_pb_column][et_pb_column type=&#8221;1_3&#8243; _builder_version=&#8221;4.22.1&#8243; _module_preset=&#8221;default&#8221; global_colors_info=&#8221;{}&#8221;][et_pb_video src=&#8221;https:\/\/youtu.be\/8pwW1S2KYxk?si=oxaK23wMhjeVog4U&#8221; _builder_version=&#8221;4.27.3&#8243; _module_preset=&#8221;default&#8221; global_colors_info=&#8221;{}&#8221;][\/et_pb_video][\/et_pb_column][\/et_pb_row][\/et_pb_section][et_pb_section fb_built=&#8221;1&#8243; module_id=&#8221;featsectp1&#8243; _builder_version=&#8221;4.22.1&#8243; _module_preset=&#8221;default&#8221; custom_padding=&#8221;20px||80px||false|false&#8221; global_colors_info=&#8221;{}&#8221;][\/et_pb_section]<\/p>\n","protected":false},"excerpt":{"rendered":"<p>T\u00e4lt\u00e4 sivulta l\u00f6yd\u00e4t materiaalia \u00e4lykk\u00e4\u00e4n kyl\u00e4n kehitt\u00e4miseen, joka on tuotettu eri projekteissa vuosien varrella. Osa materiaalista on ty\u00f6kaluja, jotka on luotu omissa projekteissamme, ja osa on rahoittamiemme projektien tuloksia. T\u00e4\u00e4lt\u00e4 [&hellip;]<\/p>\n","protected":false},"author":3,"featured_media":0,"parent":307854,"menu_order":0,"comment_status":"closed","ping_status":"closed","template":"","meta":{"_acf_changed":false,"_et_pb_use_builder":"on","_et_pb_old_content":"","_et_gb_content_width":"","footnotes":""},"class_list":["post-310814","page","type-page","status-publish","hentry"],"acf":[],"_links":{"self":[{"href":"https:\/\/aktion.fi\/fi\/wp-json\/wp\/v2\/pages\/310814","targetHints":{"allow":["GET"]}}],"collection":[{"href":"https:\/\/aktion.fi\/fi\/wp-json\/wp\/v2\/pages"}],"about":[{"href":"https:\/\/aktion.fi\/fi\/wp-json\/wp\/v2\/types\/page"}],"author":[{"embeddable":true,"href":"https:\/\/aktion.fi\/fi\/wp-json\/wp\/v2\/users\/3"}],"replies":[{"embeddable":true,"href":"https:\/\/aktion.fi\/fi\/wp-json\/wp\/v2\/comments?post=310814"}],"version-history":[{"count":2,"href":"https:\/\/aktion.fi\/fi\/wp-json\/wp\/v2\/pages\/310814\/revisions"}],"predecessor-version":[{"id":310816,"href":"https:\/\/aktion.fi\/fi\/wp-json\/wp\/v2\/pages\/310814\/revisions\/310816"}],"up":[{"embeddable":true,"href":"https:\/\/aktion.fi\/fi\/wp-json\/wp\/v2\/pages\/307854"}],"wp:attachment":[{"href":"https:\/\/aktion.fi\/fi\/wp-json\/wp\/v2\/media?parent=310814"}],"curies":[{"name":"wp","href":"https:\/\/api.w.org\/{rel}","templated":true}]}}