{"id":311536,"date":"2025-03-03T08:49:33","date_gmt":"2025-03-03T05:49:33","guid":{"rendered":"https:\/\/aktion.fi\/ekokompassi\/"},"modified":"2026-02-18T10:46:26","modified_gmt":"2026-02-18T07:46:26","slug":"ekokompassi","status":"publish","type":"page","link":"https:\/\/aktion.fi\/fi\/ekokompassi\/","title":{"rendered":"Ekokompassi"},"content":{"rendered":"<p>[et_pb_section fb_built=&#8221;1&#8243; module_id=&#8221;mbantp2&#8243; _builder_version=&#8221;4.27.4&#8243; _module_preset=&#8221;default&#8221; background_color=&#8221;#FFFFFF&#8221; background_image=&#8221;https:\/\/aktion.fi\/wp-content\/uploads\/2025\/09\/Landsbyggare-EU-banner-2-1.svg&#8221; module_alignment=&#8221;center&#8221; custom_padding=&#8221;6%|20%|6%|20%|true|true&#8221; saved_tabs=&#8221;all&#8221; global_colors_info=&#8221;{}&#8221;][et_pb_row module_id=&#8221;brdcrms&#8221; _builder_version=&#8221;4.22.1&#8243; _module_preset=&#8221;default&#8221; global_colors_info=&#8221;{}&#8221;][et_pb_column type=&#8221;4_4&#8243; _builder_version=&#8221;4.22.1&#8243; _module_preset=&#8221;default&#8221; global_colors_info=&#8221;{}&#8221;][et_pb_text _builder_version=&#8221;4.22.1&#8243; _module_preset=&#8221;default&#8221; global_colors_info=&#8221;{}&#8221;]<\/p>\n\t\t\t<!-- Flexy Breadcrumb -->\r\n\t\t\t<div class=\"fbc fbc-page\">\r\n\r\n\t\t\t\t<!-- Breadcrumb wrapper -->\r\n\t\t\t\t<div class=\"fbc-wrap\">\r\n\r\n\t\t\t\t\t<!-- Ordered list-->\r\n\t\t\t\t\t<ol class=\"fbc-items\" itemscope itemtype=\"https:\/\/schema.org\/BreadcrumbList\">\r\n\t\t\t\t\t\t            <li itemprop=\"itemListElement\" itemscope itemtype=\"https:\/\/schema.org\/ListItem\">\r\n                <span itemprop=\"name\">\r\n                    <!-- Home Link -->\r\n                    <a itemprop=\"item\" href=\"https:\/\/aktion.fi\">\r\n                    \r\n                                                    <i class=\"fa fa-home\" aria-hidden=\"true\"><\/i>Home                    <\/a>\r\n                <\/span>\r\n                <meta itemprop=\"position\" content=\"1\" \/><!-- Meta Position-->\r\n             <\/li><li><span class=\"fbc-separator\">\/<\/span><\/li><li class=\"active\" itemprop=\"itemListElement\" itemscope itemtype=\"https:\/\/schema.org\/ListItem\"><span itemprop=\"name\" title=\"Blogi\">Blogi<\/span><meta itemprop=\"position\" content=\"2\" \/><\/li>\t\t\t\t\t<\/ol>\r\n\t\t\t\t\t<div class=\"clearfix\"><\/div>\r\n\t\t\t\t<\/div>\r\n\t\t\t<\/div>\r\n\t\t\t\n<p>[\/et_pb_text][\/et_pb_column][\/et_pb_row][et_pb_row module_id=&#8221;inpghdng&#8221; _builder_version=&#8221;4.22.1&#8243; _module_preset=&#8221;default&#8221; global_colors_info=&#8221;{}&#8221;][et_pb_column type=&#8221;4_4&#8243; _builder_version=&#8221;4.22.1&#8243; _module_preset=&#8221;default&#8221; global_colors_info=&#8221;{}&#8221;][et_pb_text _builder_version=&#8221;4.22.1&#8243; _module_preset=&#8221;default&#8221; header_text_color=&#8221;#FFFFFF&#8221; header_font_size=&#8221;60px&#8221; header_font_size_tablet=&#8221;50px&#8221; header_font_size_phone=&#8221;40px&#8221; header_font_size_last_edited=&#8221;on|phone&#8221; header_text_shadow_style=&#8221;preset2&#8243; header_text_shadow_horizontal_length=&#8221;0.01em&#8221; header_text_shadow_vertical_length=&#8221;0.03em&#8221; global_colors_info=&#8221;{}&#8221;][\/et_pb_text][\/et_pb_column][\/et_pb_row][\/et_pb_section][et_pb_section fb_built=&#8221;1&#8243; _builder_version=&#8221;4.22.1&#8243; _module_preset=&#8221;default&#8221; custom_padding=&#8221;80px||80px||true|false&#8221; global_colors_info=&#8221;{}&#8221;][et_pb_row _builder_version=&#8221;4.27.5&#8243; _module_preset=&#8221;default&#8221; column_structure=&#8221;1_4,1_2,1_4&#8243; title_text=&#8221;Smarta byar i Svenskfinland&#8221; background_enable_image=&#8221;off&#8221; hover_enabled=&#8221;0&#8243; sticky_enabled=&#8221;0&#8243; background_color=&#8221;#E3DCD5&#8243;][et_pb_column _builder_version=&#8221;4.27.5&#8243; _module_preset=&#8221;default&#8221; type=&#8221;1_4&#8243;][\/et_pb_column][et_pb_column _builder_version=&#8221;4.27.5&#8243; _module_preset=&#8221;default&#8221; type=&#8221;1_2&#8243;][et_pb_image src=&#8221;https:\/\/aktion.fi\/wp-content\/uploads\/2026\/02\/Ekokompassi_logo_FI-slogan-RGB.png&#8221; _builder_version=&#8221;4.27.5&#8243; _module_preset=&#8221;default&#8221; title_text=&#8221;Ekokompassi_logo_FI-slogan-RGB&#8221; hover_enabled=&#8221;0&#8243; sticky_enabled=&#8221;0&#8243;][\/et_pb_image][\/et_pb_column][et_pb_column _builder_version=&#8221;4.27.5&#8243; _module_preset=&#8221;default&#8221; type=&#8221;1_4&#8243;][\/et_pb_column][\/et_pb_row][et_pb_row _builder_version=&#8221;4.27.5&#8243; _module_preset=&#8221;default&#8221;][et_pb_column _builder_version=&#8221;4.27.5&#8243; _module_preset=&#8221;default&#8221; type=&#8221;4_4&#8243;][et_pb_heading title=&#8221;Olemme sitoutuneet s\u00e4\u00e4st\u00e4m\u00e4\u00e4n luonnon resursseja&#8221; _builder_version=&#8221;4.27.5&#8243; _module_preset=&#8221;default&#8221; hover_enabled=&#8221;0&#8243; sticky_enabled=&#8221;0&#8243; title_level=&#8221;h5&#8243;][\/et_pb_heading][et_pb_heading title=&#8221;Meille on my\u00f6nnetty Ekokompassi-sertifikaatti&#8221; _builder_version=&#8221;4.27.5&#8243; _module_preset=&#8221;default&#8221; hover_enabled=&#8221;0&#8243; sticky_enabled=&#8221;0&#8243; title_level=&#8221;h2&#8243;][\/et_pb_heading][\/et_pb_column][\/et_pb_row][et_pb_row _builder_version=&#8221;4.27.5&#8243; _module_preset=&#8221;default&#8221; column_structure=&#8221;2_3,1_3&#8243;][et_pb_column _builder_version=&#8221;4.27.5&#8243; _module_preset=&#8221;default&#8221; type=&#8221;2_3&#8243;][et_pb_text module_class=&#8221;intro2&#8243; _builder_version=&#8221;4.27.5&#8243; _module_preset=&#8221;default&#8221; text_font=&#8221;|300|||||||&#8221; hover_enabled=&#8221;0&#8243; global_colors_info=&#8221;{}&#8221; sticky_enabled=&#8221;0&#8243;]<\/p>\n<h6 data-start=\"48\" data-end=\"102\"><\/h6>\n<div>\n<p>Yhdistyksellemme on my\u00f6nnetty Ekokompassi-sertifikaatti. Sertifiointi vahvistaa sitoutumisemme ymp\u00e4rist\u00f6vastuulliseen toimintatapaan ja ymp\u00e4rist\u00f6j\u00e4rjestelm\u00e4mme t\u00e4ytt\u00e4\u00e4 Ekokompassin 10 kriteerin vaatimukset.<\/p>\n<p>Ekokompassi perustuu kansainv\u00e4liseen ISO 14001 -standardiin ja on kevennetty, yhdistyksille ja pk-toimijoille soveltuva ymp\u00e4rist\u00f6j\u00e4rjestelm\u00e4. Sertifikaatti kertoo, ett\u00e4 ty\u00f6mme on j\u00e4rjestelm\u00e4llist\u00e4, tavoitteellista ja nyt my\u00f6s ulkoisesti auditoitua.<\/p>\n<\/div>\n<p data-start=\"1908\" data-end=\"2006\">[\/et_pb_text][\/et_pb_column][et_pb_column _builder_version=&#8221;4.27.5&#8243; _module_preset=&#8221;default&#8221; type=&#8221;1_3&#8243;][et_pb_testimonial _builder_version=&#8221;4.27.5&#8243; _module_preset=&#8221;default&#8221; font_icon=&#8221;&#xf06c;||fa||900&#8243; hover_enabled=&#8221;0&#8243; sticky_enabled=&#8221;0&#8243;]<\/p>\n<p>Olemme rakentaneet <a href=\"https:\/\/ekokompassi.fi\/ymparistojarjestelma\/\">Ekokompassi-ymp\u00e4rist\u00f6j\u00e4rjestelm\u00e4\u00e4<\/a>, Osana <a href=\"https:\/\/maaseutuilijat.fi\/yhdistyksille\/\">Landsbyggare f\u00f6r f\u00f6reningar \u2013 h\u00e5llbar f\u00f6rnyelse av landsbygden -hanketta<\/a> . Hanke on saanut osarahoituksen Euroopan unionilta, ja sen my\u00f6t\u00e4 meill\u00e4 on ollut mahdollisuus vahvistaa ymp\u00e4rist\u00f6ty\u00f6t\u00e4mme.<\/p>\n<p>[\/et_pb_testimonial][\/et_pb_column][\/et_pb_row][et_pb_row _builder_version=&#8221;4.27.5&#8243; _module_preset=&#8221;default&#8221; column_structure=&#8221;1_4,1_2,1_4&#8243; title_text=&#8221;Smarta byar i Svenskfinland&#8221; background_image=&#8221;https:\/\/aktion.fi\/wp-content\/uploads\/2025\/09\/Smarta-byar-i-Svenskfinland.png&#8221; hover_enabled=&#8221;0&#8243; sticky_enabled=&#8221;0&#8243;][et_pb_column _builder_version=&#8221;4.27.5&#8243; _module_preset=&#8221;default&#8221; type=&#8221;1_4&#8243;][\/et_pb_column][et_pb_column _builder_version=&#8221;4.27.5&#8243; _module_preset=&#8221;default&#8221; type=&#8221;1_2&#8243;][et_pb_testimonial _builder_version=&#8221;4.27.5&#8243; _module_preset=&#8221;default&#8221; font_icon=&#8221;&#xf06c;||fa||900&#8243; hover_enabled=&#8221;0&#8243; sticky_enabled=&#8221;0&#8243; body_font=&#8221;|300|||||||&#8221; body_font_size=&#8221;14px&#8221;]<\/p>\n<div>\n<p><strong>YMP\u00c4RIST\u00d6LUPAUS<\/strong><\/p>\n<p>Haluamme olla kest\u00e4v\u00e4 ty\u00f6yhteis\u00f6, jossa voidaan hyvin, tehd\u00e4\u00e4n kest\u00e4vi\u00e4 valintoja ja edistet\u00e4\u00e4n kest\u00e4vyytt\u00e4 viestim\u00e4ll\u00e4 ja vaikuttamalla. <span style=\"font-size: 14px;\">Kest\u00e4v\u00e4ss\u00e4 ty\u00f6yhteis\u00f6ss\u00e4 kiinnitet\u00e4\u00e4n huomiota henkil\u00f6st\u00f6n hyvinvointiin, ei syrjit\u00e4 ja ollaan avoimia. Tuetaan fyysist\u00e4 ja psyykkist\u00e4 hyvinvointia.<\/span><\/p>\n<p>Kannustetaan hankkimaan tuotteita mahdollisimman l\u00e4helt\u00e4, niin ett\u00e4 ne ovat laadukkaita ja mahdollisimman v\u00e4h\u00e4n ymp\u00e4rist\u00f6\u00e4 kuormittavia ja uusiutuvia materiaaleja sis\u00e4lt\u00e4vi\u00e4. Liikkumiseen kiinnitet\u00e4\u00e4n huomiota suosimalla<br \/>kimppakyytej\u00e4, julkista liikennett\u00e4 ja v\u00e4hent\u00e4m\u00e4ll\u00e4 lentomatkoja. Pyrimme v\u00e4hent\u00e4m\u00e4\u00e4n j\u00e4tteen m\u00e4\u00e4r\u00e4\u00e4 ja parantamaan toimistollamme j\u00e4tteen kierr\u00e4tyst\u00e4.<\/p>\n<p>Viestinn\u00e4ss\u00e4 nostamme esiin rahoittamiamme hankkeita, jotka toimivat Agenda 2030 -tavoitteiden saavuttamiseksi ja vaikutamme siihen, ett\u00e4 kest\u00e4v\u00e4n kehityksen huomioiminen n\u00e4kyisi yh\u00e4 enemm\u00e4n asiakkaidemme ja henkil\u00f6kuntamme arjessa.<\/p>\n<\/div>\n<p>[\/et_pb_testimonial][\/et_pb_column][et_pb_column _builder_version=&#8221;4.27.5&#8243; _module_preset=&#8221;default&#8221; type=&#8221;1_4&#8243;][\/et_pb_column][\/et_pb_row][et_pb_row _builder_version=&#8221;4.27.5&#8243; _module_preset=&#8221;default&#8221;][et_pb_column _builder_version=&#8221;4.27.5&#8243; _module_preset=&#8221;default&#8221; type=&#8221;4_4&#8243;][et_pb_text module_class=&#8221;intro2&#8243; _builder_version=&#8221;4.27.5&#8243; _module_preset=&#8221;default&#8221; text_font=&#8221;|300|||||||&#8221; hover_enabled=&#8221;0&#8243; global_colors_info=&#8221;{}&#8221; sticky_enabled=&#8221;0&#8243;]<\/p>\n<div><\/div>\n<h4>Ymp\u00e4rist\u00f6ohjelmamme painopisteet<\/h4>\n<p data-start=\"1102\" data-end=\"1366\">Ymp\u00e4rist\u00f6vaikutusten arvionnin ja pisteytyksen perusteella olemme valinneet viisi keskeist\u00e4 osa-aluetta, joissa toiminnallamme on merkityst\u00e4 ja vaikutusmahdollisuuksia.<\/p>\n<p>[\/et_pb_text][\/et_pb_column][\/et_pb_row][et_pb_row _builder_version=&#8221;4.27.5&#8243; _module_preset=&#8221;default&#8221; column_structure=&#8221;1_3,1_3,1_3&#8243; hover_enabled=&#8221;0&#8243; sticky_enabled=&#8221;0&#8243;][et_pb_column _builder_version=&#8221;4.27.5&#8243; _module_preset=&#8221;default&#8221; type=&#8221;1_3&#8243;][et_pb_heading title=&#8221;1. Hankinnat&#8221; _builder_version=&#8221;4.27.5&#8243; _module_preset=&#8221;default&#8221; hover_enabled=&#8221;0&#8243; sticky_enabled=&#8221;0&#8243; title_level=&#8221;h3&#8243; height=&#8221;40px&#8221;][\/et_pb_heading][et_pb_text module_class=&#8221;intro2&#8243; _builder_version=&#8221;4.27.5&#8243; _module_preset=&#8221;default&#8221; text_font=&#8221;|300|||||||&#8221; hover_enabled=&#8221;0&#8243; global_colors_info=&#8221;{}&#8221; sticky_enabled=&#8221;0&#8243; text_line_height=&#8221;1em&#8221; text_font_size=&#8221;14px&#8221;]<\/p>\n<p data-start=\"1659\" data-end=\"1906\">Suosimme paikallisia ja vastuullisesti tuotettuja tuotteita ja palveluja, v\u00e4henn\u00e4mme turhia hankintoja ja huomioimme vastuullisuuden kilpailutuksissa.<\/p>\n<p>[\/et_pb_text][\/et_pb_column][et_pb_column _builder_version=&#8221;4.27.5&#8243; _module_preset=&#8221;default&#8221; type=&#8221;1_3&#8243;][et_pb_heading title=&#8221;2. Henkil\u00f6st\u00f6n liikkuminen&#8221; _builder_version=&#8221;4.27.5&#8243; _module_preset=&#8221;default&#8221; hover_enabled=&#8221;0&#8243; sticky_enabled=&#8221;0&#8243; title_level=&#8221;h3&#8243; height=&#8221;40px&#8221;][\/et_pb_heading][et_pb_text module_class=&#8221;intro2&#8243; _builder_version=&#8221;4.27.5&#8243; _module_preset=&#8221;default&#8221; text_font=&#8221;|300|||||||&#8221; hover_enabled=&#8221;0&#8243; global_colors_info=&#8221;{}&#8221; sticky_enabled=&#8221;0&#8243;]<\/p>\n<p data-start=\"1659\" data-end=\"1906\">Kannustamme v\u00e4h\u00e4p\u00e4\u00e4st\u00f6iseen liikkumiseen, suosimme kimppakyytej\u00e4 ja julkista liikennett\u00e4 sek\u00e4 arvioimme\u00a0 lentomatkustuksen tarkoituksenmukaisuutta.<\/p>\n<p data-start=\"1908\" data-end=\"2006\">[\/et_pb_text][\/et_pb_column][et_pb_column _builder_version=&#8221;4.27.5&#8243; _module_preset=&#8221;default&#8221; type=&#8221;1_3&#8243;][et_pb_heading title=&#8221;3. Vaikuttaminen&#8221; _builder_version=&#8221;4.27.5&#8243; _module_preset=&#8221;default&#8221; hover_enabled=&#8221;0&#8243; sticky_enabled=&#8221;0&#8243; title_level=&#8221;h3&#8243; height=&#8221;40px&#8221;][\/et_pb_heading][et_pb_text module_class=&#8221;intro2&#8243; _builder_version=&#8221;4.27.5&#8243; _module_preset=&#8221;default&#8221; text_font=&#8221;|300|||||||&#8221; hover_enabled=&#8221;0&#8243; global_colors_info=&#8221;{}&#8221; sticky_enabled=&#8221;0&#8243;]<\/p>\n<p data-start=\"1659\" data-end=\"1906\">Edist\u00e4mme kest\u00e4v\u00e4\u00e4 kehityst\u00e4 viestinn\u00e4n, sidosryhm\u00e4yhteisty\u00f6n ja rahoittamiemme hankkeiden kautta. Nostamme esiin maaseudun yhdistysten ja yritysten ymp\u00e4rist\u00f6ty\u00f6t\u00e4 ja hyvi\u00e4 k\u00e4yt\u00e4nt\u00f6j\u00e4.<\/p>\n<p>[\/et_pb_text][\/et_pb_column][\/et_pb_row][et_pb_row _builder_version=&#8221;4.27.5&#8243; _module_preset=&#8221;default&#8221; column_structure=&#8221;1_4,1_4,1_4,1_4&#8243; hover_enabled=&#8221;0&#8243; sticky_enabled=&#8221;0&#8243;][et_pb_column _builder_version=&#8221;4.27.5&#8243; _module_preset=&#8221;default&#8221; type=&#8221;1_4&#8243;][\/et_pb_column][et_pb_column _builder_version=&#8221;4.27.5&#8243; _module_preset=&#8221;default&#8221; type=&#8221;1_4&#8243;][et_pb_heading title=&#8221;4. Energia&#8221; _builder_version=&#8221;4.27.5&#8243; _module_preset=&#8221;default&#8221; hover_enabled=&#8221;0&#8243; sticky_enabled=&#8221;0&#8243; title_level=&#8221;h3&#8243; height=&#8221;40px&#8221;][\/et_pb_heading][et_pb_text module_class=&#8221;intro2&#8243; _builder_version=&#8221;4.27.5&#8243; _module_preset=&#8221;default&#8221; text_font=&#8221;|300|||||||&#8221; hover_enabled=&#8221;0&#8243; global_colors_info=&#8221;{}&#8221; sticky_enabled=&#8221;0&#8243;]<\/p>\n<p data-start=\"1659\" data-end=\"1906\">Selvit\u00e4mme mahdollisuutta siirty\u00e4 uusiutuvaan s\u00e4hk\u00f6\u00f6n, v\u00e4henn\u00e4mme kulutusta ja k\u00e4yt\u00e4mme laitteita energiatehokkaasti.<\/p>\n<p>[\/et_pb_text][\/et_pb_column][et_pb_column _builder_version=&#8221;4.27.5&#8243; _module_preset=&#8221;default&#8221; type=&#8221;1_4&#8243;][et_pb_heading title=&#8221;5. Luonnon monimuotoisuus&#8221; _builder_version=&#8221;4.27.5&#8243; _module_preset=&#8221;default&#8221; hover_enabled=&#8221;0&#8243; sticky_enabled=&#8221;0&#8243; title_level=&#8221;h3&#8243; height=&#8221;40px&#8221;][\/et_pb_heading][et_pb_text module_class=&#8221;intro2&#8243; _builder_version=&#8221;4.27.5&#8243; _module_preset=&#8221;default&#8221; text_font=&#8221;|300|||||||&#8221; hover_enabled=&#8221;0&#8243; global_colors_info=&#8221;{}&#8221; sticky_enabled=&#8221;0&#8243;]<\/p>\n<p data-start=\"1630\" data-end=\"1657\">Edist\u00e4mme luonnon monimuotoisuutta oman hanketoimintamme ja rahoittamiemme hankkeiden kautta.<\/p>\n<p data-start=\"1908\" data-end=\"2006\">[\/et_pb_text][\/et_pb_column][et_pb_column _builder_version=&#8221;4.27.5&#8243; _module_preset=&#8221;default&#8221; type=&#8221;1_4&#8243;][\/et_pb_column][\/et_pb_row][et_pb_row column_structure=&#8221;3_5,2_5&#8243; _builder_version=&#8221;4.27.5&#8243; _module_preset=&#8221;default&#8221; hover_enabled=&#8221;0&#8243; global_colors_info=&#8221;{}&#8221; sticky_enabled=&#8221;0&#8243;][et_pb_column type=&#8221;3_5&#8243; _builder_version=&#8221;4.22.1&#8243; _module_preset=&#8221;default&#8221; global_colors_info=&#8221;{}&#8221;][et_pb_text module_class=&#8221;intro2&#8243; _builder_version=&#8221;4.27.5&#8243; _module_preset=&#8221;default&#8221; text_font=&#8221;|300|||||||&#8221; hover_enabled=&#8221;0&#8243; global_colors_info=&#8221;{}&#8221; sticky_enabled=&#8221;0&#8243;]<\/p>\n<div><\/div>\n<p><span style=\"font-size: 27px; font-weight: bold;\">Kest\u00e4v\u00e4 kehitys strategiassamme<\/span><\/p>\n<p data-start=\"1102\" data-end=\"1366\">Kest\u00e4v\u00e4 kehitys on keskeinen osa <a href=\"https:\/\/aktion.fi\/fi\/tietoameista\/strategia\/\">strategiaamme rahoituskaudella 2023\u20132027. <\/a>Olemme sitoutuneet <a href=\"https:\/\/kestavakehitys.fi\/agenda-2030\">Agenda 2030 -tavoitteisiin <\/a>ja m\u00e4\u00e4ritelleet toimintamme kannalta olennaisimmiksi seuraavat kuusi tavoitetta, jotka toimivat my\u00f6s ymp\u00e4rist\u00f6ohjelmamme pohjana:<\/p>\n<p data-start=\"1368\" data-end=\"1628\"><strong data-start=\"1368\" data-end=\"1399\">3 &#8211; Terveys ja hyvinvointi<br data-start=\"1399\" data-end=\"1402\" \/><\/strong><strong data-start=\"1402\" data-end=\"1424\">4 &#8211; Hyv\u00e4 koulutus<br data-start=\"1424\" data-end=\"1427\" \/><\/strong><strong data-start=\"1427\" data-end=\"1482\">8 &#8211; Ihmisarvoista ty\u00f6t\u00e4 ja talouskasvua<br data-start=\"1482\" data-end=\"1485\" \/><\/strong><strong data-start=\"1485\" data-end=\"1541\">9 &#8211; Kest\u00e4v\u00e4\u00e4 teollisuutta, innovaatioita ja infrastruktuureja<br data-start=\"1541\" data-end=\"1544\" \/><\/strong><strong data-start=\"1544\" data-end=\"1582\">11 &#8211; Kest\u00e4v\u00e4t kaupungit ja yhteis\u00f6t<br data-start=\"1582\" data-end=\"1585\" \/><\/strong><strong data-start=\"1585\" data-end=\"1626\">15 &#8211; Maanp\u00e4\u00e4llinen el\u00e4m\u00e4<\/strong><\/p>\n<p>[\/et_pb_text][et_pb_text _builder_version=&#8221;4.22.1&#8243; _module_preset=&#8221;default&#8221; global_colors_info=&#8221;{}&#8221;]<\/p>\n<h4><\/h4>\n<p>&nbsp;<\/p>\n<p>&nbsp;<\/p>\n<p>[\/et_pb_text][\/et_pb_column][et_pb_column type=&#8221;2_5&#8243; _builder_version=&#8221;4.27.5&#8243; _module_preset=&#8221;default&#8221; hover_enabled=&#8221;0&#8243; global_colors_info=&#8221;{}&#8221; background_color=&#8221;#E3DCD5&#8243; sticky_enabled=&#8221;0&#8243;][et_pb_text _builder_version=&#8221;4.27.5&#8243; _module_preset=&#8221;default&#8221; hover_enabled=&#8221;0&#8243; sticky_enabled=&#8221;0&#8243;]<\/p>\n<h5><strong><\/strong><\/h5>\n<h5><strong><\/strong><\/h5>\n<h3 style=\"padding-left: 40px;\"><strong>Miksi meill\u00e4 on Ekokompassi?<\/strong><\/h3>\n<ul>\n<li style=\"list-style-type: none;\">\n<ul>\n<li>Haluamme kehitt\u00e4\u00e4 toimintaamme systemaattisesti ja mitattavasti<\/li>\n<li>Tunnistamme ja v\u00e4henn\u00e4mme toimintamme ymp\u00e4rist\u00f6vaikutuksia<\/li>\n<li>Toteutamme vastuullisuusstrategiaamme k\u00e4yt\u00e4nn\u00f6ss\u00e4<\/li>\n<li>Vastaamme asiakkaiden ja sidosryhmien odotuksiin<\/li>\n<li>Teemme konkreettisia tekoja kest\u00e4v\u00e4n kehityksen eteen<\/li>\n<li>Olemme vastuullisuuden edell\u00e4k\u00e4vij\u00e4 alueellamme ja tuemme yhdistyksi\u00e4 ja toimijoita omalla esimerkill\u00e4mme.<\/li>\n<\/ul>\n<\/li>\n<\/ul>\n<p>[\/et_pb_text][\/et_pb_column][\/et_pb_row][\/et_pb_section]<\/p>\n","protected":false},"excerpt":{"rendered":"<p>\t\t\t<!-- Flexy Breadcrumb -->\r\n\t\t\t<div class=\"fbc fbc-page\">\r\n\r\n\t\t\t\t<!-- Breadcrumb wrapper -->\r\n\t\t\t\t<div class=\"fbc-wrap\">\r\n\r\n\t\t\t\t\t<!-- Ordered list-->\r\n\t\t\t\t\t<ol class=\"fbc-items\" itemscope itemtype=\"https:\/\/schema.org\/BreadcrumbList\">\r\n\t\t\t\t\t\t            <li itemprop=\"itemListElement\" itemscope itemtype=\"https:\/\/schema.org\/ListItem\">\r\n                <span itemprop=\"name\">\r\n                    <!-- Home Link -->\r\n                    <a itemprop=\"item\" href=\"https:\/\/aktion.fi\">\r\n                    \r\n                                                    <i class=\"fa fa-home\" aria-hidden=\"true\"><\/i>Home                    <\/a>\r\n                <\/span>\r\n                <meta itemprop=\"position\" content=\"1\" \/><!-- Meta Position-->\r\n             <\/li><li><span class=\"fbc-separator\">\/<\/span><\/li><li class=\"active\" itemprop=\"itemListElement\" itemscope itemtype=\"https:\/\/schema.org\/ListItem\"><span itemprop=\"name\" title=\"Blogi\">Blogi<\/span><meta itemprop=\"position\" content=\"2\" \/><\/li>\t\t\t\t\t<\/ol>\r\n\t\t\t\t\t<div class=\"clearfix\"><\/div>\r\n\t\t\t\t<\/div>\r\n\t\t\t<\/div>\r\n\t\t\t Yhdistyksellemme on my\u00f6nnetty Ekokompassi-sertifikaatti. Sertifiointi vahvistaa sitoutumisemme ymp\u00e4rist\u00f6vastuulliseen toimintatapaan ja ymp\u00e4rist\u00f6j\u00e4rjestelm\u00e4mme t\u00e4ytt\u00e4\u00e4 Ekokompassin 10 kriteerin vaatimukset. Ekokompassi perustuu kansainv\u00e4liseen ISO 14001 -standardiin ja on kevennetty, yhdistyksille ja pk-toimijoille soveltuva [&hellip;]<\/p>\n","protected":false},"author":3,"featured_media":0,"parent":0,"menu_order":0,"comment_status":"closed","ping_status":"closed","template":"","meta":{"_acf_changed":false,"_et_pb_use_builder":"on","_et_pb_old_content":"","_et_gb_content_width":"","footnotes":""},"class_list":["post-311536","page","type-page","status-publish","hentry"],"acf":[],"_links":{"self":[{"href":"https:\/\/aktion.fi\/fi\/wp-json\/wp\/v2\/pages\/311536","targetHints":{"allow":["GET"]}}],"collection":[{"href":"https:\/\/aktion.fi\/fi\/wp-json\/wp\/v2\/pages"}],"about":[{"href":"https:\/\/aktion.fi\/fi\/wp-json\/wp\/v2\/types\/page"}],"author":[{"embeddable":true,"href":"https:\/\/aktion.fi\/fi\/wp-json\/wp\/v2\/users\/3"}],"replies":[{"embeddable":true,"href":"https:\/\/aktion.fi\/fi\/wp-json\/wp\/v2\/comments?post=311536"}],"version-history":[{"count":4,"href":"https:\/\/aktion.fi\/fi\/wp-json\/wp\/v2\/pages\/311536\/revisions"}],"predecessor-version":[{"id":313294,"href":"https:\/\/aktion.fi\/fi\/wp-json\/wp\/v2\/pages\/311536\/revisions\/313294"}],"wp:attachment":[{"href":"https:\/\/aktion.fi\/fi\/wp-json\/wp\/v2\/media?parent=311536"}],"curies":[{"name":"wp","href":"https:\/\/api.w.org\/{rel}","templated":true}]}}