{"id":311667,"date":"2025-03-31T11:15:12","date_gmt":"2025-03-31T08:15:12","guid":{"rendered":"https:\/\/aktion.fi\/blue-products-3-0\/"},"modified":"2025-04-03T14:49:09","modified_gmt":"2025-04-03T11:49:09","slug":"blue-products-3-0","status":"publish","type":"page","link":"https:\/\/aktion.fi\/fi\/blue-products-3-0\/","title":{"rendered":"Blue Products 3.0"},"content":{"rendered":"<p>[et_pb_section fb_built=&#8221;1&#8243; module_id=&#8221;mbantp2&#8243; _builder_version=&#8221;4.22.1&#8243; _module_preset=&#8221;default&#8221; background_color=&#8221;#FFFFFF&#8221; background_image=&#8221;http:\/\/aktion.fi\/wp-content\/uploads\/2023\/10\/f98176dd-0e77-3756-9d3b-909c9c0f62a3.jpg&#8221; module_alignment=&#8221;center&#8221; custom_padding=&#8221;6%|20%|6%|20%|true|true&#8221; saved_tabs=&#8221;all&#8221; global_colors_info=&#8221;{}&#8221;][et_pb_row module_id=&#8221;brdcrms&#8221; _builder_version=&#8221;4.22.1&#8243; _module_preset=&#8221;default&#8221; global_colors_info=&#8221;{}&#8221;][et_pb_column type=&#8221;4_4&#8243; _builder_version=&#8221;4.22.1&#8243; _module_preset=&#8221;default&#8221; global_colors_info=&#8221;{}&#8221;][et_pb_text _builder_version=&#8221;4.22.1&#8243; _module_preset=&#8221;default&#8221; global_colors_info=&#8221;{}&#8221;]<\/p>\n\t\t\t<!-- Flexy Breadcrumb -->\r\n\t\t\t<div class=\"fbc fbc-page\">\r\n\r\n\t\t\t\t<!-- Breadcrumb wrapper -->\r\n\t\t\t\t<div class=\"fbc-wrap\">\r\n\r\n\t\t\t\t\t<!-- Ordered list-->\r\n\t\t\t\t\t<ol class=\"fbc-items\" itemscope itemtype=\"https:\/\/schema.org\/BreadcrumbList\">\r\n\t\t\t\t\t\t            <li itemprop=\"itemListElement\" itemscope itemtype=\"https:\/\/schema.org\/ListItem\">\r\n                <span itemprop=\"name\">\r\n                    <!-- Home Link -->\r\n                    <a itemprop=\"item\" href=\"https:\/\/aktion.fi\">\r\n                    \r\n                                                    <i class=\"fa fa-home\" aria-hidden=\"true\"><\/i>Home                    <\/a>\r\n                <\/span>\r\n                <meta itemprop=\"position\" content=\"1\" \/><!-- Meta Position-->\r\n             <\/li><li><span class=\"fbc-separator\">\/<\/span><\/li><li class=\"active\" itemprop=\"itemListElement\" itemscope itemtype=\"https:\/\/schema.org\/ListItem\"><span itemprop=\"name\" title=\"Blogi\">Blogi<\/span><meta itemprop=\"position\" content=\"2\" \/><\/li>\t\t\t\t\t<\/ol>\r\n\t\t\t\t\t<div class=\"clearfix\"><\/div>\r\n\t\t\t\t<\/div>\r\n\t\t\t<\/div>\r\n\t\t\t\n<p>[\/et_pb_text][\/et_pb_column][\/et_pb_row][et_pb_row module_id=&#8221;inpghdng&#8221; _builder_version=&#8221;4.22.1&#8243; _module_preset=&#8221;default&#8221; global_colors_info=&#8221;{}&#8221;][et_pb_column type=&#8221;4_4&#8243; _builder_version=&#8221;4.22.1&#8243; _module_preset=&#8221;default&#8221; global_colors_info=&#8221;{}&#8221;][et_pb_text _builder_version=&#8221;4.22.1&#8243; _module_preset=&#8221;default&#8221; header_text_color=&#8221;#FFFFFF&#8221; header_font_size=&#8221;60px&#8221; header_font_size_tablet=&#8221;50px&#8221; header_font_size_phone=&#8221;40px&#8221; header_font_size_last_edited=&#8221;on|phone&#8221; header_text_shadow_style=&#8221;preset2&#8243; header_text_shadow_horizontal_length=&#8221;0.01em&#8221; header_text_shadow_vertical_length=&#8221;0.03em&#8221; global_colors_info=&#8221;{}&#8221;]<\/p>\n<h1>Blue Products 3.0 ohjelma<\/h1>\n<p>[\/et_pb_text][\/et_pb_column][\/et_pb_row][\/et_pb_section][et_pb_section fb_built=&#8221;1&#8243; _builder_version=&#8221;4.22.1&#8243; _module_preset=&#8221;default&#8221; custom_padding=&#8221;80px||||false|false&#8221; global_colors_info=&#8221;{}&#8221;][et_pb_row column_structure=&#8221;2_3,1_3&#8243; _builder_version=&#8221;4.22.1&#8243; _module_preset=&#8221;default&#8221; max_width=&#8221;980px&#8221; custom_padding=&#8221;0px||60px||false|false&#8221; border_width_bottom=&#8221;2px&#8221; border_color_bottom=&#8221;#E3DCD5&#8243; locked=&#8221;off&#8221; global_colors_info=&#8221;{}&#8221;][et_pb_column type=&#8221;2_3&#8243; _builder_version=&#8221;4.22.1&#8243; _module_preset=&#8221;default&#8221; global_colors_info=&#8221;{}&#8221;][et_pb_text _builder_version=&#8221;4.27.4&#8243; _module_preset=&#8221;default&#8221; text_font=&#8221;|300|||||||&#8221; global_colors_info=&#8221;{}&#8221; custom_padding=&#8221;||42px|||&#8221;]<\/p>\n<p><strong>Kalalla &#8211; ja kaikilla sen osilla, mukaan lukien suomut, nahka, p\u00e4\u00e4, ruodot ja sis\u00e4elimet &#8211; on potentiaalia erilaisten tuotteiden raaka-aineiksi. Blue Products 3.0 innovaatio-ohjelmassa satsataan nyt uusien prosessien ja tuotteiden kehitt\u00e4miseen jotta silakan, muiden v\u00e4hempiarvoisten kalojen ja sivuvirtojen k\u00e4ytt\u00e4m\u00e4tt\u00e4 j\u00e4\u00e4nyt potentiaali voidaan saavuttaa. Tavoitteena on koko kalan hy\u00f6dynt\u00e4minen korkea-arvoisempien tuotteiden valmistamiseksi ja sen my\u00f6t\u00e4 alan kannattavuuden parantaminen. <\/strong><\/p>\n<p>Aiempina ohjelmavuosina syntynyt elintarviketeknologian ja kuluttajatutkimuksen alan tutkijoiden yhteisty\u00f6verkko tarjoaa vahvan pohjan uuden ty\u00f6n jatkolle. Tutkimusyhteisty\u00f6n tuloksena on syntynyt uutta tietoa potentaalisista uusista tuotteista ja tuotantoteknologioista, joita on siirretty yritysten k\u00e4ytt\u00f6\u00f6n. Puhidstamattomasta pikkukalasta valmistettu korkealaatuinen nyht\u00f6kala her\u00e4tti aikaisemmin mielenkiinto niin yrityksiss\u00e4, mediassa kuin laajemminkin. Uusien marinointi &#8211; ja k\u00e4ymismenetelmien kehitt\u00e4minen johtivat uusiin maukkaisiin kalatuotteisiin. Suomuista valmistettiin mautonta ja hajutonta liivatetta. Lis\u00e4ksi saatiin lupavia tuloksia kalojen nahkan ja p\u00e4\u00e4n sopivuudesta proteiinin valmistukseen.<\/p>\n<p>Ohjelman yleistavoitteena on lis\u00e4t\u00e4 t\u00e4rkeimpien tunnistettujen ja vajaasti hy\u00f6dynnettyjen kalalajien, erityisesti silakan, mutta my\u00f6s muikun, kuoreen ja s\u00e4rkikalojen, sek\u00e4 jalostusteollisuuden sivuvirtojen k\u00e4ytt\u00f6\u00e4 elintarvikkeina tai lis\u00e4arvotuotteina.<\/p>\n<p>1) kalan laadun parantaminen l\u00e4pi arvoketjun,<\/p>\n<p>2) kalan tuotekehityksen ja uusien tuotantomenetelmien edist\u00e4minen,<\/p>\n<p>3) kalan arvojakeiden kaupallistamisen vauhdittaminen,<\/p>\n<p>4) verkostomaisen yhteisty\u00f6n kehitt\u00e4minen<\/p>\n<p>BP 3.0 -ohjelma tukee Kotimaisen kalan edist\u00e4misohjelman tavoitteita kaksinkertaistaa kotimaisten kalojen k\u00e4ytt\u00f6 ja lis\u00e4t\u00e4 kotimaisen tuotannon arvoa.<\/p>\n<section class=\"section\"><\/section>\n<p>[\/et_pb_text][\/et_pb_column][et_pb_column type=&#8221;1_3&#8243; _builder_version=&#8221;4.22.1&#8243; _module_preset=&#8221;default&#8221; global_colors_info=&#8221;{}&#8221;][et_pb_image src=&#8221;https:\/\/aktion.fi\/wp-content\/uploads\/2025\/04\/FI-Euroopan-unionin-osarahoittama_PANTONE.png&#8221; alt=&#8221;EU logo Euroopan unionin osarahoittama&#8221; title_text=&#8221;FI Euroopan unionin osarahoittama_PANTONE&#8221; _builder_version=&#8221;4.27.4&#8243; _module_preset=&#8221;default&#8221; hover_enabled=&#8221;0&#8243; global_colors_info=&#8221;{}&#8221; sticky_enabled=&#8221;0&#8243;][\/et_pb_image][et_pb_text _builder_version=&#8221;4.27.4&#8243; _module_preset=&#8221;default&#8221; text_font=&#8221;|300|||||||&#8221; global_colors_info=&#8221;{}&#8221;]<\/p>\n<p><strong>Kumppanit<\/strong><\/p>\n<p>Aktion \u00d6sterbotten (hallinnoija)<br \/>Luonnonvarakeskus<br \/>Teknologian Tutkimuskeskus VTT Oy<br \/>Turun Yliopisto<br \/>\u00d6sterbottens Fiskarf\u00f6rbund (koordinoija)<\/p>\n<p><strong>Rahoittaja<\/strong><\/p>\n<p>Varsinais-Suomen ELY-keskus, Euroopan meri-, kalatalous &#8211; ja vesiviljelyrahasto 2021-2027.<\/p>\n<p><strong>Kesto<\/strong><\/p>\n<p>7.6.2023-30.6.2026.<\/p>\n<p><strong>Budjetti<\/strong><\/p>\n<p>1.3 miljonaa euroa<\/p>\n<p><strong>Yhteyshenkil\u00f6<\/strong><\/p>\n<p>Koordinattori Marina Nyqvist<br \/>+358 50 527 2314<br \/>marina.nyqvist(at)fishpoint.net<\/p>\n<p>[\/et_pb_text][et_pb_button button_url=&#8221;https:\/\/merijakalatalous.fi\/innovaatio-ohjelmat\/&#8221; button_text=&#8221;EMKVR Innovaatio-ohjelmat&#8221; _builder_version=&#8221;4.27.4&#8243; _module_preset=&#8221;default&#8221; hover_enabled=&#8221;0&#8243; global_colors_info=&#8221;{}&#8221; sticky_enabled=&#8221;0&#8243;][\/et_pb_button][et_pb_button button_url=&#8221;https:\/\/merijakalatalous.fi\/innovaatio-ohjelmat\/blue-products\/&#8221; button_text=&#8221;Blue Products 3.0 innovaatio-ohjelma&#8221; _builder_version=&#8221;4.27.4&#8243; _module_preset=&#8221;default&#8221; hover_enabled=&#8221;0&#8243; global_colors_info=&#8221;{}&#8221; sticky_enabled=&#8221;0&#8243;][\/et_pb_button][et_pb_image src=&#8221;https:\/\/aktion.fi\/wp-content\/uploads\/2025\/04\/EMKVR-logo.jpg&#8221; alt=&#8221;EMKVR logo&#8221; title_text=&#8221;EMKVR logo&#8221; _builder_version=&#8221;4.27.4&#8243; _module_preset=&#8221;default&#8221; global_colors_info=&#8221;{}&#8221;][\/et_pb_image][\/et_pb_column][\/et_pb_row][\/et_pb_section]<\/p>\n","protected":false},"excerpt":{"rendered":"<p>\t\t\t<!-- Flexy Breadcrumb -->\r\n\t\t\t<div class=\"fbc fbc-page\">\r\n\r\n\t\t\t\t<!-- Breadcrumb wrapper -->\r\n\t\t\t\t<div class=\"fbc-wrap\">\r\n\r\n\t\t\t\t\t<!-- Ordered list-->\r\n\t\t\t\t\t<ol class=\"fbc-items\" itemscope itemtype=\"https:\/\/schema.org\/BreadcrumbList\">\r\n\t\t\t\t\t\t            <li itemprop=\"itemListElement\" itemscope itemtype=\"https:\/\/schema.org\/ListItem\">\r\n                <span itemprop=\"name\">\r\n                    <!-- Home Link -->\r\n                    <a itemprop=\"item\" href=\"https:\/\/aktion.fi\">\r\n                    \r\n                                                    <i class=\"fa fa-home\" aria-hidden=\"true\"><\/i>Home                    <\/a>\r\n                <\/span>\r\n                <meta itemprop=\"position\" content=\"1\" \/><!-- Meta Position-->\r\n             <\/li><li><span class=\"fbc-separator\">\/<\/span><\/li><li class=\"active\" itemprop=\"itemListElement\" itemscope itemtype=\"https:\/\/schema.org\/ListItem\"><span itemprop=\"name\" title=\"Blogi\">Blogi<\/span><meta itemprop=\"position\" content=\"2\" \/><\/li>\t\t\t\t\t<\/ol>\r\n\t\t\t\t\t<div class=\"clearfix\"><\/div>\r\n\t\t\t\t<\/div>\r\n\t\t\t<\/div>\r\n\t\t\tBlue Products 3.0 ohjelmaKalalla &#8211; ja kaikilla sen osilla, mukaan lukien suomut, nahka, p\u00e4\u00e4, ruodot ja sis\u00e4elimet &#8211; on potentiaalia erilaisten tuotteiden raaka-aineiksi. Blue Products 3.0 innovaatio-ohjelmassa satsataan nyt uusien [&hellip;]<\/p>\n","protected":false},"author":3,"featured_media":0,"parent":0,"menu_order":0,"comment_status":"closed","ping_status":"closed","template":"","meta":{"_acf_changed":false,"_et_pb_use_builder":"on","_et_pb_old_content":"","_et_gb_content_width":"","footnotes":""},"class_list":["post-311667","page","type-page","status-publish","hentry"],"acf":[],"_links":{"self":[{"href":"https:\/\/aktion.fi\/fi\/wp-json\/wp\/v2\/pages\/311667","targetHints":{"allow":["GET"]}}],"collection":[{"href":"https:\/\/aktion.fi\/fi\/wp-json\/wp\/v2\/pages"}],"about":[{"href":"https:\/\/aktion.fi\/fi\/wp-json\/wp\/v2\/types\/page"}],"author":[{"embeddable":true,"href":"https:\/\/aktion.fi\/fi\/wp-json\/wp\/v2\/users\/3"}],"replies":[{"embeddable":true,"href":"https:\/\/aktion.fi\/fi\/wp-json\/wp\/v2\/comments?post=311667"}],"version-history":[{"count":3,"href":"https:\/\/aktion.fi\/fi\/wp-json\/wp\/v2\/pages\/311667\/revisions"}],"predecessor-version":[{"id":311752,"href":"https:\/\/aktion.fi\/fi\/wp-json\/wp\/v2\/pages\/311667\/revisions\/311752"}],"wp:attachment":[{"href":"https:\/\/aktion.fi\/fi\/wp-json\/wp\/v2\/media?parent=311667"}],"curies":[{"name":"wp","href":"https:\/\/api.w.org\/{rel}","templated":true}]}}