{"id":311679,"date":"2025-03-31T11:34:13","date_gmt":"2025-03-31T08:34:13","guid":{"rendered":"https:\/\/aktion.fi\/laatukalaa-pakkasesta-ja-pfas-haltuun\/"},"modified":"2025-03-31T11:56:13","modified_gmt":"2025-03-31T08:56:13","slug":"laatukalaa-pakkasesta-ja-pfas-haltuun","status":"publish","type":"page","link":"https:\/\/aktion.fi\/fi\/laatukalaa-pakkasesta-ja-pfas-haltuun\/","title":{"rendered":"Laatukalaa pakkasesta ja PFAS haltuun"},"content":{"rendered":"<p>[et_pb_section fb_built=&#8221;1&#8243; module_id=&#8221;mbantp2&#8243; _builder_version=&#8221;4.27.4&#8243; _module_preset=&#8221;default&#8221; background_color=&#8221;#FFFFFF&#8221; background_image=&#8221;https:\/\/aktion.fi\/wp-content\/uploads\/2023\/10\/mita-tuetaan.jpg&#8221; module_alignment=&#8221;center&#8221; custom_padding=&#8221;6%|20%|6%|20%|true|true&#8221; hover_enabled=&#8221;0&#8243; saved_tabs=&#8221;all&#8221; global_colors_info=&#8221;{}&#8221; theme_builder_area=&#8221;post_content&#8221; title_text=&#8221;mita\u0308-tuetaan&#8221; sticky_enabled=&#8221;0&#8243;][et_pb_row module_id=&#8221;brdcrms&#8221; _builder_version=&#8221;4.22.1&#8243; _module_preset=&#8221;default&#8221; global_colors_info=&#8221;{}&#8221; theme_builder_area=&#8221;post_content&#8221;][et_pb_column type=&#8221;4_4&#8243; _builder_version=&#8221;4.22.1&#8243; _module_preset=&#8221;default&#8221; global_colors_info=&#8221;{}&#8221; theme_builder_area=&#8221;post_content&#8221;][et_pb_text _builder_version=&#8221;4.22.1&#8243; _module_preset=&#8221;default&#8221; global_colors_info=&#8221;{}&#8221; theme_builder_area=&#8221;post_content&#8221;]<\/p>\n\t\t\t<!-- Flexy Breadcrumb -->\r\n\t\t\t<div class=\"fbc fbc-page\">\r\n\r\n\t\t\t\t<!-- Breadcrumb wrapper -->\r\n\t\t\t\t<div class=\"fbc-wrap\">\r\n\r\n\t\t\t\t\t<!-- Ordered list-->\r\n\t\t\t\t\t<ol class=\"fbc-items\" itemscope itemtype=\"https:\/\/schema.org\/BreadcrumbList\">\r\n\t\t\t\t\t\t            <li itemprop=\"itemListElement\" itemscope itemtype=\"https:\/\/schema.org\/ListItem\">\r\n                <span itemprop=\"name\">\r\n                    <!-- Home Link -->\r\n                    <a itemprop=\"item\" href=\"https:\/\/aktion.fi\">\r\n                    \r\n                                                    <i class=\"fa fa-home\" aria-hidden=\"true\"><\/i>Home                    <\/a>\r\n                <\/span>\r\n                <meta itemprop=\"position\" content=\"1\" \/><!-- Meta Position-->\r\n             <\/li><li><span class=\"fbc-separator\">\/<\/span><\/li><li class=\"active\" itemprop=\"itemListElement\" itemscope itemtype=\"https:\/\/schema.org\/ListItem\"><span itemprop=\"name\" title=\"Blogi\">Blogi<\/span><meta itemprop=\"position\" content=\"2\" \/><\/li>\t\t\t\t\t<\/ol>\r\n\t\t\t\t\t<div class=\"clearfix\"><\/div>\r\n\t\t\t\t<\/div>\r\n\t\t\t<\/div>\r\n\t\t\t\n<p>[\/et_pb_text][\/et_pb_column][\/et_pb_row][et_pb_row module_id=&#8221;inpghdng&#8221; _builder_version=&#8221;4.22.1&#8243; _module_preset=&#8221;default&#8221; global_colors_info=&#8221;{}&#8221; theme_builder_area=&#8221;post_content&#8221;][et_pb_column type=&#8221;4_4&#8243; _builder_version=&#8221;4.22.1&#8243; _module_preset=&#8221;default&#8221; global_colors_info=&#8221;{}&#8221; theme_builder_area=&#8221;post_content&#8221;][et_pb_text _builder_version=&#8221;4.22.1&#8243; _module_preset=&#8221;default&#8221; header_text_color=&#8221;#FFFFFF&#8221; header_font_size=&#8221;60px&#8221; header_font_size_tablet=&#8221;50px&#8221; header_font_size_phone=&#8221;40px&#8221; header_font_size_last_edited=&#8221;on|phone&#8221; header_text_shadow_style=&#8221;preset2&#8243; header_text_shadow_horizontal_length=&#8221;0.01em&#8221; header_text_shadow_vertical_length=&#8221;0.03em&#8221; global_colors_info=&#8221;{}&#8221; theme_builder_area=&#8221;post_content&#8221;]<\/p>\n<h1>Laatukalaa pakkasesta ja PFAS haltuun<\/h1>\n<p>[\/et_pb_text][\/et_pb_column][\/et_pb_row][\/et_pb_section][et_pb_section fb_built=&#8221;1&#8243; _builder_version=&#8221;4.22.1&#8243; _module_preset=&#8221;default&#8221; custom_padding=&#8221;80px||||false|false&#8221; global_colors_info=&#8221;{}&#8221; theme_builder_area=&#8221;post_content&#8221;][et_pb_row _builder_version=&#8221;4.22.1&#8243; _module_preset=&#8221;default&#8221; max_width=&#8221;980px&#8221; custom_padding=&#8221;0px||60px||false|false&#8221; border_width_bottom=&#8221;2px&#8221; border_color_bottom=&#8221;#E3DCD5&#8243; locked=&#8221;off&#8221; global_colors_info=&#8221;{}&#8221; theme_builder_area=&#8221;post_content&#8221;][et_pb_column type=&#8221;4_4&#8243; _builder_version=&#8221;4.22.1&#8243; _module_preset=&#8221;default&#8221; global_colors_info=&#8221;{}&#8221; theme_builder_area=&#8221;post_content&#8221;][et_pb_text _builder_version=&#8221;4.27.4&#8243; _module_preset=&#8221;default&#8221; text_font=&#8221;|300|||||||&#8221; global_colors_info=&#8221;{}&#8221; theme_builder_area=&#8221;post_content&#8221;]<\/p>\n<h1>Laatukalaa pakkasesta ja PFAS haltuun<\/h1>\n<p>&nbsp;<\/p>\n<p><img loading=\"lazy\" decoding=\"async\" src=\"https:\/\/www.fishpoint.net\/assets\/Projekt\/FI_Co-fundedbytheEU_RGB_Monochrome.png\" alt=\"\" width=\"450\" height=\"107\"><\/p>\n<p>Suomalaiselle kuluttajalle kalan tuoreus on aina ollut laadun tae. V\u00e4hitt\u00e4ismyym\u00e4l\u00f6iden kalatiskeilt\u00e4 saa kuitenkin harvoin samana p\u00e4iv\u00e4n\u00e4 pyydetty\u00e4 kalaa, koska luonnonkalan logistinen ketju on usein hyvin pitk\u00e4. Tuoreesta kalasta voidaan kuitenkin valmistaa pakastefileit\u00e4, joiden s\u00e4ilyvyysaika on huomattavasti tuoreita fileit\u00e4 pidempi. Ravintolat ja suurkeitti\u00f6t k\u00e4ytt\u00e4v\u00e4tkin p\u00e4\u00e4osin pakastettua raaka-ainetta.   <\/p>\n<p>PFAS-yhdisteet ovat terveydelle haitallisia orgaanisia yhdisteit\u00e4, jotka hajoavat hitaasti ja joiden pitoisuudet kaloissa ovat viime aikoina nousseet. PFAS-yhdisteist\u00e4 on muodostumassa It\u00e4meren kalalle suuri laatuongelma, joka voi est\u00e4\u00e4 tai vaikeuttaa kalan k\u00e4ytt\u00f6\u00e4. Monissa kalalajeissa on raja-arvoihin n\u00e4hden suuria pitoisuuksia. P\u00e4\u00e4osa It\u00e4meren kalasta k\u00e4ytet\u00e4\u00e4n kalajauhon raaka-aineena, eik\u00e4 tunneta miten PFAS-yhdisteet kalajauhotuotannossa poistetaan.   <\/p>\n<p>Hanke toteutetaan kahtena osakokonaisuutena. Ensimm\u00e4inen osakokonaisuus keskittyy pakastuksen hy\u00f6dynt\u00e4miseen kotimaisen kalan tarjonnan tasaamiseksi v\u00e4hitt\u00e4iskauppamarkkinoilla. Toisessa osakokonaisuudessa testataan teknologisia keinoja PFAS-yhdisteiden poistamiseksi kaloista kalajauhoa mallina k\u00e4ytt\u00e4en.  <\/p>\n<p><strong> <\/strong><\/p>\n<p><strong>Partnerit<\/strong><\/p>\n<p>Aktion \u00d6sterbotten<br \/>Luonnonvarakeskus<br \/>Pro Kala ry<br \/>Turun yliopisto<br \/>\u00d6sterbottens Fiskarf\u00f6rbund<\/p>\n<p><strong>Rahoittaja<\/strong><\/p>\n<p>Varsinais-Suomen ELY-keskus, Euroopan meri-, kalatalous &#8211; ja vesiviljelyrahasto<\/p>\n<p><strong>Kesto<\/strong><\/p>\n<p>01.05.2024 &#8211; 31.12.2026<\/p>\n<p><strong>Kokonaisrahoitus<\/strong><\/p>\n<p>300 000,00 \u20ac<\/p>\n<p><strong>Tukiprosentti<\/strong><\/p>\n<p>80,00 %<\/p>\n<p><strong>Yhteyshenkil\u00f6<\/strong><\/p>\n<p>Koordinaattori Marina Nyqvist<br \/>+358 50 527 2314<br \/>marina.nyqvist(at)fishpoint.net<\/p>\n<p><strong> <\/strong><\/p>\n<p>[\/et_pb_text][et_pb_image src=&#8221;https:\/\/aktion.fi\/wp-content\/uploads\/2025\/03\/Laatukalaa-pakkasesta-ja-PFAS-haltuun_A3-Poster.jpg&#8221; _builder_version=&#8221;4.27.4&#8243; _module_preset=&#8221;default&#8221; theme_builder_area=&#8221;post_content&#8221; title_text=&#8221;Laatukalaa pakkasesta ja PFAS haltuun_A3 Poster&#8221; hover_enabled=&#8221;0&#8243; sticky_enabled=&#8221;0&#8243;][\/et_pb_image][\/et_pb_column][\/et_pb_row][\/et_pb_section]<\/p>\n","protected":false},"excerpt":{"rendered":"<p>\t\t\t<!-- Flexy Breadcrumb -->\r\n\t\t\t<div class=\"fbc fbc-page\">\r\n\r\n\t\t\t\t<!-- Breadcrumb wrapper -->\r\n\t\t\t\t<div class=\"fbc-wrap\">\r\n\r\n\t\t\t\t\t<!-- Ordered list-->\r\n\t\t\t\t\t<ol class=\"fbc-items\" itemscope itemtype=\"https:\/\/schema.org\/BreadcrumbList\">\r\n\t\t\t\t\t\t            <li itemprop=\"itemListElement\" itemscope itemtype=\"https:\/\/schema.org\/ListItem\">\r\n                <span itemprop=\"name\">\r\n                    <!-- Home Link -->\r\n                    <a itemprop=\"item\" href=\"https:\/\/aktion.fi\">\r\n                    \r\n                                                    <i class=\"fa fa-home\" aria-hidden=\"true\"><\/i>Home                    <\/a>\r\n                <\/span>\r\n                <meta itemprop=\"position\" content=\"1\" \/><!-- Meta Position-->\r\n             <\/li><li><span class=\"fbc-separator\">\/<\/span><\/li><li class=\"active\" itemprop=\"itemListElement\" itemscope itemtype=\"https:\/\/schema.org\/ListItem\"><span itemprop=\"name\" title=\"Blogi\">Blogi<\/span><meta itemprop=\"position\" content=\"2\" \/><\/li>\t\t\t\t\t<\/ol>\r\n\t\t\t\t\t<div class=\"clearfix\"><\/div>\r\n\t\t\t\t<\/div>\r\n\t\t\t<\/div>\r\n\t\t\tLaatukalaa pakkasesta ja PFAS haltuunLaatukalaa pakkasesta ja PFAS haltuun &nbsp; Suomalaiselle kuluttajalle kalan tuoreus on aina ollut laadun tae. V\u00e4hitt\u00e4ismyym\u00e4l\u00f6iden kalatiskeilt\u00e4 saa kuitenkin harvoin samana p\u00e4iv\u00e4n\u00e4 pyydetty\u00e4 kalaa, koska luonnonkalan [&hellip;]<\/p>\n","protected":false},"author":3,"featured_media":311673,"parent":0,"menu_order":0,"comment_status":"closed","ping_status":"closed","template":"","meta":{"_acf_changed":false,"_et_pb_use_builder":"on","_et_pb_old_content":"","_et_gb_content_width":"","footnotes":""},"class_list":["post-311679","page","type-page","status-publish","has-post-thumbnail","hentry"],"acf":[],"_links":{"self":[{"href":"https:\/\/aktion.fi\/fi\/wp-json\/wp\/v2\/pages\/311679","targetHints":{"allow":["GET"]}}],"collection":[{"href":"https:\/\/aktion.fi\/fi\/wp-json\/wp\/v2\/pages"}],"about":[{"href":"https:\/\/aktion.fi\/fi\/wp-json\/wp\/v2\/types\/page"}],"author":[{"embeddable":true,"href":"https:\/\/aktion.fi\/fi\/wp-json\/wp\/v2\/users\/3"}],"replies":[{"embeddable":true,"href":"https:\/\/aktion.fi\/fi\/wp-json\/wp\/v2\/comments?post=311679"}],"version-history":[{"count":4,"href":"https:\/\/aktion.fi\/fi\/wp-json\/wp\/v2\/pages\/311679\/revisions"}],"predecessor-version":[{"id":311687,"href":"https:\/\/aktion.fi\/fi\/wp-json\/wp\/v2\/pages\/311679\/revisions\/311687"}],"wp:featuredmedia":[{"embeddable":true,"href":"https:\/\/aktion.fi\/fi\/wp-json\/wp\/v2\/media\/311673"}],"wp:attachment":[{"href":"https:\/\/aktion.fi\/fi\/wp-json\/wp\/v2\/media?parent=311679"}],"curies":[{"name":"wp","href":"https:\/\/api.w.org\/{rel}","templated":true}]}}