{"id":311694,"date":"2025-03-31T14:30:50","date_gmt":"2025-03-31T11:30:50","guid":{"rendered":"https:\/\/aktion.fi\/?page_id=311694"},"modified":"2025-03-31T16:43:59","modified_gmt":"2025-03-31T13:43:59","slug":"tietosuojaseloste","status":"publish","type":"page","link":"https:\/\/aktion.fi\/fi\/tietosuojaseloste\/","title":{"rendered":"Tietosuojaseloste"},"content":{"rendered":"<p>[et_pb_section fb_built=&#8221;1&#8243; theme_builder_area=&#8221;post_content&#8221; _builder_version=&#8221;4.27.4&#8243; _module_preset=&#8221;default&#8221;][et_pb_row _builder_version=&#8221;4.27.4&#8243; _module_preset=&#8221;default&#8221; theme_builder_area=&#8221;post_content&#8221;][et_pb_column _builder_version=&#8221;4.27.4&#8243; _module_preset=&#8221;default&#8221; type=&#8221;4_4&#8243; theme_builder_area=&#8221;post_content&#8221;][et_pb_heading title=&#8221;Tietosuojaseloste&#8221; _builder_version=&#8221;4.27.4&#8243; _module_preset=&#8221;default&#8221; theme_builder_area=&#8221;post_content&#8221; hover_enabled=&#8221;0&#8243; sticky_enabled=&#8221;0&#8243;][\/et_pb_heading][et_pb_text _builder_version=&#8221;4.27.4&#8243; _module_preset=&#8221;default&#8221; theme_builder_area=&#8221;post_content&#8221; hover_enabled=&#8221;0&#8243; sticky_enabled=&#8221;0&#8243; text_font=&#8221;&#8211;et_global_body_font||||||||&#8221;]<\/p>\n<p>1. Rekisterinpit\u00e4j\u00e4<\/p>\n<p>Aktion \u00d6sterbotten r.f.<\/p>\n<p>Kauppapuistikko 18 A 9A<\/p>\n<p>65100 Vaasa<\/p>\n<p>S\u00e4hk\u00f6posti: info@aktion.fi<\/p>\n<p>Verkkosivut:<br \/><a href=\"http:\/\/www.aktion.fi]\">www.aktion.fi<\/a><br \/><a href=\"http:\/\/www.landsbyggare.fi\">www.landsbyggare.fi<\/a><br \/><a href=\"http:\/\/www.maaseutuilijat.fi\">www.maaseutuilijat.fi<\/a><br \/><a href=\"http:\/\/www.seosterbotten.fi\">www.seosterbotten.fi<\/a><\/p>\n<p>2. Rekisterist\u00e4 vastaava henkil\u00f6<\/p>\n<p>Mathias H\u00f6gbacka, mathias.hogbacka@aktion.fi<\/p>\n<p>3. Rekister\u00f6idyt ja tietojen k\u00e4ytt\u00f6tarkoitus<\/p>\n<p>Rekisteriin kuuluvat:<\/p>\n<ul>\n<li>j\u00e4senet<\/li>\n<li>asiakkaat ja potentiaaliset asiakkaat<\/li>\n<li>yhteisty\u00f6kumppanit<\/li>\n<li>ty\u00f6ntekij\u00e4t<\/li>\n<li>hallitus ja ty\u00f6ryhm\u00e4t<\/li>\n<\/ul>\n<p>\u00a0Tietojen k\u00e4ytt\u00f6tarkoitus:<\/p>\n<ul>\n<li>asiakassuhteiden hoitaminen<\/li>\n<li>j\u00e4senrekisterin yll\u00e4pito<\/li>\n<li>palveluista tiedottaminen<\/li>\n<li>markkinointi<\/li>\n<li>yhdistyksen palveluiden ja toimintojen kehitt\u00e4minen\/suunnittelu<\/li>\n<li>uutiskirjeiden jakelu suostumukseen perustuen<\/li>\n<\/ul>\n<p>J\u00e4sentietojen osalta Aktion \u00d6sterbotten r.f. on lakis\u00e4\u00e4teisesti velvoitettu pit\u00e4m\u00e4\u00e4n j\u00e4senrekisteri\u00e4, josta tulee ilmet\u00e4 j\u00e4senen nimi ja kotipaikka. J\u00e4senen suostumuksella voidaan ker\u00e4t\u00e4 my\u00f6s s\u00e4hk\u00f6postiosoite ja puhelinnumero, joita k\u00e4ytet\u00e4\u00e4n yhteydenpitoon ja uutiskirjeen jakeluun. N\u00e4it\u00e4 tietoja ei luovuteta kolmansille osapuolille eik\u00e4 k\u00e4ytet\u00e4 muihin tarkoituksiin.<\/p>\n<p>Infotilaisuuksien yhteydess\u00e4 ker\u00e4t\u00e4\u00e4n l\u00e4sn\u00e4olijoiden henkil\u00f6tietoja suostumuksen perusteella, ja tietoja k\u00e4ytet\u00e4\u00e4n kirjanpitoa varten.<\/p>\n<p><span style=\"font-size: 16px;\">4. K\u00e4sitellyt henkil\u00f6tiedot<\/span><\/p>\n<p>Ker\u00e4tt\u00e4v\u00e4t henkil\u00f6tiedot riippuvat siit\u00e4, mihin liittyen ne tallennetaan:<\/p>\n<ul>\n<li style=\"list-style-type: none;\">\n<ul>\n<li>J\u00e4senrekisteriin tallennetaan nimi, kotipaikka sek\u00e4 suostumuksen perusteella s\u00e4hk\u00f6postiosoite ja puhelinnumero.<\/li>\n<li>Hankehakijoiden tiedot tallentuvat valtakunnalliseen Hyrr\u00e4-j\u00e4rjestelm\u00e4\u00e4n.<\/li>\n<li>Muut rekisteriin tallennettavat tiedot: nimi, s\u00e4hk\u00f6postiosoite, puhelinnumero.<\/li>\n<li>Uutiskirjeen tilaajilta ker\u00e4t\u00e4\u00e4n nimi ja s\u00e4hk\u00f6postiosoite, ja niit\u00e4 k\u00e4ytet\u00e4\u00e4n ainoastaan uutiskirjeen l\u00e4hett\u00e4miseen.<\/li>\n<li>Henkil\u00f6tunnukset tallennetaan vain henkil\u00f6st\u00f6n ja hallituksen j\u00e4senten osalta.<\/li>\n<li>Erityisiin henkil\u00f6tietoryhmiin kuuluvia tietoja ei ker\u00e4t\u00e4.<\/li>\n<\/ul>\n<\/li>\n<\/ul>\n<p><strong>\u00a05. <span style=\"font-size: 16px;\">Tietojen s\u00e4ilytysaika<\/span><\/strong><\/p>\n<p>Henkil\u00f6tietoja k\u00e4sitell\u00e4\u00e4n p\u00e4\u00e4s\u00e4\u00e4nt\u00f6isesti niin kauan kuin asiakkuus tai j\u00e4senyys on voimassa. Hankkeisiin liittyvi\u00e4 tietoja s\u00e4ilytet\u00e4\u00e4n lain edellytt\u00e4m\u00e4n ajan. Kirjanpitoaineisto s\u00e4ilytet\u00e4\u00e4n Kirjanpitolain (luku 2, 10 \u00a7) mukaisesti v\u00e4hint\u00e4\u00e4n 10 vuotta.<\/p>\n<p>&nbsp;<\/p>\n<ol start=\"6\">\n<li>Tietojen luovutus ja siirt\u00e4minen<\/li>\n<\/ol>\n<p>Tietoja ei luovuteta kolmansille osapuolille. Tietoja ei siirret\u00e4 EU\/ETA-alueen ulkopuolelle.<\/p>\n<p>&nbsp;<\/p>\n<ol start=\"7\">\n<li>Rekister\u00f6idyn oikeudet<\/li>\n<\/ol>\n<p>Rekister\u00f6idyll\u00e4 on seuraavat oikeudet, joita koskevat pyynn\u00f6t tulee l\u00e4hett\u00e4\u00e4 osoitteeseen info@aktion.fi:<\/p>\n<ul>\n<li style=\"list-style-type: none;\">\n<ul>\n<li>\u00a0Tarkastusoikeus: Rekister\u00f6ity voi pyyt\u00e4\u00e4 n\u00e4ht\u00e4v\u00e4kseen h\u00e4nest\u00e4 tallennetut henkil\u00f6tiedot. Tiedot toimitetaan 30 p\u00e4iv\u00e4n sis\u00e4ll\u00e4 pyynn\u00f6st\u00e4.<\/li>\n<li>Oikeus tietojen oikaisemiseen: Rekister\u00f6ity voi pyyt\u00e4\u00e4 virheellisten tai puutteellisten tietojen korjaamista.<\/li>\n<li>Suostumuksen peruuttaminen: Rekister\u00f6ity voi peruuttaa suostumuksensa s\u00e4hk\u00f6postiosoitteen ja\/tai puhelinnumeron k\u00e4sittelyn osalta, jolloin tieto poistetaan.<\/li>\n<li>Poisto-oikeus: Rekister\u00f6idyll\u00e4 on oikeus vaatia tietojensa poistamista, jos h\u00e4n ei ole yhdistyksen j\u00e4sen. Poistopyynt\u00f6ihin vastataan tapauskohtaisesti.<\/li>\n<li>Vastustamisoikeus: Rekister\u00f6ity voi vastustaa henkil\u00f6tietojen k\u00e4sittely\u00e4, jos katsoo sen olevan lainvastaista.<\/li>\n<li>Valitusoikeus: Rekister\u00f6idyll\u00e4 on oikeus valittaa tietosuojavaltuutetulle, jos kokee, ett\u00e4 tietoja k\u00e4sitell\u00e4\u00e4n lainvastaisesti. Lis\u00e4tietoja <a href=\"https:\/\/tietosuoja.fi\/yhteystiedot\">Tietosuojavaltuutetun toimistolta.<\/a><\/li>\n<\/ul>\n<\/li>\n<\/ul>\n<ol start=\"8\">\n<li>Tietojen suojaaminen<\/li>\n<\/ol>\n<p>Henkil\u00f6tietoja k\u00e4sitell\u00e4\u00e4n luottamuksellisesti ja ne s\u00e4ilytet\u00e4\u00e4n turvallisesti:<\/p>\n<ul>\n<li style=\"list-style-type: none;\">\n<ul>\n<li>fyysiset asiakirjat lukituissa tiloissa<\/li>\n<li>s\u00e4hk\u00f6iset tiedot pilvipalvelussa suojattuina<\/li>\n<\/ul>\n<\/li>\n<\/ul>\n<p>9. Ev\u00e4steet ja analytiikka<\/p>\n<p>Kotisivuilla k\u00e4ytet\u00e4\u00e4n ev\u00e4steit\u00e4 ja Google Analytics -analytiikkaty\u00f6kaluja verkkosivujen kehitt\u00e4miseen.<\/p>\n<p>&nbsp;<\/p>\n<ol start=\"10\">\n<li>Lis\u00e4tiedot<\/li>\n<\/ol>\n<p>Lis\u00e4tietoja tietosuojak\u00e4yt\u00e4nn\u00f6ist\u00e4 saa ottamalla yhteytt\u00e4: info@aktion.fi<\/p>\n<p>&nbsp;<\/p>\n<p>[\/et_pb_text][\/et_pb_column][\/et_pb_row][\/et_pb_section]<\/p>\n","protected":false},"excerpt":{"rendered":"<p>1. Rekisterinpit\u00e4j\u00e4 Aktion \u00d6sterbotten r.f. Kauppapuistikko 18 A 9A 65100 Vaasa S\u00e4hk\u00f6posti: info@aktion.fi Verkkosivut:www.aktion.fiwww.landsbyggare.fiwww.maaseutuilijat.fiwww.seosterbotten.fi 2. Rekisterist\u00e4 vastaava henkil\u00f6 Mathias H\u00f6gbacka, mathias.hogbacka@aktion.fi 3. Rekister\u00f6idyt ja tietojen k\u00e4ytt\u00f6tarkoitus Rekisteriin kuuluvat: j\u00e4senet asiakkaat [&hellip;]<\/p>\n","protected":false},"author":3,"featured_media":0,"parent":0,"menu_order":0,"comment_status":"closed","ping_status":"closed","template":"","meta":{"_acf_changed":false,"_et_pb_use_builder":"on","_et_pb_old_content":"","_et_gb_content_width":"","footnotes":""},"class_list":["post-311694","page","type-page","status-publish","hentry"],"acf":[],"_links":{"self":[{"href":"https:\/\/aktion.fi\/fi\/wp-json\/wp\/v2\/pages\/311694","targetHints":{"allow":["GET"]}}],"collection":[{"href":"https:\/\/aktion.fi\/fi\/wp-json\/wp\/v2\/pages"}],"about":[{"href":"https:\/\/aktion.fi\/fi\/wp-json\/wp\/v2\/types\/page"}],"author":[{"embeddable":true,"href":"https:\/\/aktion.fi\/fi\/wp-json\/wp\/v2\/users\/3"}],"replies":[{"embeddable":true,"href":"https:\/\/aktion.fi\/fi\/wp-json\/wp\/v2\/comments?post=311694"}],"version-history":[{"count":4,"href":"https:\/\/aktion.fi\/fi\/wp-json\/wp\/v2\/pages\/311694\/revisions"}],"predecessor-version":[{"id":311700,"href":"https:\/\/aktion.fi\/fi\/wp-json\/wp\/v2\/pages\/311694\/revisions\/311700"}],"wp:attachment":[{"href":"https:\/\/aktion.fi\/fi\/wp-json\/wp\/v2\/media?parent=311694"}],"curies":[{"name":"wp","href":"https:\/\/api.w.org\/{rel}","templated":true}]}}