{"id":312357,"date":"2025-09-24T09:15:53","date_gmt":"2025-09-24T06:15:53","guid":{"rendered":"https:\/\/aktion.fi\/nordskills\/"},"modified":"2025-09-24T09:33:04","modified_gmt":"2025-09-24T06:33:04","slug":"nordskills","status":"publish","type":"page","link":"https:\/\/aktion.fi\/fi\/nordskills\/","title":{"rendered":"NORDSKILLS"},"content":{"rendered":"<p>[et_pb_section fb_built=&#8221;1&#8243; module_id=&#8221;mbantp2&#8243; _builder_version=&#8221;4.22.1&#8243; _module_preset=&#8221;default&#8221; background_color=&#8221;#FFFFFF&#8221; background_image=&#8221;https:\/\/aktion.fi\/wp-content\/uploads\/2023\/10\/f98176dd-0e77-3756-9d3b-909c9c0f62a3.jpg&#8221; module_alignment=&#8221;center&#8221; custom_padding=&#8221;6%|20%|6%|20%|true|true&#8221; saved_tabs=&#8221;all&#8221; global_colors_info=&#8221;{}&#8221;][et_pb_row module_id=&#8221;brdcrms&#8221; _builder_version=&#8221;4.22.1&#8243; _module_preset=&#8221;default&#8221; global_colors_info=&#8221;{}&#8221;][et_pb_column type=&#8221;4_4&#8243; _builder_version=&#8221;4.22.1&#8243; _module_preset=&#8221;default&#8221; global_colors_info=&#8221;{}&#8221;][et_pb_text _builder_version=&#8221;4.22.1&#8243; _module_preset=&#8221;default&#8221; global_colors_info=&#8221;{}&#8221;]<\/p>\n\t\t\t<!-- Flexy Breadcrumb -->\r\n\t\t\t<div class=\"fbc fbc-page\">\r\n\r\n\t\t\t\t<!-- Breadcrumb wrapper -->\r\n\t\t\t\t<div class=\"fbc-wrap\">\r\n\r\n\t\t\t\t\t<!-- Ordered list-->\r\n\t\t\t\t\t<ol class=\"fbc-items\" itemscope itemtype=\"https:\/\/schema.org\/BreadcrumbList\">\r\n\t\t\t\t\t\t            <li itemprop=\"itemListElement\" itemscope itemtype=\"https:\/\/schema.org\/ListItem\">\r\n                <span itemprop=\"name\">\r\n                    <!-- Home Link -->\r\n                    <a itemprop=\"item\" href=\"https:\/\/aktion.fi\">\r\n                    \r\n                                                    <i class=\"fa fa-home\" aria-hidden=\"true\"><\/i>Home                    <\/a>\r\n                <\/span>\r\n                <meta itemprop=\"position\" content=\"1\" \/><!-- Meta Position-->\r\n             <\/li><li><span class=\"fbc-separator\">\/<\/span><\/li><li class=\"active\" itemprop=\"itemListElement\" itemscope itemtype=\"https:\/\/schema.org\/ListItem\"><span itemprop=\"name\" title=\"Blogi\">Blogi<\/span><meta itemprop=\"position\" content=\"2\" \/><\/li>\t\t\t\t\t<\/ol>\r\n\t\t\t\t\t<div class=\"clearfix\"><\/div>\r\n\t\t\t\t<\/div>\r\n\t\t\t<\/div>\r\n\t\t\t\n<p>[\/et_pb_text][\/et_pb_column][\/et_pb_row][et_pb_row module_id=&#8221;inpghdng&#8221; _builder_version=&#8221;4.22.1&#8243; _module_preset=&#8221;default&#8221; global_colors_info=&#8221;{}&#8221;][et_pb_column type=&#8221;4_4&#8243; _builder_version=&#8221;4.22.1&#8243; _module_preset=&#8221;default&#8221; global_colors_info=&#8221;{}&#8221;][et_pb_text _builder_version=&#8221;4.22.1&#8243; _module_preset=&#8221;default&#8221; header_text_color=&#8221;#FFFFFF&#8221; header_font_size=&#8221;60px&#8221; header_font_size_tablet=&#8221;50px&#8221; header_font_size_phone=&#8221;40px&#8221; header_font_size_last_edited=&#8221;on|phone&#8221; header_text_shadow_style=&#8221;preset2&#8243; header_text_shadow_horizontal_length=&#8221;0.01em&#8221; header_text_shadow_vertical_length=&#8221;0.03em&#8221; global_colors_info=&#8221;{}&#8221;]<\/p>\n<h1>NORDSKILLS<\/h1>\n<p>[\/et_pb_text][\/et_pb_column][\/et_pb_row][\/et_pb_section][et_pb_section fb_built=&#8221;1&#8243; _builder_version=&#8221;4.22.1&#8243; _module_preset=&#8221;default&#8221; custom_padding=&#8221;80px||||false|false&#8221; global_colors_info=&#8221;{}&#8221;][et_pb_row column_structure=&#8221;2_3,1_3&#8243; _builder_version=&#8221;4.22.1&#8243; _module_preset=&#8221;default&#8221; max_width=&#8221;980px&#8221; custom_padding=&#8221;0px||60px||false|false&#8221; border_width_bottom=&#8221;2px&#8221; border_color_bottom=&#8221;#E3DCD5&#8243; locked=&#8221;off&#8221; global_colors_info=&#8221;{}&#8221;][et_pb_column type=&#8221;2_3&#8243; _builder_version=&#8221;4.22.1&#8243; _module_preset=&#8221;default&#8221; global_colors_info=&#8221;{}&#8221;][et_pb_text _builder_version=&#8221;4.27.4&#8243; _module_preset=&#8221;default&#8221; text_font=&#8221;|300|||||||&#8221; global_colors_info=&#8221;{}&#8221;]<\/p>\n<p><strong>Nuorten sopeutumiskyvyn ja luontoyhteyden vahvistaminen omavaraisuuskasvatuksen avulla<\/strong><\/p>\n<p>Heikentyv\u00e4n ihmisen ja luonnon v\u00e4lisen suhteen sek\u00e4 ep\u00e4varmuuden aikakaudella Nordskills-hanke edist\u00e4\u00e4 nuorten omavaraisuusk\u00e4yt\u00e4nt\u00f6j\u00e4 Pohjoismaissa vahvistaakseen heid\u00e4n sopeutumiskyky\u00e4\u00e4n ilmastonmuutokseen ja muihin kriiseihin. Hanke kehitt\u00e4\u00e4 ja toteuttaa soveltavaa ja pitk\u00e4j\u00e4nteist\u00e4 omavaraisuuskasvatusta kouluissa Suomessa ja Ruotsissa. <\/p>\n<p>Painopisteen\u00e4 on oppijal\u00e4ht\u00f6inen omavaraisuuteen perustuva ymp\u00e4rist\u00f6kasvatus, joka jakautuu kolmeen osa-alueeseen:<\/p>\n<ol>\n<li><strong>Omavaraisuuskasvatus koulun ekokerhoissa<\/strong><br \/>Osallistujat harjoittelevat monivuotisia &#8221;pellolta p\u00f6yt\u00e4\u00e4n&#8221; -k\u00e4yt\u00e4nt\u00f6j\u00e4, jotka tarjoavat syv\u00e4llisi\u00e4 taitoja omavaraisen viljelyn, jalostuksen ja kulutuksen tarpeista ja mahdollisuuksista.<\/li>\n<li><strong>Intensiiviset k\u00e4yt\u00e4nn\u00f6n oppimismoduulit<\/strong><br \/>Moduulit keskittyv\u00e4t luonnonvaraisen ruoan k\u00e4ytt\u00f6\u00f6n, uudistavaan tee-se-itse-vesiviljelyyn sek\u00e4 arkitavaroiden korjaamiseen ja uudelleenk\u00e4ytt\u00f6\u00f6n eri oppijatasoilla, laajentaen omavaraisuustaitojen omaksumista.<\/li>\n<li><strong>Pedagoginen arviointi ja kehitt\u00e4minen<\/strong><br \/>Hankkeessa testattuja omavaraisuuskasvatuksen menetelmi\u00e4 ja malleja kehitet\u00e4\u00e4n yhdess\u00e4 opettajien, nuorten ja kasvatuksen asiantuntijoiden kanssa yhteisluovassa prosessissa.<\/li>\n<\/ol>\n<p>Hankkeen aikana osallistujat jakavat aktiivisesti kokemuksiaan yli rajojen digitaalisin keinoin, kuten omavaraisuustarinoiden portaalin, Nordskillsin virtuaalisten oppimisymp\u00e4rist\u00f6jen ja pohjoismaisen omavaraisuuskasvatuksen pakopelipedagogiikan avulla.<\/p>\n<section class=\"section\"><\/section>\n<p>[\/et_pb_text][et_pb_gallery _builder_version=&#8221;4.27.4&#8243; _module_preset=&#8221;default&#8221; gallery_ids=&#8221;312343&#8243; hover_enabled=&#8221;0&#8243; sticky_enabled=&#8221;0&#8243; posts_number=&#8221;1&#8243; show_title_and_caption=&#8221;off&#8221; module_alignment=&#8221;center&#8221;][\/et_pb_gallery][\/et_pb_column][et_pb_column type=&#8221;1_3&#8243; _builder_version=&#8221;4.22.1&#8243; _module_preset=&#8221;default&#8221; global_colors_info=&#8221;{}&#8221;][et_pb_image src=&#8221;https:\/\/aktion.fi\/wp-content\/uploads\/2025\/09\/InterregAurora_NORDSKILLS.jpg&#8221; alt=&#8221;EU logo medfinansieras av Europeiska unionen&#8221; title_text=&#8221;InterregAurora_NORDSKILLS&#8221; url=&#8221;https:\/\/www.interregaurora.eu\/approved-projects\/nordskills\/&#8221; _builder_version=&#8221;4.27.4&#8243; _module_preset=&#8221;default&#8221; global_colors_info=&#8221;{}&#8221;][\/et_pb_image][et_pb_text _builder_version=&#8221;4.27.4&#8243; _module_preset=&#8221;default&#8221; text_font=&#8221;|300|||||||&#8221; global_colors_info=&#8221;{}&#8221;]<\/p>\n<p><b>P\u00e4\u00e4toteuttaja EU:<br \/><\/b>It\u00e4-Suomen yliopisto (University of Eastern Finland)<\/p>\n<p><strong>Hankekumppanit:<br \/><\/strong>Aktion \u00d6sterbotten rf<br \/>Maaseudun Sivistysliiton Joensuun kulttuuriyhdistys ry<br \/>Ume\u00e5 kommun<br \/>Ume\u00e5 Universitet<\/p>\n<p><strong>Hanketyyppi<\/strong><br \/>Tavallinen projekti<\/p>\n<p><strong>Osa-alue<\/strong><br \/>Aurora<\/p>\n<p><strong>Painopiste<\/strong><br \/>Vihre\u00e4 ja kest\u00e4v\u00e4 siirtym\u00e4<\/p>\n<p><strong>Erityistavoite<\/strong><br \/>Ilmastonmuutokseen sopeutuminen<\/p>\n<p><strong>Hankkeen kesto<\/strong><br \/>1.10.2025 \u2013 30.9.2028<\/p>\n<p><strong>Kokonaisbudjetti<\/strong><br \/>1\u202f058\u202f319 Euro<\/p>\n<p><strong>EU-rahoitus (Interreg Aurora):<\/strong><span> <\/span><br \/>687\u202f907 Euro<\/p>\n<p><strong>Tila<\/strong><br \/>K\u00e4ynniss\u00e4<\/p>\n<p><strong>Yhteyshenkil\u00f6<\/strong><\/p>\n<p><span>Moritz Albrecht<\/span><br \/><span>Projektip\u00e4\u00e4llikk\u00f6, University of Eastern Finland<\/span><br \/><a href=\"mailto:moritz.albrecht@uef.fi\">moritz.albrecht@uef.fi<\/a><\/p>\n<p>[\/et_pb_text][et_pb_button button_url=&#8221;https:\/\/www.interregaurora.eu\/approved-projects\/nordskills\/&#8221; button_text=&#8221;Nordskills &#8211; Interreg Aurora&#8221; _builder_version=&#8221;4.27.4&#8243; _module_preset=&#8221;default&#8221; hover_enabled=&#8221;0&#8243; global_colors_info=&#8221;{}&#8221; sticky_enabled=&#8221;0&#8243;][\/et_pb_button][\/et_pb_column][\/et_pb_row][\/et_pb_section]<\/p>\n","protected":false},"excerpt":{"rendered":"<p>\t\t\t<!-- Flexy Breadcrumb -->\r\n\t\t\t<div class=\"fbc fbc-page\">\r\n\r\n\t\t\t\t<!-- Breadcrumb wrapper -->\r\n\t\t\t\t<div class=\"fbc-wrap\">\r\n\r\n\t\t\t\t\t<!-- Ordered list-->\r\n\t\t\t\t\t<ol class=\"fbc-items\" itemscope itemtype=\"https:\/\/schema.org\/BreadcrumbList\">\r\n\t\t\t\t\t\t            <li itemprop=\"itemListElement\" itemscope itemtype=\"https:\/\/schema.org\/ListItem\">\r\n                <span itemprop=\"name\">\r\n                    <!-- Home Link -->\r\n                    <a itemprop=\"item\" href=\"https:\/\/aktion.fi\">\r\n                    \r\n                                                    <i class=\"fa fa-home\" aria-hidden=\"true\"><\/i>Home                    <\/a>\r\n                <\/span>\r\n                <meta itemprop=\"position\" content=\"1\" \/><!-- Meta Position-->\r\n             <\/li><li><span class=\"fbc-separator\">\/<\/span><\/li><li class=\"active\" itemprop=\"itemListElement\" itemscope itemtype=\"https:\/\/schema.org\/ListItem\"><span itemprop=\"name\" title=\"Blogi\">Blogi<\/span><meta itemprop=\"position\" content=\"2\" \/><\/li>\t\t\t\t\t<\/ol>\r\n\t\t\t\t\t<div class=\"clearfix\"><\/div>\r\n\t\t\t\t<\/div>\r\n\t\t\t<\/div>\r\n\t\t\tNORDSKILLSNuorten sopeutumiskyvyn ja luontoyhteyden vahvistaminen omavaraisuuskasvatuksen avulla Heikentyv\u00e4n ihmisen ja luonnon v\u00e4lisen suhteen sek\u00e4 ep\u00e4varmuuden aikakaudella Nordskills-hanke edist\u00e4\u00e4 nuorten omavaraisuusk\u00e4yt\u00e4nt\u00f6j\u00e4 Pohjoismaissa vahvistaakseen heid\u00e4n sopeutumiskyky\u00e4\u00e4n ilmastonmuutokseen ja muihin kriiseihin. Hanke kehitt\u00e4\u00e4 [&hellip;]<\/p>\n","protected":false},"author":3,"featured_media":312343,"parent":0,"menu_order":0,"comment_status":"closed","ping_status":"closed","template":"","meta":{"_acf_changed":false,"_et_pb_use_builder":"on","_et_pb_old_content":"","_et_gb_content_width":"","footnotes":""},"class_list":["post-312357","page","type-page","status-publish","has-post-thumbnail","hentry"],"acf":[],"_links":{"self":[{"href":"https:\/\/aktion.fi\/fi\/wp-json\/wp\/v2\/pages\/312357","targetHints":{"allow":["GET"]}}],"collection":[{"href":"https:\/\/aktion.fi\/fi\/wp-json\/wp\/v2\/pages"}],"about":[{"href":"https:\/\/aktion.fi\/fi\/wp-json\/wp\/v2\/types\/page"}],"author":[{"embeddable":true,"href":"https:\/\/aktion.fi\/fi\/wp-json\/wp\/v2\/users\/3"}],"replies":[{"embeddable":true,"href":"https:\/\/aktion.fi\/fi\/wp-json\/wp\/v2\/comments?post=312357"}],"version-history":[{"count":5,"href":"https:\/\/aktion.fi\/fi\/wp-json\/wp\/v2\/pages\/312357\/revisions"}],"predecessor-version":[{"id":312367,"href":"https:\/\/aktion.fi\/fi\/wp-json\/wp\/v2\/pages\/312357\/revisions\/312367"}],"wp:featuredmedia":[{"embeddable":true,"href":"https:\/\/aktion.fi\/fi\/wp-json\/wp\/v2\/media\/312343"}],"wp:attachment":[{"href":"https:\/\/aktion.fi\/fi\/wp-json\/wp\/v2\/media?parent=312357"}],"curies":[{"name":"wp","href":"https:\/\/api.w.org\/{rel}","templated":true}]}}