{"id":312637,"date":"2025-09-24T12:23:53","date_gmt":"2025-09-24T09:23:53","guid":{"rendered":"https:\/\/aktion.fi\/sbar-viisas-kyla-varautuu\/"},"modified":"2025-12-03T11:55:20","modified_gmt":"2025-12-03T08:55:20","slug":"sbar-viisas-kyla-varautuu","status":"publish","type":"page","link":"https:\/\/aktion.fi\/fi\/sbar-viisas-kyla-varautuu\/","title":{"rendered":"SB\u00c4R &#8211; Viisas kyl\u00e4 varautuu"},"content":{"rendered":"<p>[et_pb_section fb_built=&#8221;1&#8243; fullwidth=&#8221;on&#8221; custom_padding_last_edited=&#8221;on|desktop&#8221; module_id=&#8221;mbantp1&#8243; _builder_version=&#8221;4.27.4&#8243; _module_preset=&#8221;default&#8221; background_color=&#8221;#FFFFFF&#8221; background_image=&#8221;https:\/\/aktion.fi\/wp-content\/uploads\/2025\/10\/landsbyggare-kotisivukuvia-5.png&#8221; module_alignment=&#8221;center&#8221; min_height_tablet=&#8221;&#8221; min_height_phone=&#8221;&#8221; min_height_last_edited=&#8221;on|desktop&#8221; height=&#8221;388px&#8221; custom_padding=&#8221;10%|20%|10%|20%|true|true&#8221; custom_padding_tablet=&#8221;|15%||15%|true|true&#8221; custom_padding_phone=&#8221;|15%||15%|true|true&#8221; saved_tabs=&#8221;all&#8221; global_colors_info=&#8221;{}&#8221;][et_pb_fullwidth_header title=&#8221;SB\u00c4R &#8211; Viisas kyl\u00e4 varautuu&#8221; title_last_edited=&#8221;off|desktop&#8221; _builder_version=&#8221;4.22.1&#8243; _module_preset=&#8221;default&#8221; title_text_align=&#8221;center&#8221; title_font_size=&#8221;60px&#8221; content_font=&#8221;|300|||||||&#8221; content_font_size=&#8221;20px&#8221; content_line_height=&#8221;1.55em&#8221; background_enable_color=&#8221;off&#8221; background_enable_image=&#8221;off&#8221; module_alignment=&#8221;center&#8221; custom_padding=&#8221;0px||0px||true|false&#8221; title_font_size_tablet=&#8221;50px&#8221; title_font_size_phone=&#8221;40px&#8221; title_font_size_last_edited=&#8221;on|phone&#8221; title_text_shadow_style=&#8221;preset2&#8243; title_text_shadow_horizontal_length=&#8221;0.01em&#8221; title_text_shadow_vertical_length=&#8221;0.03em&#8221; global_colors_info=&#8221;{}&#8221;][\/et_pb_fullwidth_header][\/et_pb_section][et_pb_section fb_built=&#8221;1&#8243; module_id=&#8221;our-op&#8221; _builder_version=&#8221;4.22.1&#8243; _module_preset=&#8221;default&#8221; custom_padding=&#8221;70px||70px||true|false&#8221; global_colors_info=&#8221;{}&#8221;][et_pb_row _builder_version=&#8221;4.22.1&#8243; _module_preset=&#8221;default&#8221; custom_padding=&#8221;0px||0px||true|false&#8221; global_colors_info=&#8221;{}&#8221;][et_pb_column type=&#8221;4_4&#8243; _builder_version=&#8221;4.22.1&#8243; _module_preset=&#8221;default&#8221; global_colors_info=&#8221;{}&#8221;][et_pb_text _builder_version=&#8221;4.27.4&#8243; _module_preset=&#8221;default&#8221; custom_margin=&#8221;40px||40px||true|false&#8221; header_2_font_size_tablet=&#8221;22px&#8221; header_2_font_size_phone=&#8221;22px&#8221; header_2_font_size_last_edited=&#8221;on|tablet&#8221; global_colors_info=&#8221;{}&#8221;]<\/p>\n<h2>Viisas kyl\u00e4 varautuu<\/h2>\n<p>[\/et_pb_text][et_pb_text _builder_version=&#8221;4.27.4&#8243; _module_preset=&#8221;default&#8221; global_colors_info=&#8221;{}&#8221;]<\/p>\n<p><span>Viisas kyl\u00e4 varautuu on Pohjanmaan maaseutukylille suunnattu kehitt\u00e4mishanke, jonka tavoitteena on vahvistaa kylien kriisivalmiutta, yhteis\u00f6llisyytt\u00e4 ja kulttuurista kest\u00e4vyytt\u00e4. Hanke yhdist\u00e4\u00e4 asiantuntijatuen, pelilliset menetelm\u00e4t ja paikallisen osaamisen \u2013 luoden mallin, jota voidaan hy\u00f6dynt\u00e4\u00e4 my\u00f6s muualla Suomessa ja kansainv\u00e4lisesti.  <\/span><\/p>\n<blockquote>\n<p><strong>Hanke on Euroopan unioini osarahoittama.<\/strong><\/p>\n<\/blockquote>\n<p>[\/et_pb_text][\/et_pb_column][\/et_pb_row][et_pb_row column_structure=&#8221;1_3,1_3,1_3&#8243; _builder_version=&#8221;4.22.1&#8243; _module_preset=&#8221;default&#8221; max_width=&#8221;980px&#8221; locked=&#8221;off&#8221; global_colors_info=&#8221;{}&#8221;][et_pb_column type=&#8221;1_3&#8243; _builder_version=&#8221;4.22.1&#8243; _module_preset=&#8221;default&#8221; global_colors_info=&#8221;{}&#8221;][et_pb_text _builder_version=&#8221;4.27.4&#8243; _module_preset=&#8221;default&#8221; background_color=&#8221;#E3DCD5&#8243; module_alignment=&#8221;center&#8221; height=&#8221;429px&#8221; global_colors_info=&#8221;{}&#8221;]<\/p>\n<h5 style=\"text-align: center;\"><\/h5>\n<h3 style=\"text-align: center;\"><strong>Miksi t\u00e4m\u00e4 hanke on t\u00e4rke\u00e4?<\/strong><\/h3>\n<ul style=\"text-align: center;\"><\/ul>\n<ul>\n<li style=\"list-style-type: none;\">\n<ul>\n<li>Ilmastonmuutos, globaalit kriisit ja teknologiset h\u00e4iri\u00f6t vaativat paikallista varautumista.<\/li>\n<li>Kyl\u00e4yhteis\u00f6t ovat avainasemassa huoltovarmuuden ja kriisinkest\u00e4vyyden rakentamisessa.<\/li>\n<li>Yhteis\u00f6llisyys, naapuriapu ja paikallistuntemus t\u00e4ydent\u00e4v\u00e4t viranomaisvalmiutta.<\/li>\n<\/ul>\n<\/li>\n<\/ul>\n<p>[\/et_pb_text][\/et_pb_column][et_pb_column type=&#8221;1_3&#8243; _builder_version=&#8221;4.22.1&#8243; _module_preset=&#8221;default&#8221; global_colors_info=&#8221;{}&#8221;][et_pb_text _builder_version=&#8221;4.27.4&#8243; _module_preset=&#8221;default&#8221; background_color=&#8221;#E3DCD5&#8243; module_alignment=&#8221;center&#8221; height=&#8221;429px&#8221; global_colors_info=&#8221;{}&#8221;]<\/p>\n<h5 style=\"text-align: center;\"><\/h5>\n<h3 style=\"text-align: center;\"><strong>Hankkeen tavoitteet<\/p>\n<p><\/strong><\/h3>\n<ul>\n<li style=\"list-style-type: none;\">\n<ul>\n<li>Vahvistaa maaseutuyhteis\u00f6jen kriisivalmiutta ja resilienssi\u00e4.<\/li>\n<li>Parantaa paikallista huoltovarmuutta ja ruokaturvaa.<\/li>\n<li>Kehitt\u00e4\u00e4 yhteisty\u00f6t\u00e4 kylien, kuntien, viranomaisten ja j\u00e4rjest\u00f6jen v\u00e4lill\u00e4.<\/li>\n<li>Tukea henkist\u00e4 hyvinvointia ja yhteis\u00f6llist\u00e4 selviytymiskyky\u00e4.<\/li>\n<li>Luoda innostava ja pelillistetty toimintamalli, joka j\u00e4\u00e4 el\u00e4m\u00e4\u00e4n hankkeen j\u00e4lkeen.<\/li>\n<\/ul>\n<\/li>\n<\/ul>\n<p>[\/et_pb_text][\/et_pb_column][et_pb_column type=&#8221;1_3&#8243; _builder_version=&#8221;4.22.1&#8243; _module_preset=&#8221;default&#8221; global_colors_info=&#8221;{}&#8221;][et_pb_text _builder_version=&#8221;4.27.4&#8243; _module_preset=&#8221;default&#8221; background_color=&#8221;#E3DCD5&#8243; module_alignment=&#8221;center&#8221; height=&#8221;429px&#8221; global_colors_info=&#8221;{}&#8221;]<\/p>\n<h5 style=\"text-align: center;\"><\/h5>\n<h3 style=\"text-align: center;\"><strong>Kenelle hanke on suunnattu?<\/strong><\/h3>\n<ul><\/ul>\n<ul style=\"text-align: center;\"><\/ul>\n<ul>\n<li style=\"list-style-type: none;\">\n<ul>\n<li>Maaseudun asukkaille<\/li>\n<li>Kyl\u00e4yhdistyksille ja paikallisille j\u00e4rjest\u00f6ille<\/li>\n<li>Viljelij\u00f6ille ja elintarviketuottajille<\/li>\n<li>Kunnille, hyvinvointialueille ja viranomaisille<\/li>\n<\/ul>\n<\/li>\n<\/ul>\n<p>[\/et_pb_text][\/et_pb_column][\/et_pb_row][et_pb_row _builder_version=&#8221;4.27.4&#8243; _module_preset=&#8221;default&#8221; global_colors_info=&#8221;{}&#8221;][et_pb_column type=&#8221;4_4&#8243; _builder_version=&#8221;4.27.4&#8243; _module_preset=&#8221;default&#8221; global_colors_info=&#8221;{}&#8221;][et_pb_text _builder_version=&#8221;4.27.4&#8243; _module_preset=&#8221;default&#8221; global_colors_info=&#8221;{}&#8221;]<\/p>\n<h3><strong>Mit\u00e4 hankkeessa tehd\u00e4\u00e4n?<\/strong><\/h3>\n<p>Hanke on jaettu kolmeen ty\u00f6pakettiin:<\/p>\n<p>[\/et_pb_text][\/et_pb_column][\/et_pb_row][et_pb_row column_structure=&#8221;1_3,1_3,1_3&#8243; _builder_version=&#8221;4.22.1&#8243; _module_preset=&#8221;default&#8221; custom_padding=&#8221;0px||0px||true|false&#8221; global_colors_info=&#8221;{}&#8221;][et_pb_column type=&#8221;1_3&#8243; _builder_version=&#8221;4.22.1&#8243; _module_preset=&#8221;default&#8221; global_colors_info=&#8221;{}&#8221;][et_pb_blurb title=&#8221;1. Varautumisen taidot ja kriisivalmius&#8221; module_class=&#8221;blbtp1&#8243; _builder_version=&#8221;4.27.4&#8243; _module_preset=&#8221;default&#8221; header_level=&#8221;h3&#8243; header_text_color=&#8221;#0070A8&#8243; body_font=&#8221;|300|||||||&#8221; locked=&#8221;off&#8221; global_colors_info=&#8221;{}&#8221;]<\/p>\n<ul>\n<li>Pelilliset harjoitukset (esim. s\u00e4hk\u00f6katko, myrsky, evakuointi)<\/li>\n<li>Ty\u00f6pajat (ensiapu, kotivara, energians\u00e4\u00e4st\u00f6)<\/li>\n<li>Kyl\u00e4kohtaiset turvallisuussuunnitelmat<\/li>\n<\/ul>\n<p>[\/et_pb_blurb][\/et_pb_column][et_pb_column type=&#8221;1_3&#8243; _builder_version=&#8221;4.22.1&#8243; _module_preset=&#8221;default&#8221; global_colors_info=&#8221;{}&#8221;][et_pb_blurb title=&#8221;2. Yhteis\u00f6llisyys ja kulttuurinen kest\u00e4vyys&#8221; module_class=&#8221;blbtp1&#8243; _builder_version=&#8221;4.27.4&#8243; _module_preset=&#8221;default&#8221; header_level=&#8221;h3&#8243; header_text_color=&#8221;#0070A8&#8243; body_font=&#8221;|300|||||||&#8221; locked=&#8221;off&#8221; global_colors_info=&#8221;{}&#8221;]<\/p>\n<ul>\n<li>Kohtaamispaikat ja yhteiset tapahtumat<\/li>\n<li>Naapuriapu- ja vertaistukimallit<\/li>\n<li>Henkisen resilienssin koulutukset<\/li>\n<\/ul>\n<p>[\/et_pb_blurb][\/et_pb_column][et_pb_column type=&#8221;1_3&#8243; _builder_version=&#8221;4.22.1&#8243; _module_preset=&#8221;default&#8221; global_colors_info=&#8221;{}&#8221;][et_pb_blurb title=&#8221;3. Viestint\u00e4, pelillist\u00e4minen ja vaikuttavuus&#8221; module_class=&#8221;blbtp1&#8243; _builder_version=&#8221;4.27.4&#8243; _module_preset=&#8221;default&#8221; header_level=&#8221;h3&#8243; header_text_color=&#8221;#0070A8&#8243; body_font=&#8221;|300|||||||&#8221; locked=&#8221;off&#8221; global_colors_info=&#8221;{}&#8221;]<\/p>\n<ul>\n<li>Monikanavainen viestint\u00e4<\/li>\n<li>Tarinankerronta ja hyvien k\u00e4yt\u00e4nt\u00f6jen jakaminen<\/li>\n<li>Osallistuminen Pohjanmaan varautumisviikkoon<\/li>\n<\/ul>\n<p>[\/et_pb_blurb][\/et_pb_column][\/et_pb_row][et_pb_row column_structure=&#8221;1_2,1_4,1_4&#8243; _builder_version=&#8221;4.27.4&#8243; _module_preset=&#8221;default&#8221; global_colors_info=&#8221;{}&#8221;][et_pb_column type=&#8221;1_2&#8243; _builder_version=&#8221;4.27.4&#8243; _module_preset=&#8221;default&#8221; global_colors_info=&#8221;{}&#8221;][et_pb_text _builder_version=&#8221;4.27.4&#8243; _module_preset=&#8221;default&#8221; global_colors_info=&#8221;{}&#8221;]<\/p>\n<h3><strong>Hankekumppanit<\/strong><\/h3>\n<p>Projektet genomf\u00f6rs av Aktion \u00d6sterbotten r.f. i samarbete med SLF \u2013 Svenska lantbrukss\u00e4llskapens f\u00f6rbund. <\/p>\n<h3><strong>Aikataulu<\/strong><\/h3>\n<p>Hanke k\u00e4ynnistyi syksyll\u00e4 2025 ja jatkuu vuoden 2027 loppuun. Toimenpiteet etenev\u00e4t vaiheittain ty\u00f6pajoista ja koulutuksista yhteis\u00f6llisiin tapahtumiin ja mallien levitykseen. <\/p>\n<p>[\/et_pb_text][\/et_pb_column][et_pb_column type=&#8221;1_4&#8243; _builder_version=&#8221;4.27.4&#8243; _module_preset=&#8221;default&#8221; global_colors_info=&#8221;{}&#8221;][et_pb_cta title=&#8221;Kiinnostaako yhteisty\u00f6? Ota yhteytt\u00e4! &#8221; _builder_version=&#8221;4.27.4&#8243; _module_preset=&#8221;default&#8221; global_colors_info=&#8221;{}&#8221;][\/et_pb_cta][\/et_pb_column][et_pb_column type=&#8221;1_4&#8243; _builder_version=&#8221;4.27.4&#8243; _module_preset=&#8221;default&#8221; global_colors_info=&#8221;{}&#8221;][et_pb_text _builder_version=&#8221;4.27.4&#8243; _module_preset=&#8221;default&#8221; global_colors_info=&#8221;{}&#8221;]<\/p>\n<h4 class=\"et_pb_module_header\">Frida L\u00e4hdesm\u00e4ki Dahlin<\/h4>\n<p>Aktion \u00d6sterbotten<\/p>\n<p class=\"et_pb_member_position\">050 441 9126<\/p>\n<div>\n<p><a href=\"mailto:frida.dahlin@aktion.fi\">frida@aktion.fi<\/a><\/p>\n<p>&nbsp;<\/p>\n<h4>Roger Norrg\u00e5rd<\/h4>\n<p>Svenskfinlands Byar<\/p>\n<p>044 729 3601<\/p>\n<div>\n<p>roger.norrgard@slf.fi<\/p>\n<\/div>\n<\/div>\n<p>[\/et_pb_text][\/et_pb_column][\/et_pb_row][\/et_pb_section][et_pb_section fb_built=&#8221;1&#8243; module_id=&#8221;featsectp1&#8243; _builder_version=&#8221;4.22.1&#8243; _module_preset=&#8221;default&#8221; custom_padding=&#8221;20px||80px||false|false&#8221; global_colors_info=&#8221;{}&#8221;][\/et_pb_section]<\/p>\n","protected":false},"excerpt":{"rendered":"<p>Viisas kyl\u00e4 varautuuViisas kyl\u00e4 varautuu on Pohjanmaan maaseutukylille suunnattu kehitt\u00e4mishanke, jonka tavoitteena on vahvistaa kylien kriisivalmiutta, yhteis\u00f6llisyytt\u00e4 ja kulttuurista kest\u00e4vyytt\u00e4. Hanke yhdist\u00e4\u00e4 asiantuntijatuen, pelilliset menetelm\u00e4t ja paikallisen osaamisen \u2013 luoden [&hellip;]<\/p>\n","protected":false},"author":3,"featured_media":312823,"parent":0,"menu_order":0,"comment_status":"closed","ping_status":"closed","template":"","meta":{"_acf_changed":false,"_et_pb_use_builder":"on","_et_pb_old_content":"","_et_gb_content_width":"","footnotes":""},"class_list":["post-312637","page","type-page","status-publish","has-post-thumbnail","hentry"],"acf":[],"_links":{"self":[{"href":"https:\/\/aktion.fi\/fi\/wp-json\/wp\/v2\/pages\/312637","targetHints":{"allow":["GET"]}}],"collection":[{"href":"https:\/\/aktion.fi\/fi\/wp-json\/wp\/v2\/pages"}],"about":[{"href":"https:\/\/aktion.fi\/fi\/wp-json\/wp\/v2\/types\/page"}],"author":[{"embeddable":true,"href":"https:\/\/aktion.fi\/fi\/wp-json\/wp\/v2\/users\/3"}],"replies":[{"embeddable":true,"href":"https:\/\/aktion.fi\/fi\/wp-json\/wp\/v2\/comments?post=312637"}],"version-history":[{"count":5,"href":"https:\/\/aktion.fi\/fi\/wp-json\/wp\/v2\/pages\/312637\/revisions"}],"predecessor-version":[{"id":312829,"href":"https:\/\/aktion.fi\/fi\/wp-json\/wp\/v2\/pages\/312637\/revisions\/312829"}],"wp:featuredmedia":[{"embeddable":true,"href":"https:\/\/aktion.fi\/fi\/wp-json\/wp\/v2\/media\/312823"}],"wp:attachment":[{"href":"https:\/\/aktion.fi\/fi\/wp-json\/wp\/v2\/media?parent=312637"}],"curies":[{"name":"wp","href":"https:\/\/api.w.org\/{rel}","templated":true}]}}