{"id":313268,"date":"2026-02-16T16:16:31","date_gmt":"2026-02-16T13:16:31","guid":{"rendered":"https:\/\/aktion.fi\/?page_id=313268"},"modified":"2026-02-16T16:18:18","modified_gmt":"2026-02-16T13:18:18","slug":"kotona-maaseudulla-pitovoimaa-yrittajyydesta","status":"publish","type":"page","link":"https:\/\/aktion.fi\/fi\/tietoameista\/omat-hankkeet\/kotona-maaseudulla-pitovoimaa-yrittajyydesta\/","title":{"rendered":"Kotona maaseudulla \u2013 pitovoimaa yritt\u00e4jyydest\u00e4"},"content":{"rendered":"<p>[et_pb_section fb_built=&#8221;1&#8243; module_id=&#8221;mbantp2&#8243; _builder_version=&#8221;4.27.5&#8243; _module_preset=&#8221;default&#8221; background_color=&#8221;#FFFFFF&#8221; background_image=&#8221;https:\/\/aktion.fi\/wp-content\/uploads\/2025\/04\/IMG_4608-scaled.jpeg&#8221; module_alignment=&#8221;center&#8221; custom_padding=&#8221;6%|20%|6%|20%|true|true&#8221; hover_enabled=&#8221;0&#8243; saved_tabs=&#8221;all&#8221; global_colors_info=&#8221;{}&#8221; theme_builder_area=&#8221;post_content&#8221; title_text=&#8221;IMG_4608&#8243; sticky_enabled=&#8221;0&#8243;][et_pb_row module_id=&#8221;brdcrms&#8221; _builder_version=&#8221;4.22.1&#8243; _module_preset=&#8221;default&#8221; global_colors_info=&#8221;{}&#8221; theme_builder_area=&#8221;post_content&#8221;][et_pb_column type=&#8221;4_4&#8243; _builder_version=&#8221;4.22.1&#8243; _module_preset=&#8221;default&#8221; global_colors_info=&#8221;{}&#8221; theme_builder_area=&#8221;post_content&#8221;][et_pb_text _builder_version=&#8221;4.22.1&#8243; _module_preset=&#8221;default&#8221; global_colors_info=&#8221;{}&#8221; theme_builder_area=&#8221;post_content&#8221;]<\/p>\n\t\t\t<!-- Flexy Breadcrumb -->\r\n\t\t\t<div class=\"fbc fbc-page\">\r\n\r\n\t\t\t\t<!-- Breadcrumb wrapper -->\r\n\t\t\t\t<div class=\"fbc-wrap\">\r\n\r\n\t\t\t\t\t<!-- Ordered list-->\r\n\t\t\t\t\t<ol class=\"fbc-items\" itemscope itemtype=\"https:\/\/schema.org\/BreadcrumbList\">\r\n\t\t\t\t\t\t            <li itemprop=\"itemListElement\" itemscope itemtype=\"https:\/\/schema.org\/ListItem\">\r\n                <span itemprop=\"name\">\r\n                    <!-- Home Link -->\r\n                    <a itemprop=\"item\" href=\"https:\/\/aktion.fi\">\r\n                    \r\n                                                    <i class=\"fa fa-home\" aria-hidden=\"true\"><\/i>Home                    <\/a>\r\n                <\/span>\r\n                <meta itemprop=\"position\" content=\"1\" \/><!-- Meta Position-->\r\n             <\/li><li><span class=\"fbc-separator\">\/<\/span><\/li><li class=\"active\" itemprop=\"itemListElement\" itemscope itemtype=\"https:\/\/schema.org\/ListItem\"><span itemprop=\"name\" title=\"Blogi\">Blogi<\/span><meta itemprop=\"position\" content=\"2\" \/><\/li>\t\t\t\t\t<\/ol>\r\n\t\t\t\t\t<div class=\"clearfix\"><\/div>\r\n\t\t\t\t<\/div>\r\n\t\t\t<\/div>\r\n\t\t\t\n<p>[\/et_pb_text][\/et_pb_column][\/et_pb_row][et_pb_row module_id=&#8221;inpghdng&#8221; _builder_version=&#8221;4.22.1&#8243; _module_preset=&#8221;default&#8221; global_colors_info=&#8221;{}&#8221; theme_builder_area=&#8221;post_content&#8221;][et_pb_column type=&#8221;4_4&#8243; _builder_version=&#8221;4.22.1&#8243; _module_preset=&#8221;default&#8221; global_colors_info=&#8221;{}&#8221; theme_builder_area=&#8221;post_content&#8221;][et_pb_text _builder_version=&#8221;4.27.5&#8243; _module_preset=&#8221;default&#8221; header_text_color=&#8221;#FFFFFF&#8221; header_font_size=&#8221;60px&#8221; hover_enabled=&#8221;0&#8243; header_font_size_tablet=&#8221;50px&#8221; header_font_size_phone=&#8221;40px&#8221; header_font_size_last_edited=&#8221;on|phone&#8221; header_text_shadow_style=&#8221;preset2&#8243; header_text_shadow_horizontal_length=&#8221;0.01em&#8221; header_text_shadow_vertical_length=&#8221;0.03em&#8221; global_colors_info=&#8221;{}&#8221; theme_builder_area=&#8221;post_content&#8221; sticky_enabled=&#8221;0&#8243;]<\/p>\n<h1>Kotona maaseudulla &#8211; pitovoimaa yritt\u00e4jyydest\u00e4<\/h1>\n<p>[\/et_pb_text][\/et_pb_column][\/et_pb_row][\/et_pb_section][et_pb_section fb_built=&#8221;1&#8243; _builder_version=&#8221;4.22.1&#8243; _module_preset=&#8221;default&#8221; custom_padding=&#8221;80px||||false|false&#8221; global_colors_info=&#8221;{}&#8221; theme_builder_area=&#8221;post_content&#8221;][et_pb_row column_structure=&#8221;2_3,1_3&#8243; _builder_version=&#8221;4.22.1&#8243; _module_preset=&#8221;default&#8221; max_width=&#8221;980px&#8221; custom_padding=&#8221;0px||60px||false|false&#8221; border_width_bottom=&#8221;2px&#8221; border_color_bottom=&#8221;#E3DCD5&#8243; locked=&#8221;off&#8221; global_colors_info=&#8221;{}&#8221; theme_builder_area=&#8221;post_content&#8221;][et_pb_column type=&#8221;2_3&#8243; _builder_version=&#8221;4.22.1&#8243; _module_preset=&#8221;default&#8221; global_colors_info=&#8221;{}&#8221; theme_builder_area=&#8221;post_content&#8221;][et_pb_text _builder_version=&#8221;4.27.5&#8243; _module_preset=&#8221;default&#8221; text_font=&#8221;|300|||||||&#8221; hover_enabled=&#8221;0&#8243; global_colors_info=&#8221;{}&#8221; theme_builder_area=&#8221;post_content&#8221; sticky_enabled=&#8221;0&#8243;]<\/p>\n<p><strong>Kotona maaseudulla &#8211; pitovoimaa yritt\u00e4jyydest\u00e4<\/strong><\/p>\n<p>Kotona maaseudulla \u2013 pitovoimaa yritt\u00e4jyydest\u00e4 on valtakunnallinen kehitt\u00e4mishanke, joka vahvistaa maaseudun elinvoimaa ja tukee maahanmuuttaneiden mahdollisuuksia asettua, ty\u00f6llisty\u00e4 ja yritt\u00e4\u00e4 suomalaisessa maaseutuymp\u00e4rist\u00f6ss\u00e4.<\/p>\n<p>Hanke kehitt\u00e4\u00e4 konkreettisia ty\u00f6kaluja, toimintamalleja ja koulutuksia, joiden avulla yritt\u00e4jyydest\u00e4 kiinnostuneet maahanmuuttajat l\u00f6yt\u00e4v\u00e4t tietoa, verkostoja ja tukea yritystoiminnan aloittamiseen sek\u00e4 paikkakunnalle juurtumiseen.<\/p>\n<p>Tavoitteena on parantaa paikallisyhteis\u00f6jen ja kylien valmiuksia vastaanottaa kansainv\u00e4lisi\u00e4 osaajia sek\u00e4 hy\u00f6dynt\u00e4\u00e4 maahanmuuton tarjoamia mahdollisuuksia yritystoiminnassa, palveluissa ja alueellisessa kehitt\u00e4misess\u00e4.<\/p>\n<p>Hankkeessa hy\u00f6dynnet\u00e4\u00e4n kylien paikallistuntemusta, yritysverkostoja ja yhteis\u00f6l\u00e4ht\u00f6ist\u00e4 mentorointia \u2013 muun muassa Suomen Kylien kyl\u00e4kummimallia.<\/p>\n<p>Hanke tukee maahanmuuttaneiden yritt\u00e4jyysosaamista ja digivalmiuksia tarjoamalla valmennuksia, yritt\u00e4jyyskokeiluja, verkostoitumistapahtumia ja monikielisi\u00e4 materiaaleja. Digitaaliset ratkaisut \u2013 kuten verkkokoulutukset, ty\u00f6kirjat, et\u00e4tapahtumat ja verkostoitumisalustat \u2013 tekev\u00e4t osallistumisesta joustavaa my\u00f6s niille, jotka asuvat hajallaan maaseutualueilla.<\/p>\n<p>Hankkeen kohderyhmi\u00e4 ovat:<\/p>\n<ul>\n<li>maaseutukunnissa asuvat ja maaseudulle muuttoa harkitsevat maahanmuuttajat<\/li>\n<li>maaseudun yritt\u00e4j\u00e4t, jotka etsiv\u00e4t jatkajia liiketoiminnalleen<\/li>\n<li>kunnat, kehitysyhti\u00f6t, yhdistykset ja muut alueiden elinvoimaa vahvistavat toimijat<\/li>\n<li>kyl\u00e4yhteis\u00f6t, ty\u00f6llisyysalueet ja kuntien maahanmuuttopalvelut<\/li>\n<\/ul>\n<p>Hankkeen p\u00e4\u00e4tytty\u00e4 sen ty\u00f6kalut, toimintamallit ja uudet verkostot j\u00e4\u00e4v\u00e4t paikallisten toimijoiden k\u00e4ytt\u00f6\u00f6n, jotta maahanmuuttaneiden kotoutumista ja yritt\u00e4jyytt\u00e4 voidaan tukea my\u00f6s pitk\u00e4ll\u00e4 aikav\u00e4lill\u00e4.<\/p>\n<p>Hanke toteutetaan yhteisty\u00f6ss\u00e4 Startup Refugeesin, Suomen Yritt\u00e4j\u00e4opiston, Aktion \u00d6sterbottenin ja Suomen Kyl\u00e4t ry:n kanssa, ja sit\u00e4 osarahoittaa Euroopan unioni.<\/p>\n<section class=\"section\"><\/section>\n<p>[\/et_pb_text][\/et_pb_column][et_pb_column type=&#8221;1_3&#8243; _builder_version=&#8221;4.22.1&#8243; _module_preset=&#8221;default&#8221; global_colors_info=&#8221;{}&#8221; theme_builder_area=&#8221;post_content&#8221;][et_pb_image src=&#8221;https:\/\/aktion.fi\/wp-content\/uploads\/2025\/04\/FI-Euroopan-unionin-osarahoittama_PANTONE.png&#8221; alt=&#8221;EU logo Euroopan unionin osarahoittama&#8221; title_text=&#8221;FI Euroopan unionin osarahoittama_PANTONE&#8221; url=&#8221;https:\/\/www.interregaurora.eu\/approved-projects\/nordskills\/&#8221; _builder_version=&#8221;4.27.5&#8243; _module_preset=&#8221;default&#8221; hover_enabled=&#8221;0&#8243; global_colors_info=&#8221;{}&#8221; theme_builder_area=&#8221;post_content&#8221; sticky_enabled=&#8221;0&#8243;][\/et_pb_image][et_pb_text _builder_version=&#8221;4.27.5&#8243; _module_preset=&#8221;default&#8221; text_font=&#8221;|300|||||||&#8221; hover_enabled=&#8221;0&#8243; global_colors_info=&#8221;{}&#8221; theme_builder_area=&#8221;post_content&#8221; sticky_enabled=&#8221;0&#8243;]<\/p>\n<h6><strong>Hankekumppanit:<br \/><\/strong><\/h6>\n<p>Startup Refugees<\/p>\n<p>Suomen Yritt\u00e4j\u00e4opisto<\/p>\n<p>Aktion \u00d6sterbotten rf<\/p>\n<h6><b>Rahoittaja<\/b><\/h6>\n<p>H\u00e4meen ELY-keskus on my\u00f6nt\u00e4nyt hankkeelle EU:n maaseuturahoitusta. Hanke on Euroopan unionin osarahoittama. Julkinen tuki 100%.<\/p>\n<p><strong>Hankkeen kesto<\/strong><br \/><span>1.10.2025\u201330.9.2027<\/span><\/p>\n<p><strong>Alue<\/strong><br \/>Koko Suomi<\/p>\n<p><strong>Yhteyshenkil\u00f6<\/strong><\/p>\n<p><strong>Muntaser Al-Hamad <\/strong><br \/>Startup Refugees <br \/>044 236 3354 <br \/>muntaser@startuprefugees.com <\/p>\n<p><strong>Jiuliano Prisada <\/strong><br \/>Suomen Yritt\u00e4j\u00e4opisto <br \/>0500 664\u202f089 <br \/>jiuliano.prisada@syo.fi<\/p>\n<p><strong>Piritta Syrj\u00e4l\u00e4 <\/strong><br \/>Aktion \u00d6sterbotten <br \/>050 554 7669 <br \/>piritta.syrjala@aktion.fi<\/p>\n<p>&nbsp;<\/p>\n<p>[\/et_pb_text][et_pb_button button_url=&#8221;https:\/\/startuprefugees.com\/kotona-maaseudulla&#8221; button_text=&#8221;Lis\u00e4tietoja hankkeesta&#8221; _builder_version=&#8221;4.27.5&#8243; _module_preset=&#8221;default&#8221; hover_enabled=&#8221;0&#8243; global_colors_info=&#8221;{}&#8221; theme_builder_area=&#8221;post_content&#8221; url_new_window=&#8221;on&#8221; sticky_enabled=&#8221;0&#8243;][\/et_pb_button][\/et_pb_column][\/et_pb_row][\/et_pb_section]<\/p>\n","protected":false},"excerpt":{"rendered":"<p>\t\t\t<!-- Flexy Breadcrumb -->\r\n\t\t\t<div class=\"fbc fbc-page\">\r\n\r\n\t\t\t\t<!-- Breadcrumb wrapper -->\r\n\t\t\t\t<div class=\"fbc-wrap\">\r\n\r\n\t\t\t\t\t<!-- Ordered list-->\r\n\t\t\t\t\t<ol class=\"fbc-items\" itemscope itemtype=\"https:\/\/schema.org\/BreadcrumbList\">\r\n\t\t\t\t\t\t            <li itemprop=\"itemListElement\" itemscope itemtype=\"https:\/\/schema.org\/ListItem\">\r\n                <span itemprop=\"name\">\r\n                    <!-- Home Link -->\r\n                    <a itemprop=\"item\" href=\"https:\/\/aktion.fi\">\r\n                    \r\n                                                    <i class=\"fa fa-home\" aria-hidden=\"true\"><\/i>Home                    <\/a>\r\n                <\/span>\r\n                <meta itemprop=\"position\" content=\"1\" \/><!-- Meta Position-->\r\n             <\/li><li><span class=\"fbc-separator\">\/<\/span><\/li><li class=\"active\" itemprop=\"itemListElement\" itemscope itemtype=\"https:\/\/schema.org\/ListItem\"><span itemprop=\"name\" title=\"Blogi\">Blogi<\/span><meta itemprop=\"position\" content=\"2\" \/><\/li>\t\t\t\t\t<\/ol>\r\n\t\t\t\t\t<div class=\"clearfix\"><\/div>\r\n\t\t\t\t<\/div>\r\n\t\t\t<\/div>\r\n\t\t\tKotona maaseudulla &#8211; pitovoimaa yritt\u00e4jyydest\u00e4Kotona maaseudulla &#8211; pitovoimaa yritt\u00e4jyydest\u00e4 Kotona maaseudulla \u2013 pitovoimaa yritt\u00e4jyydest\u00e4 on valtakunnallinen kehitt\u00e4mishanke, joka vahvistaa maaseudun elinvoimaa ja tukee maahanmuuttaneiden mahdollisuuksia asettua, ty\u00f6llisty\u00e4 ja yritt\u00e4\u00e4 suomalaisessa [&hellip;]<\/p>\n","protected":false},"author":3,"featured_media":0,"parent":304566,"menu_order":0,"comment_status":"closed","ping_status":"closed","template":"","meta":{"_acf_changed":false,"_et_pb_use_builder":"on","_et_pb_old_content":"","_et_gb_content_width":"","footnotes":""},"class_list":["post-313268","page","type-page","status-publish","hentry"],"acf":[],"_links":{"self":[{"href":"https:\/\/aktion.fi\/fi\/wp-json\/wp\/v2\/pages\/313268","targetHints":{"allow":["GET"]}}],"collection":[{"href":"https:\/\/aktion.fi\/fi\/wp-json\/wp\/v2\/pages"}],"about":[{"href":"https:\/\/aktion.fi\/fi\/wp-json\/wp\/v2\/types\/page"}],"author":[{"embeddable":true,"href":"https:\/\/aktion.fi\/fi\/wp-json\/wp\/v2\/users\/3"}],"replies":[{"embeddable":true,"href":"https:\/\/aktion.fi\/fi\/wp-json\/wp\/v2\/comments?post=313268"}],"version-history":[{"count":4,"href":"https:\/\/aktion.fi\/fi\/wp-json\/wp\/v2\/pages\/313268\/revisions"}],"predecessor-version":[{"id":313277,"href":"https:\/\/aktion.fi\/fi\/wp-json\/wp\/v2\/pages\/313268\/revisions\/313277"}],"up":[{"embeddable":true,"href":"https:\/\/aktion.fi\/fi\/wp-json\/wp\/v2\/pages\/304566"}],"wp:attachment":[{"href":"https:\/\/aktion.fi\/fi\/wp-json\/wp\/v2\/media?parent=313268"}],"curies":[{"name":"wp","href":"https:\/\/api.w.org\/{rel}","templated":true}]}}